{"id":14852,"date":"2022-07-04T05:50:23","date_gmt":"2022-07-04T03:50:23","guid":{"rendered":"https:\/\/mahle-smartbike.com\/fahrrad-reservierung\/"},"modified":"2022-12-02T12:17:32","modified_gmt":"2022-12-02T12:17:32","slug":"fahrrad-reservierung","status":"publish","type":"page","link":"https:\/\/mahle-smartbike.com\/de\/fahrrad-reservierung\/","title":{"rendered":"Fahrrad-Reservierung"},"content":{"rendered":"\t\t<div data-elementor-type=\"wp-page\" data-elementor-id=\"14852\" class=\"elementor elementor-14852\" data-elementor-post-type=\"page\">\n\t\t\t\t\t\t<section class=\"elementor-section elementor-top-section elementor-element elementor-element-3523ef3 elementor-section-full_width sticky-inner-header elementor-section-height-min-height elementor-section-height-default elementor-section-items-middle\" data-id=\"3523ef3\" data-element_type=\"section\" data-settings=\"{&quot;background_background&quot;:&quot;classic&quot;,&quot;sticky&quot;:&quot;top&quot;,&quot;sticky_offset&quot;:72,&quot;sticky_on&quot;:[&quot;widescreen&quot;,&quot;desktop&quot;,&quot;tablet&quot;,&quot;mobile_extra&quot;,&quot;mobile&quot;],&quot;sticky_effects_offset&quot;:0,&quot;sticky_anchor_link_offset&quot;:0}\">\n\t\t\t\t\t\t<div class=\"elementor-container elementor-column-gap-default\">\n\t\t\t\t\t<div class=\"elementor-column elementor-col-100 elementor-top-column elementor-element elementor-element-20a0ed8\" data-id=\"20a0ed8\" data-element_type=\"column\">\n\t\t\t<div class=\"elementor-widget-wrap elementor-element-populated\">\n\t\t\t\t\t\t<section class=\"elementor-section elementor-inner-section elementor-element elementor-element-a7e57f6 elementor-section-content-middle elementor-section-boxed elementor-section-height-default elementor-section-height-default\" data-id=\"a7e57f6\" data-element_type=\"section\">\n\t\t\t\t\t\t<div class=\"elementor-container elementor-column-gap-default\">\n\t\t\t\t\t<div class=\"elementor-column elementor-col-50 elementor-inner-column elementor-element elementor-element-021dc10\" data-id=\"021dc10\" data-element_type=\"column\">\n\t\t\t<div class=\"elementor-widget-wrap elementor-element-populated\">\n\t\t\t\t\t\t<div class=\"elementor-element elementor-element-10c4576 elementor-widget elementor-widget-heading\" data-id=\"10c4576\" data-element_type=\"widget\" data-widget_type=\"heading.default\">\n\t\t\t\t<div class=\"elementor-widget-container\">\n\t\t\t\t\t<h3 class=\"elementor-heading-title elementor-size-default\">E-Bike-Reservierung<\/h3>\t\t\t\t<\/div>\n\t\t\t\t<\/div>\n\t\t\t\t\t<\/div>\n\t\t<\/div>\n\t\t\t\t<div class=\"elementor-column elementor-col-50 elementor-inner-column elementor-element elementor-element-2c553c7 elementor-hidden-mobile\" data-id=\"2c553c7\" data-element_type=\"column\">\n\t\t\t<div class=\"elementor-widget-wrap elementor-element-populated\">\n\t\t\t\t\t\t<div class=\"elementor-element elementor-element-8e309f6 elementor-icon-list--layout-inline elementor-align-right elementor-list-item-link-full_width elementor-widget elementor-widget-icon-list\" data-id=\"8e309f6\" data-element_type=\"widget\" data-widget_type=\"icon-list.default\">\n\t\t\t\t<div class=\"elementor-widget-container\">\n\t\t\t\t\t\t\t<ul class=\"elementor-icon-list-items elementor-inline-items\">\n\t\t\t\t\t\t\t<li class=\"elementor-icon-list-item elementor-inline-item\">\n\t\t\t\t\t\t\t\t\t\t\t<a href=\"#mahle-bike-reservierung\">\n\n\t\t\t\t\t\t\t\t\t\t\t<span class=\"elementor-icon-list-text\">Reservieren Sie ein E-Bike<\/span>\n\t\t\t\t\t\t\t\t\t\t\t<\/a>\n\t\t\t\t\t\t\t\t\t<\/li>\n\t\t\t\t\t\t<\/ul>\n\t\t\t\t\t\t<\/div>\n\t\t\t\t<\/div>\n\t\t\t\t\t<\/div>\n\t\t<\/div>\n\t\t\t\t\t<\/div>\n\t\t<\/section>\n\t\t\t\t\t<\/div>\n\t\t<\/div>\n\t\t\t\t\t<\/div>\n\t\t<\/section>\n\t\t\t\t<section class=\"elementor-section elementor-top-section elementor-element elementor-element-209cdbe8 elementor-section-full_width elementor-section-height-min-height elementor-section-height-default elementor-section-items-middle\" data-id=\"209cdbe8\" data-element_type=\"section\" data-settings=\"{&quot;background_background&quot;:&quot;classic&quot;}\">\n\t\t\t\t\t\t\t<div class=\"elementor-background-overlay\"><\/div>\n\t\t\t\t\t\t\t<div class=\"elementor-container elementor-column-gap-default\">\n\t\t\t\t\t<div class=\"elementor-column elementor-col-100 elementor-top-column elementor-element elementor-element-1416db2e\" data-id=\"1416db2e\" data-element_type=\"column\">\n\t\t\t<div class=\"elementor-widget-wrap elementor-element-populated\">\n\t\t\t\t\t\t<section class=\"elementor-section elementor-inner-section elementor-element elementor-element-2501883c elementor-section-content-middle elementor-section-boxed elementor-section-height-default elementor-section-height-default\" data-id=\"2501883c\" data-element_type=\"section\">\n\t\t\t\t\t\t<div class=\"elementor-container elementor-column-gap-default\">\n\t\t\t\t\t<div class=\"elementor-column elementor-col-100 elementor-inner-column elementor-element elementor-element-1d049c2e\" data-id=\"1d049c2e\" data-element_type=\"column\">\n\t\t\t<div class=\"elementor-widget-wrap elementor-element-populated\">\n\t\t\t\t\t\t<div class=\"elementor-element elementor-element-7e36d16f elementor-widget elementor-widget-heading\" data-id=\"7e36d16f\" data-element_type=\"widget\" data-widget_type=\"heading.default\">\n\t\t\t\t<div class=\"elementor-widget-container\">\n\t\t\t\t\t<h2 class=\"elementor-heading-title elementor-size-default\">E-Bike-Reservierung<\/h2>\t\t\t\t<\/div>\n\t\t\t\t<\/div>\n\t\t\t\t\t<\/div>\n\t\t<\/div>\n\t\t\t\t\t<\/div>\n\t\t<\/section>\n\t\t\t\t\t<\/div>\n\t\t<\/div>\n\t\t\t\t\t<\/div>\n\t\t<\/section>\n\t\t\t\t<section class=\"elementor-section elementor-top-section elementor-element elementor-element-742ba1a elementor-section-boxed elementor-section-height-default elementor-section-height-default\" data-id=\"742ba1a\" data-element_type=\"section\">\n\t\t\t\t\t\t<div class=\"elementor-container elementor-column-gap-default\">\n\t\t\t\t\t<div class=\"elementor-column elementor-col-100 elementor-top-column elementor-element elementor-element-ea4a1c0 elementor-invisible\" data-id=\"ea4a1c0\" data-element_type=\"column\" data-settings=\"{&quot;animation&quot;:&quot;fadeInUp&quot;}\">\n\t\t\t<div class=\"elementor-widget-wrap elementor-element-populated\">\n\t\t\t\t\t\t<section class=\"elementor-section elementor-inner-section elementor-element elementor-element-e9b06e4 elementor-section-boxed elementor-section-height-default elementor-section-height-default\" data-id=\"e9b06e4\" data-element_type=\"section\">\n\t\t\t\t\t\t<div class=\"elementor-container elementor-column-gap-default\">\n\t\t\t\t\t<div class=\"elementor-column elementor-col-33 elementor-inner-column elementor-element elementor-element-a6f104d\" data-id=\"a6f104d\" data-element_type=\"column\">\n\t\t\t<div class=\"elementor-widget-wrap\">\n\t\t\t\t\t\t\t<\/div>\n\t\t<\/div>\n\t\t\t\t<div class=\"elementor-column elementor-col-33 elementor-inner-column elementor-element elementor-element-09e0f08\" data-id=\"09e0f08\" data-element_type=\"column\">\n\t\t\t<div class=\"elementor-widget-wrap elementor-element-populated\">\n\t\t\t\t\t\t<div class=\"elementor-element elementor-element-2b1ed30 elementor-widget elementor-widget-text-editor\" data-id=\"2b1ed30\" data-element_type=\"widget\" data-widget_type=\"text-editor.default\">\n\t\t\t\t<div class=\"elementor-widget-container\">\n\t\t\t\t\t\t\t\t\tTreffen Sie uns und machen Sie eine Probefahrt mit unseren brandneuen X20 Series live auf der Eurobike in Frankfurt: W\u00e4hlen Sie hier bis zu zwei Fahrr\u00e4der Ihrer Wahl und Ihr 30-Minuten-Zeitfenster f\u00fcr eine exklusive Probefahrt. Wir freuen uns darauf, Sie pers\u00f6nlich zu treffen, um Ihnen ein pers\u00f6nliches Erlebnis zu bieten und Ihre Fragen \u00fcber unsere intelligenten L\u00f6sungen f\u00fcr die E-Bike-Industrie zu beantworten. Besuchen Sie uns an unserem Hauptstand (F18, Geb\u00e4ude 8) oder in unserer Demo-Area (G24) \u2013 wir freuen uns auf Sie!\n \n\n \n\t\t\t\t\t\t\t\t<\/div>\n\t\t\t\t<\/div>\n\t\t\t\t\t<\/div>\n\t\t<\/div>\n\t\t\t\t<div class=\"elementor-column elementor-col-33 elementor-inner-column elementor-element elementor-element-dfa2d9f\" data-id=\"dfa2d9f\" data-element_type=\"column\">\n\t\t\t<div class=\"elementor-widget-wrap\">\n\t\t\t\t\t\t\t<\/div>\n\t\t<\/div>\n\t\t\t\t\t<\/div>\n\t\t<\/section>\n\t\t\t\t\t<\/div>\n\t\t<\/div>\n\t\t\t\t\t<\/div>\n\t\t<\/section>\n\t\t\t\t<section class=\"elementor-section elementor-top-section elementor-element elementor-element-16dc111 elementor-section-full_width elementor-section-height-default elementor-section-height-default\" data-id=\"16dc111\" data-element_type=\"section\" id=\"mahle-bike-booking\">\n\t\t\t\t\t\t<div class=\"elementor-container elementor-column-gap-default\">\n\t\t\t\t\t<div class=\"elementor-column elementor-col-100 elementor-top-column elementor-element elementor-element-259fe38\" data-id=\"259fe38\" data-element_type=\"column\">\n\t\t\t<div class=\"elementor-widget-wrap elementor-element-populated\">\n\t\t\t\t\t\t<div class=\"elementor-element elementor-element-ea2481b elementor-widget elementor-widget-shortcode\" data-id=\"ea2481b\" data-element_type=\"widget\" data-widget_type=\"shortcode.default\">\n\t\t\t\t<div class=\"elementor-widget-container\">\n\t\t\t\t\t\t\t<div class=\"elementor-shortcode\"><form class=\"bike-booking-form form-search has-validation-callback\" method=\"post\" action=\"\">\n    <div class=\"field-wrap grav-bg\">\n\t\t<div class=\"container\">\n\t\t\t\n\t\t\t\t\t\t\n\t\t\t<input type=\"hidden\" name=\"booked_date\" id=\"selected_date\" value=\"13\">\n\t\t\t<h4>Select Date & Time Slot:<\/h4>\n\t\t\t\n\t\t\t<div class=\"controls bike-day-selection\">\n\t\t\t\t<div id=\"datepicker\"><\/div>\n\t\t\t\t<div class=\"slot_wrapper\">\n\t\t\t\t\t<input type='radio' class='slot_selection' id=slot_1 name='slot' value=slot_1 checked><label for=slot_1>09:00<\/label><input type='radio' class='slot_selection' id=slot_2 name='slot' value=slot_2 ><label for=slot_2>09:30<\/label><input type='radio' class='slot_selection' id=slot_3 name='slot' value=slot_3 ><label for=slot_3>10:00<\/label><input type='radio' class='slot_selection' id=slot_4 name='slot' value=slot_4 ><label for=slot_4>10:30<\/label><input type='radio' class='slot_selection' id=slot_5 name='slot' value=slot_5 ><label for=slot_5>11:00<\/label><input type='radio' class='slot_selection' id=slot_6 name='slot' value=slot_6 ><label for=slot_6>11:30<\/label><input type='radio' class='slot_selection' id=slot_7 name='slot' value=slot_7 ><label for=slot_7>12:00<\/label><input type='radio' class='slot_selection' id=slot_8 name='slot' value=slot_8 ><label for=slot_8>12:30<\/label><input type='radio' class='slot_selection' id=slot_9 name='slot' value=slot_9 ><label for=slot_9>13:00<\/label><input type='radio' class='slot_selection' id=slot_10 name='slot' value=slot_10 ><label for=slot_10>13:30<\/label><input type='radio' class='slot_selection' id=slot_11 name='slot' value=slot_11 ><label for=slot_11>14:00<\/label><input type='radio' class='slot_selection' id=slot_12 name='slot' value=slot_12 ><label for=slot_12>14:30<\/label><input type='radio' class='slot_selection' id=slot_13 name='slot' value=slot_13 ><label for=slot_13>15:00<\/label><input type='radio' class='slot_selection' id=slot_14 name='slot' value=slot_14 ><label for=slot_14>15:30<\/label><input type='radio' class='slot_selection' id=slot_15 name='slot' value=slot_15 ><label for=slot_15>16:00<\/label><input type='radio' class='slot_selection' id=slot_16 name='slot' value=slot_16 ><label for=slot_16>16:30<\/label><input type='radio' class='slot_selection' id=slot_17 name='slot' value=slot_17 ><label for=slot_17>17:00<\/label><input type='radio' class='slot_selection' id=slot_18 name='slot' value=slot_18 ><label for=slot_18>17:30<\/label>\t\t\t\t<\/div>\n\t\t\t<\/div>\n\t\t<\/div>\n    <\/div>\n    <div class=\"field-wrap\">\n\t\t<div class=\"container\">\n        <h4>Select Bike (max. 2):<\/h4>\n        \n        <div class=\"loader\"><\/div>\n\t\t\t<div class=\"controls bike-day-selection bike-selection\">\n\t\t\t\t<div class=mahle-bike-grid><div class=mahle-grid><div class=booking-bike-wrap><input type='checkbox' id=bike_9241 name='bike_name[]' value=9241 required><label for=bike_9241><img src=https:\/\/mahle-smartbike.com\/wp-content\/uploads\/2022\/07\/X20-ROAD-1.png class=bikeimg><span><div class=bike-system-name>X-20<\/div>Road<\/span><\/label><\/div><div class=booking-bike-wrap><input type='checkbox' id=bike_9240 name='bike_name[]' value=9240 required><label for=bike_9240><img src=https:\/\/mahle-smartbike.com\/wp-content\/uploads\/2022\/07\/X35-Urban-1.png class=bikeimg><span><div class=bike-system-name>X-35<\/div>Urban<\/span><\/label><\/div><div class=booking-bike-wrap><input type='checkbox' id=bike_9086 name='bike_name[]' value=9086 required><label for=bike_9086><img src=https:\/\/mahle-smartbike.com\/wp-content\/uploads\/2022\/07\/X20-GRAVEL-1.png class=bikeimg><span><div class=bike-system-name>X-20<\/div>Gravel<\/span><\/label><\/div><div class=booking-bike-wrap><input type='checkbox' id=bike_9085 name='bike_name[]' value=9085 required><label for=bike_9085><img src=https:\/\/mahle-smartbike.com\/wp-content\/uploads\/2022\/07\/X20-Urban-1.png class=bikeimg><span><div class=bike-system-name>X-20<\/div>Urban<\/span><\/label><\/div><\/div><\/div>\t\t\t<\/div>\n\t\t<\/div>\n    <\/div>\n    <div class=\"field-wrap grav-bg\">\n\t\t<div class=\"container\">\n\t\t\t<h4>Contact Information:<\/h4>\n\t\t\t\n\t\t\t<div class=\"col-50\">\n\t\t\t\t<div class=\"controls\">\n\t\t\t\t\t<input type=\"text\" name=\"fname\" id=\"fname\" placeholder=\"Name*\"\n\t\t\t\t\t\t   required>\n\t\t\t\t<\/div>\n\t\t\t<\/div>\n\t\t\t<div class=\"col-50\">\n\t\t\t\t<div class=\"controls\">\n\t\t\t\t\t<input type=\"text\" name=\"lname\" id=\"lname\"\n\t\t\t\t\t\t   placeholder=\"Surname*\" required>\n\t\t\t\t<\/div>\n\t\t\t<\/div>\n\t\t<\/div>\n\t\t<div class=\"container\">\n\t\t\t<div class=\"col-50\">\n\t\t\t\t<div class=\"controls\">\n\t\t\t\t\t<input type=\"text\" name=\"email\" id=\"email\" placeholder=\"Email*\"\n\t\t\t\t\t\t   required>\n\t\t\t\t<\/div>\n\t\t\t<\/div>\n\t\t\t<div class=\"col-50\">\n\t\t\t\t<div class=\"controls\">\n\t\t\t\t\t<input type=\"text\" name=\"phone\" placeholder=\"Phone: \"\n\t\t\t\t\t\t   id=\"phone\">\n\t\t\t\t<\/div>\n\t\t\t<\/div>\n\t\t<\/div>\n\t\t<div class=\"container\">\n\t\t\t\n\t\t\t<input type=\"checkbox\" required name=\"checkbox\" value=\"1\" id=\"agree\" \/>\n\t\t\t<label for=\"agree\" class=\"agree-text-label\">\n\t\t\t\tIn compliance with current regulation on data protection, we inform you of the following terms: 1) The person responsible for your data is MAHLE EBIKEMOTION SLU; 2) The data will be processed in order to respond to your request; 3) The basis that legitimates this treatment is your consent; 4) Your data will not be transferred to third parties, excewpt for legal obligations, or is strictly necessary to respond to your request; 5) We will keep your data as long as it does not state your right off withdrawal; 6) You can exercise your rights on data protection through this website form, or at the email address rgpd@mahle.com; 7) You can obtain additional information about data protection by consulting our Privacy Policy; 8) By clicking on \"Send\"on this form, you agree to the processing of your data specified here (General Data Protection Regulation, UE 2016\/679).\n\t\t\t<\/label>\n\t\t\t\n\t\t\t<input type=\"hidden\" id=\"booking_form_action\" name=\"booking_form_action\" value=\"8bb637324a\" \/><input type=\"hidden\" name=\"_wp_http_referer\" value=\"\/de\/wp-json\/wp\/v2\/pages\/14852\" \/>    <br>\n\t\t\t<div class=\"submit-wrapper\">\n\t\t\t\t<button id=\"booking_btn\" type=\"submit\" class=\"elementor-button elementor-size-md\">\n\t\t\t\t\t\t<span class=\"btn_inner_wrap\">\n\t\t\t\t\t\t\t<span class=\"elementor-align-icon-right elementor-button-icon\">\n\t\t\t\t\t\t\t\t<svg xmlns=\"http:\/\/www.w3.org\/2000\/svg\" width=\"14.251\" height=\"27.104\" viewBox=\"0 0 14.251 27.104\">\n\t\t\t\t\t\t\t\t\t<path id=\"Path_3710\" data-name=\"Path 3710\" d=\"M69.329.558,82.18,13.692,69.048,26.544l.553.565L83.3,13.7,69.895,0Z\" transform=\"translate(-69.048 -0.005)\"                                                                           fill=\"#ffffff\">\n\t\t\t\t\t\t\t\t\t<\/path>\n\t\t\t\t\t\t\t\t<\/svg>\n\t\t\t\t\t\t\t<\/span>\n\t\t\t\t\t\t\t<span class=\"elementor-button-text\">Submit<\/span>\n\t\t\t\t\t\t<\/span>\n\t\t\t\t<\/button>\n\t\t\t<\/div>\n\t\t<\/div>\n    <\/div>\n\n   \n   \n<\/form><\/div>\n\t\t\t\t\t\t<\/div>\n\t\t\t\t<\/div>\n\t\t\t\t\t<\/div>\n\t\t<\/div>\n\t\t\t\t\t<\/div>\n\t\t<\/section>\n\t\t\t\t<\/div>\n\t\t","protected":false},"excerpt":{"rendered":"<p>E-Bike-Reservierung &nbsp; Reservieren Sie ein E-Bike E-Bike-Reservierung Treffen Sie uns und machen Sie eine Probefahrt mit unseren brandneuen X20 Series live auf der Eurobike in Frankfurt: W\u00e4hlen Sie hier bis zu zwei Fahrr\u00e4der Ihrer Wahl und Ihr 30-Minuten-Zeitfenster f\u00fcr eine exklusive Probefahrt. Wir freuen uns darauf, Sie pers\u00f6nlich zu treffen, um Ihnen ein pers\u00f6nliches Erlebnis [&hellip;]<\/p>\n","protected":false},"author":3,"featured_media":0,"parent":0,"menu_order":0,"comment_status":"closed","ping_status":"closed","template":"","meta":{"_acf_changed":false,"_monsterinsights_skip_tracking":false,"_monsterinsights_sitenote_active":false,"_monsterinsights_sitenote_note":"","_monsterinsights_sitenote_category":0,"footnotes":""},"class_list":["post-14852","page","type-page","status-publish","hentry"],"acf":[],"yoast_head":"<!-- This site is optimized with the Yoast SEO plugin v27.5 - https:\/\/yoast.com\/product\/yoast-seo-wordpress\/ -->\n<title>Fahrrad-Reservierung<\/title>\n<meta name=\"robots\" content=\"index, follow, max-snippet:-1, max-image-preview:large, max-video-preview:-1\" \/>\n<link rel=\"canonical\" href=\"https:\/\/mahle-smartbike.com\/booking\/\" \/>\n<meta property=\"og:locale\" content=\"de_DE\" \/>\n<meta property=\"og:type\" content=\"article\" \/>\n<meta property=\"og:title\" content=\"Fahrrad-Reservierung\" \/>\n<meta property=\"og:description\" content=\"E-Bike-Reservierung &nbsp; Reservieren Sie ein E-Bike E-Bike-Reservierung Treffen Sie uns und machen Sie eine Probefahrt mit unseren brandneuen X20 Series live auf der Eurobike in Frankfurt: W\u00e4hlen Sie hier bis zu zwei Fahrr\u00e4der Ihrer Wahl und Ihr 30-Minuten-Zeitfenster f\u00fcr eine exklusive Probefahrt. Wir freuen uns darauf, Sie pers\u00f6nlich zu treffen, um Ihnen ein pers\u00f6nliches Erlebnis [&hellip;]\" \/>\n<meta property=\"og:url\" content=\"https:\/\/mahle-smartbike.com\/booking\/\" \/>\n<meta property=\"og:site_name\" content=\"MAHLE SmartBike Systems\" \/>\n<meta property=\"article:publisher\" content=\"https:\/\/www.facebook.com\/mahlesmartbikesystems\/\" \/>\n<meta property=\"article:modified_time\" content=\"2022-12-02T12:17:32+00:00\" \/>\n<meta property=\"og:image\" content=\"https:\/\/mahle-smartbike.com\/wp-content\/uploads\/2024\/11\/Mahle_X30_Perpignan_23-1-scaled.webp\" \/>\n\t<meta property=\"og:image:width\" content=\"2560\" \/>\n\t<meta property=\"og:image:height\" content=\"1626\" \/>\n\t<meta property=\"og:image:type\" content=\"image\/webp\" \/>\n<meta name=\"twitter:card\" content=\"summary_large_image\" \/>\n<meta name=\"twitter:label1\" content=\"Gesch\u00e4tzte Lesezeit\" \/>\n\t<meta name=\"twitter:data1\" content=\"1\u00a0Minute\" \/>\n<script type=\"application\/ld+json\" class=\"yoast-schema-graph\">{\"@context\":\"https:\\\/\\\/schema.org\",\"@graph\":[{\"@type\":\"WebPage\",\"@id\":\"https:\\\/\\\/mahle-smartbike.com\\\/booking\\\/\",\"url\":\"https:\\\/\\\/mahle-smartbike.com\\\/booking\\\/\",\"name\":\"Fahrrad-Reservierung\",\"isPartOf\":{\"@id\":\"https:\\\/\\\/mahle-smartbike.com\\\/#website\"},\"datePublished\":\"2022-07-04T03:50:23+00:00\",\"dateModified\":\"2022-12-02T12:17:32+00:00\",\"inLanguage\":\"de\",\"potentialAction\":[{\"@type\":\"ReadAction\",\"target\":[\"https:\\\/\\\/mahle-smartbike.com\\\/booking\\\/\"]}]},{\"@type\":\"WebSite\",\"@id\":\"https:\\\/\\\/mahle-smartbike.com\\\/#website\",\"url\":\"https:\\\/\\\/mahle-smartbike.com\\\/\",\"name\":\"MAHLE SmartBike Systems\",\"description\":\"The lightest ebike systems on the market\",\"publisher\":{\"@id\":\"https:\\\/\\\/mahle-smartbike.com\\\/#organization\"},\"potentialAction\":[{\"@type\":\"SearchAction\",\"target\":{\"@type\":\"EntryPoint\",\"urlTemplate\":\"https:\\\/\\\/mahle-smartbike.com\\\/?s={search_term_string}\"},\"query-input\":{\"@type\":\"PropertyValueSpecification\",\"valueRequired\":true,\"valueName\":\"search_term_string\"}}],\"inLanguage\":\"de\"},{\"@type\":\"Organization\",\"@id\":\"https:\\\/\\\/mahle-smartbike.com\\\/#organization\",\"name\":\"MAHLE SmartBike Systems\",\"url\":\"https:\\\/\\\/mahle-smartbike.com\\\/\",\"logo\":{\"@type\":\"ImageObject\",\"inLanguage\":\"de\",\"@id\":\"https:\\\/\\\/mahle-smartbike.com\\\/#\\\/schema\\\/logo\\\/image\\\/\",\"url\":\"https:\\\/\\\/mahle-smartbike.com\\\/wp-content\\\/uploads\\\/2024\\\/05\\\/MAHLE-SmartBike-Systems-Logo-1-1.jpg\",\"contentUrl\":\"https:\\\/\\\/mahle-smartbike.com\\\/wp-content\\\/uploads\\\/2024\\\/05\\\/MAHLE-SmartBike-Systems-Logo-1-1.jpg\",\"width\":1920,\"height\":1920,\"caption\":\"MAHLE SmartBike Systems\"},\"image\":{\"@id\":\"https:\\\/\\\/mahle-smartbike.com\\\/#\\\/schema\\\/logo\\\/image\\\/\"},\"sameAs\":[\"https:\\\/\\\/www.facebook.com\\\/mahlesmartbikesystems\\\/\",\"https:\\\/\\\/www.instagram.com\\\/mahle_smartbikesystems\\\/\",\"https:\\\/\\\/www.linkedin.com\\\/company\\\/mahlesmartbikesystems\\\/\",\"https:\\\/\\\/www.youtube.com\\\/channel\\\/UCgfNyF-Wtgq0WTlzsV8bDmQ\",\"https:\\\/\\\/www.strava.com\\\/clubs\\\/mahle\",\"https:\\\/\\\/www.tiktok.com\\\/@mahlesmartbikesystems\"]}]}<\/script>\n<!-- \/ Yoast SEO plugin. -->","yoast_head_json":{"title":"Fahrrad-Reservierung","robots":{"index":"index","follow":"follow","max-snippet":"max-snippet:-1","max-image-preview":"max-image-preview:large","max-video-preview":"max-video-preview:-1"},"canonical":"https:\/\/mahle-smartbike.com\/booking\/","og_locale":"de_DE","og_type":"article","og_title":"Fahrrad-Reservierung","og_description":"E-Bike-Reservierung &nbsp; Reservieren Sie ein E-Bike E-Bike-Reservierung Treffen Sie uns und machen Sie eine Probefahrt mit unseren brandneuen X20 Series live auf der Eurobike in Frankfurt: W\u00e4hlen Sie hier bis zu zwei Fahrr\u00e4der Ihrer Wahl und Ihr 30-Minuten-Zeitfenster f\u00fcr eine exklusive Probefahrt. Wir freuen uns darauf, Sie pers\u00f6nlich zu treffen, um Ihnen ein pers\u00f6nliches Erlebnis [&hellip;]","og_url":"https:\/\/mahle-smartbike.com\/booking\/","og_site_name":"MAHLE SmartBike Systems","article_publisher":"https:\/\/www.facebook.com\/mahlesmartbikesystems\/","article_modified_time":"2022-12-02T12:17:32+00:00","og_image":[{"width":2560,"height":1626,"url":"https:\/\/mahle-smartbike.com\/wp-content\/uploads\/2024\/11\/Mahle_X30_Perpignan_23-1-scaled.webp","type":"image\/webp"}],"twitter_card":"summary_large_image","twitter_misc":{"Gesch\u00e4tzte Lesezeit":"1\u00a0Minute"},"schema":{"@context":"https:\/\/schema.org","@graph":[{"@type":"WebPage","@id":"https:\/\/mahle-smartbike.com\/booking\/","url":"https:\/\/mahle-smartbike.com\/booking\/","name":"Fahrrad-Reservierung","isPartOf":{"@id":"https:\/\/mahle-smartbike.com\/#website"},"datePublished":"2022-07-04T03:50:23+00:00","dateModified":"2022-12-02T12:17:32+00:00","inLanguage":"de","potentialAction":[{"@type":"ReadAction","target":["https:\/\/mahle-smartbike.com\/booking\/"]}]},{"@type":"WebSite","@id":"https:\/\/mahle-smartbike.com\/#website","url":"https:\/\/mahle-smartbike.com\/","name":"MAHLE SmartBike Systems","description":"The lightest ebike systems on the market","publisher":{"@id":"https:\/\/mahle-smartbike.com\/#organization"},"potentialAction":[{"@type":"SearchAction","target":{"@type":"EntryPoint","urlTemplate":"https:\/\/mahle-smartbike.com\/?s={search_term_string}"},"query-input":{"@type":"PropertyValueSpecification","valueRequired":true,"valueName":"search_term_string"}}],"inLanguage":"de"},{"@type":"Organization","@id":"https:\/\/mahle-smartbike.com\/#organization","name":"MAHLE SmartBike Systems","url":"https:\/\/mahle-smartbike.com\/","logo":{"@type":"ImageObject","inLanguage":"de","@id":"https:\/\/mahle-smartbike.com\/#\/schema\/logo\/image\/","url":"https:\/\/mahle-smartbike.com\/wp-content\/uploads\/2024\/05\/MAHLE-SmartBike-Systems-Logo-1-1.jpg","contentUrl":"https:\/\/mahle-smartbike.com\/wp-content\/uploads\/2024\/05\/MAHLE-SmartBike-Systems-Logo-1-1.jpg","width":1920,"height":1920,"caption":"MAHLE SmartBike Systems"},"image":{"@id":"https:\/\/mahle-smartbike.com\/#\/schema\/logo\/image\/"},"sameAs":["https:\/\/www.facebook.com\/mahlesmartbikesystems\/","https:\/\/www.instagram.com\/mahle_smartbikesystems\/","https:\/\/www.linkedin.com\/company\/mahlesmartbikesystems\/","https:\/\/www.youtube.com\/channel\/UCgfNyF-Wtgq0WTlzsV8bDmQ","https:\/\/www.strava.com\/clubs\/mahle","https:\/\/www.tiktok.com\/@mahlesmartbikesystems"]}]}},"_links":{"self":[{"href":"https:\/\/mahle-smartbike.com\/de\/wp-json\/wp\/v2\/pages\/14852","targetHints":{"allow":["GET"]}}],"collection":[{"href":"https:\/\/mahle-smartbike.com\/de\/wp-json\/wp\/v2\/pages"}],"about":[{"href":"https:\/\/mahle-smartbike.com\/de\/wp-json\/wp\/v2\/types\/page"}],"author":[{"embeddable":true,"href":"https:\/\/mahle-smartbike.com\/de\/wp-json\/wp\/v2\/users\/3"}],"replies":[{"embeddable":true,"href":"https:\/\/mahle-smartbike.com\/de\/wp-json\/wp\/v2\/comments?post=14852"}],"version-history":[{"count":0,"href":"https:\/\/mahle-smartbike.com\/de\/wp-json\/wp\/v2\/pages\/14852\/revisions"}],"wp:attachment":[{"href":"https:\/\/mahle-smartbike.com\/de\/wp-json\/wp\/v2\/media?parent=14852"}],"curies":[{"name":"wp","href":"https:\/\/api.w.org\/{rel}","templated":true}]}}