{"id":15039,"date":"2022-04-18T04:26:39","date_gmt":"2022-04-18T02:26:39","guid":{"rendered":"https:\/\/mahle-smartbike.com\/uber-uns\/"},"modified":"2025-08-25T16:17:33","modified_gmt":"2025-08-25T14:17:33","slug":"uber-uns","status":"publish","type":"page","link":"https:\/\/mahle-smartbike.com\/de\/uber-uns\/","title":{"rendered":"\u00dcber uns"},"content":{"rendered":"\t\t<div data-elementor-type=\"wp-page\" data-elementor-id=\"15039\" class=\"elementor elementor-15039\" data-elementor-post-type=\"page\">\n\t\t\t\t\t\t<section class=\"elementor-section elementor-top-section elementor-element elementor-element-b86ec17 elementor-section-full_width sticky-inner-header elementor-section-height-min-height elementor-section-height-default elementor-section-items-middle\" data-id=\"b86ec17\" data-element_type=\"section\" data-settings=\"{&quot;background_background&quot;:&quot;classic&quot;,&quot;sticky&quot;:&quot;top&quot;,&quot;sticky_offset&quot;:72,&quot;sticky_on&quot;:[&quot;widescreen&quot;,&quot;desktop&quot;,&quot;tablet&quot;,&quot;mobile_extra&quot;,&quot;mobile&quot;],&quot;sticky_effects_offset&quot;:0,&quot;sticky_anchor_link_offset&quot;:0}\">\n\t\t\t\t\t\t<div class=\"elementor-container elementor-column-gap-default\">\n\t\t\t\t\t<div class=\"elementor-column elementor-col-100 elementor-top-column elementor-element elementor-element-5ed23fd\" data-id=\"5ed23fd\" data-element_type=\"column\">\n\t\t\t<div class=\"elementor-widget-wrap elementor-element-populated\">\n\t\t\t\t\t\t<section class=\"elementor-section elementor-inner-section elementor-element elementor-element-44dbcf4 elementor-section-content-middle elementor-section-boxed elementor-section-height-default elementor-section-height-default\" data-id=\"44dbcf4\" data-element_type=\"section\">\n\t\t\t\t\t\t<div class=\"elementor-container elementor-column-gap-default\">\n\t\t\t\t\t<div class=\"elementor-column elementor-col-100 elementor-inner-column elementor-element elementor-element-5a61588\" data-id=\"5a61588\" data-element_type=\"column\">\n\t\t\t<div class=\"elementor-widget-wrap elementor-element-populated\">\n\t\t\t\t\t\t<div class=\"elementor-element elementor-element-fd7b37c elementor-widget elementor-widget-heading\" data-id=\"fd7b37c\" data-element_type=\"widget\" data-widget_type=\"heading.default\">\n\t\t\t\t<div class=\"elementor-widget-container\">\n\t\t\t\t\t<h3 class=\"elementor-heading-title elementor-size-default\">\u00dcber Uns<\/h3>\t\t\t\t<\/div>\n\t\t\t\t<\/div>\n\t\t\t\t\t<\/div>\n\t\t<\/div>\n\t\t\t\t\t<\/div>\n\t\t<\/section>\n\t\t\t\t\t<\/div>\n\t\t<\/div>\n\t\t\t\t\t<\/div>\n\t\t<\/section>\n\t\t\t\t<section class=\"elementor-section elementor-top-section elementor-element elementor-element-280ad45b elementor-section-full_width elementor-section-height-min-height inner-page-hero-section elementor-section-items-stretch elementor-section-content-middle elementor-section-height-default\" data-id=\"280ad45b\" data-element_type=\"section\" data-settings=\"{&quot;background_background&quot;:&quot;slideshow&quot;,&quot;background_slideshow_gallery&quot;:[{&quot;id&quot;:6910,&quot;url&quot;:&quot;https:\\\/\\\/mahle-smartbike.com\\\/wp-content\\\/uploads\\\/2022\\\/04\\\/MAHLE_SmartBike_Sistems_Lab.jpg&quot;}],&quot;background_slideshow_loop&quot;:&quot;yes&quot;,&quot;background_slideshow_slide_duration&quot;:5000,&quot;background_slideshow_slide_transition&quot;:&quot;fade&quot;,&quot;background_slideshow_transition_duration&quot;:500}\">\n\t\t\t\t\t\t\t<div class=\"elementor-background-overlay\"><\/div>\n\t\t\t\t\t\t\t<div class=\"elementor-container elementor-column-gap-default\">\n\t\t\t\t\t<div class=\"elementor-column elementor-col-100 elementor-top-column elementor-element elementor-element-e03a3be\" data-id=\"e03a3be\" data-element_type=\"column\">\n\t\t\t<div class=\"elementor-widget-wrap elementor-element-populated\">\n\t\t\t\t\t\t<section class=\"elementor-section elementor-inner-section elementor-element elementor-element-5569b867 elementor-section-content-middle elementor-section-boxed elementor-section-height-default elementor-section-height-default\" data-id=\"5569b867\" data-element_type=\"section\">\n\t\t\t\t\t\t<div class=\"elementor-container elementor-column-gap-default\">\n\t\t\t\t\t<div class=\"elementor-column elementor-col-50 elementor-inner-column elementor-element elementor-element-7041fabf\" data-id=\"7041fabf\" data-element_type=\"column\">\n\t\t\t<div class=\"elementor-widget-wrap elementor-element-populated\">\n\t\t\t\t\t\t<div class=\"elementor-element elementor-element-25b07706 elementor-invisible elementor-widget elementor-widget-heading\" data-id=\"25b07706\" data-element_type=\"widget\" data-settings=\"{&quot;_animation&quot;:&quot;fadeInUp&quot;}\" data-widget_type=\"heading.default\">\n\t\t\t\t<div class=\"elementor-widget-container\">\n\t\t\t\t\t<h1 class=\"elementor-heading-title elementor-size-default\">Wir gestalten die Mobilit\u00e4t der Zukunft<\/h1>\t\t\t\t<\/div>\n\t\t\t\t<\/div>\n\t\t\t\t\t<\/div>\n\t\t<\/div>\n\t\t\t\t<div class=\"elementor-column elementor-col-50 elementor-inner-column elementor-element elementor-element-15b94093\" data-id=\"15b94093\" data-element_type=\"column\">\n\t\t\t<div class=\"elementor-widget-wrap\">\n\t\t\t\t\t\t\t<\/div>\n\t\t<\/div>\n\t\t\t\t\t<\/div>\n\t\t<\/section>\n\t\t\t\t\t<\/div>\n\t\t<\/div>\n\t\t\t\t\t<\/div>\n\t\t<\/section>\n\t\t\t\t<section class=\"elementor-section elementor-top-section elementor-element elementor-element-3b514acf elementor-section-boxed elementor-section-height-default elementor-section-height-default\" data-id=\"3b514acf\" data-element_type=\"section\" id=\"smartbike\">\n\t\t\t\t\t\t<div class=\"elementor-container elementor-column-gap-default\">\n\t\t\t\t\t<div class=\"elementor-column elementor-col-100 elementor-top-column elementor-element elementor-element-571583b8\" data-id=\"571583b8\" data-element_type=\"column\">\n\t\t\t<div class=\"elementor-widget-wrap elementor-element-populated\">\n\t\t\t\t\t\t<section class=\"elementor-section elementor-inner-section elementor-element elementor-element-62cb3f24 elementor-section-content-middle elementor-reverse-mobile_extra elementor-reverse-mobile elementor-section-boxed elementor-section-height-default elementor-section-height-default\" data-id=\"62cb3f24\" data-element_type=\"section\">\n\t\t\t\t\t\t<div class=\"elementor-container elementor-column-gap-default\">\n\t\t\t\t\t<div class=\"elementor-column elementor-col-50 elementor-inner-column elementor-element elementor-element-546c609e\" data-id=\"546c609e\" data-element_type=\"column\">\n\t\t\t<div class=\"elementor-widget-wrap elementor-element-populated\">\n\t\t\t\t\t\t<div class=\"elementor-element elementor-element-1b5eac4e elementor-invisible elementor-widget elementor-widget-heading\" data-id=\"1b5eac4e\" data-element_type=\"widget\" data-settings=\"{&quot;_animation&quot;:&quot;fadeInUp&quot;}\" data-widget_type=\"heading.default\">\n\t\t\t\t<div class=\"elementor-widget-container\">\n\t\t\t\t\t<h4 class=\"elementor-heading-title elementor-size-default\">MAHLE SmartBike Systems<\/h4>\t\t\t\t<\/div>\n\t\t\t\t<\/div>\n\t\t\t\t<div class=\"elementor-element elementor-element-78741fb0 elementor-invisible elementor-widget elementor-widget-text-editor\" data-id=\"78741fb0\" data-element_type=\"widget\" data-settings=\"{&quot;_animation&quot;:&quot;fadeInUp&quot;}\" data-widget_type=\"text-editor.default\">\n\t\t\t\t<div class=\"elementor-widget-container\">\n\t\t\t\t\t\t\t\t\t<p>MAHLE SmartBike Systems entwickelt Komponenten und Systeme f\u00fcr einige der innovativsten eBikes der Welt. Der Gesch\u00e4ftsbereich Mahle mit Hauptsitz im spanischen Palencia entwickelt Hardware- und Softwarel\u00f6sungen f\u00fcr eBike-Hersteller, H\u00e4ndler und Fahrer. Die innovativen L\u00f6sungen von MAHLE SmartBike Systems basieren auf dem kontinuierlichen Dialog zwischen Fahrradmarken, H\u00e4ndlern und Fahrern.  <\/p>\t\t\t\t\t\t\t\t<\/div>\n\t\t\t\t<\/div>\n\t\t\t\t\t<\/div>\n\t\t<\/div>\n\t\t\t\t<div class=\"elementor-column elementor-col-50 elementor-inner-column elementor-element elementor-element-5ee21fac\" data-id=\"5ee21fac\" data-element_type=\"column\">\n\t\t\t<div class=\"elementor-widget-wrap elementor-element-populated\">\n\t\t\t\t\t\t<div class=\"elementor-element elementor-element-2db6c0c8 elementor-invisible elementor-widget elementor-widget-image\" data-id=\"2db6c0c8\" data-element_type=\"widget\" data-settings=\"{&quot;_animation&quot;:&quot;fadeInUp&quot;}\" data-widget_type=\"image.default\">\n\t\t\t\t<div class=\"elementor-widget-container\">\n\t\t\t\t\t\t\t\t\t\t\t\t\t\t\t<img fetchpriority=\"high\" decoding=\"async\" width=\"1200\" height=\"665\" src=\"https:\/\/mahle-smartbike.com\/wp-content\/uploads\/2022\/04\/MAHLE_SmartBike_Systems_about_us.jpg\" class=\"attachment-full size-full wp-image-12501\" alt=\"\" srcset=\"https:\/\/mahle-smartbike.com\/wp-content\/uploads\/2022\/04\/MAHLE_SmartBike_Systems_about_us.jpg 1200w, https:\/\/mahle-smartbike.com\/wp-content\/uploads\/2022\/04\/MAHLE_SmartBike_Systems_about_us-300x166.jpg 300w, https:\/\/mahle-smartbike.com\/wp-content\/uploads\/2022\/04\/MAHLE_SmartBike_Systems_about_us-1024x567.jpg 1024w, https:\/\/mahle-smartbike.com\/wp-content\/uploads\/2022\/04\/MAHLE_SmartBike_Systems_about_us-768x426.jpg 768w\" sizes=\"(max-width: 1200px) 100vw, 1200px\" \/>\t\t\t\t\t\t\t\t\t\t\t\t\t\t\t<\/div>\n\t\t\t\t<\/div>\n\t\t\t\t\t<\/div>\n\t\t<\/div>\n\t\t\t\t\t<\/div>\n\t\t<\/section>\n\t\t\t\t\t<\/div>\n\t\t<\/div>\n\t\t\t\t\t<\/div>\n\t\t<\/section>\n\t\t\t\t<section class=\"elementor-section elementor-top-section elementor-element elementor-element-3bfdb22d elementor-section-boxed elementor-section-height-default elementor-section-height-default\" data-id=\"3bfdb22d\" data-element_type=\"section\" id=\"mahlegroup\">\n\t\t\t\t\t\t<div class=\"elementor-container elementor-column-gap-default\">\n\t\t\t\t\t<div class=\"elementor-column elementor-col-100 elementor-top-column elementor-element elementor-element-6d3d474\" data-id=\"6d3d474\" data-element_type=\"column\">\n\t\t\t<div class=\"elementor-widget-wrap elementor-element-populated\">\n\t\t\t\t\t\t<section class=\"elementor-section elementor-inner-section elementor-element elementor-element-20faf7e6 elementor-section-content-middle elementor-section-boxed elementor-section-height-default elementor-section-height-default\" data-id=\"20faf7e6\" data-element_type=\"section\">\n\t\t\t\t\t\t<div class=\"elementor-container elementor-column-gap-default\">\n\t\t\t\t\t<div class=\"elementor-column elementor-col-50 elementor-inner-column elementor-element elementor-element-72c6bb6d\" data-id=\"72c6bb6d\" data-element_type=\"column\">\n\t\t\t<div class=\"elementor-widget-wrap elementor-element-populated\">\n\t\t\t\t\t\t<div class=\"elementor-element elementor-element-399f5b7b elementor-invisible elementor-widget elementor-widget-image\" data-id=\"399f5b7b\" data-element_type=\"widget\" data-settings=\"{&quot;_animation&quot;:&quot;fadeInUp&quot;}\" data-widget_type=\"image.default\">\n\t\t\t\t<div class=\"elementor-widget-container\">\n\t\t\t\t\t\t\t\t\t\t\t\t\t\t\t<img decoding=\"async\" width=\"1400\" height=\"848\" src=\"https:\/\/mahle-smartbike.com\/wp-content\/uploads\/2022\/04\/about-mahle.jpg\" class=\"attachment-full size-full wp-image-12415\" alt=\"\" srcset=\"https:\/\/mahle-smartbike.com\/wp-content\/uploads\/2022\/04\/about-mahle.jpg 1400w, https:\/\/mahle-smartbike.com\/wp-content\/uploads\/2022\/04\/about-mahle-300x182.jpg 300w, https:\/\/mahle-smartbike.com\/wp-content\/uploads\/2022\/04\/about-mahle-1024x620.jpg 1024w, https:\/\/mahle-smartbike.com\/wp-content\/uploads\/2022\/04\/about-mahle-768x465.jpg 768w\" sizes=\"(max-width: 1400px) 100vw, 1400px\" \/>\t\t\t\t\t\t\t\t\t\t\t\t\t\t\t<\/div>\n\t\t\t\t<\/div>\n\t\t\t\t\t<\/div>\n\t\t<\/div>\n\t\t\t\t<div class=\"elementor-column elementor-col-50 elementor-inner-column elementor-element elementor-element-20408e92\" data-id=\"20408e92\" data-element_type=\"column\">\n\t\t\t<div class=\"elementor-widget-wrap elementor-element-populated\">\n\t\t\t\t\t\t<div class=\"elementor-element elementor-element-5835a8fc elementor-invisible elementor-widget elementor-widget-heading\" data-id=\"5835a8fc\" data-element_type=\"widget\" data-settings=\"{&quot;_animation&quot;:&quot;fadeInUp&quot;}\" data-widget_type=\"heading.default\">\n\t\t\t\t<div class=\"elementor-widget-container\">\n\t\t\t\t\t<h4 class=\"elementor-heading-title elementor-size-default\">MAHLE Group<\/h4>\t\t\t\t<\/div>\n\t\t\t\t<\/div>\n\t\t\t\t<div class=\"elementor-element elementor-element-6236f1b3 elementor-invisible elementor-widget elementor-widget-text-editor\" data-id=\"6236f1b3\" data-element_type=\"widget\" data-settings=\"{&quot;_animation&quot;:&quot;fadeInUp&quot;}\" data-widget_type=\"text-editor.default\">\n\t\t\t\t<div class=\"elementor-widget-container\">\n\t\t\t\t\t\t\t\t\t<p>MAHLE ist ein international f\u00fchrender Entwicklungspartner und Zulieferer der Automobilindustrie sowie ein Vorreiter und Technologietreiber f\u00fcr die Mobilit\u00e4t der Zukunft.<\/p><p>Die MAHLE Group hat sich zum Ziel gesetzt, die Mobilit\u00e4t effizienter, umweltfreundlicher und komfortabler zu gestalten. MAHLE optimiert kontinuierlich den Verbrennungsmotor, forciert den Einsatz alternativer Kraftstoffe und legt den Grundstein f\u00fcr die breite Akzeptanz und weltweite Einf\u00fchrung der E-Mobilit\u00e4t. <\/p><p>Aufbauend auf einer breiten Systemkompetenz, die sich aus Motorsystemen und -komponenten, Filtration und Thermomanagement zusammensetzt, adressiert das Produktportfolio der Gruppe alle entscheidenden Fragen rund um Antriebs- und Klimatechnik. Dank seiner Expertise in elektrischen und elektronischen Komponenten und Systemen kann MAHLE auch integrierte Systeml\u00f6sungen f\u00fcr die E-Mobilit\u00e4t anbieten. <\/p><p>MAHLE Produkte sind in mindestens jedem zweiten Fahrzeug weltweit verbaut. Seit Jahrzehnten werden MAHLE Komponenten und Systeme auch auf den Rennstrecken der Welt und abseits der Stra\u00dfe eingesetzt \u2013 in station\u00e4ren Anwendungen, f\u00fcr mobile Maschinen, im Schienenverkehr sowie in Schiffsanwendungen. <\/p>\t\t\t\t\t\t\t\t<\/div>\n\t\t\t\t<\/div>\n\t\t\t\t\t<\/div>\n\t\t<\/div>\n\t\t\t\t\t<\/div>\n\t\t<\/section>\n\t\t\t\t\t<\/div>\n\t\t<\/div>\n\t\t\t\t\t<\/div>\n\t\t<\/section>\n\t\t\t\t<\/div>\n\t\t","protected":false},"excerpt":{"rendered":"<p>\u00dcber Uns Wir gestalten die Mobilit\u00e4t der Zukunft MAHLE SmartBike Systems MAHLE SmartBike Systems entwickelt Komponenten und Systeme f\u00fcr einige der innovativsten eBikes der Welt. Der Gesch\u00e4ftsbereich Mahle mit Hauptsitz im spanischen Palencia entwickelt Hardware- und Softwarel\u00f6sungen f\u00fcr eBike-Hersteller, H\u00e4ndler und Fahrer. Die innovativen L\u00f6sungen von MAHLE SmartBike Systems basieren auf dem kontinuierlichen Dialog zwischen [&hellip;]<\/p>\n","protected":false},"author":3,"featured_media":0,"parent":0,"menu_order":0,"comment_status":"closed","ping_status":"closed","template":"","meta":{"_acf_changed":false,"_monsterinsights_skip_tracking":false,"_monsterinsights_sitenote_active":false,"_monsterinsights_sitenote_note":"","_monsterinsights_sitenote_category":0,"footnotes":""},"class_list":["post-15039","page","type-page","status-publish","hentry"],"acf":[],"yoast_head":"<!-- This site is optimized with the Yoast SEO plugin v27.5 - https:\/\/yoast.com\/product\/yoast-seo-wordpress\/ -->\n<title>\u00dcber uns<\/title>\n<meta name=\"robots\" content=\"index, follow, max-snippet:-1, max-image-preview:large, max-video-preview:-1\" \/>\n<link rel=\"canonical\" href=\"https:\/\/mahle-smartbike.com\/de\/uber-uns\/\" \/>\n<meta property=\"og:locale\" content=\"de_DE\" \/>\n<meta property=\"og:type\" content=\"article\" \/>\n<meta property=\"og:title\" content=\"\u00dcber uns\" \/>\n<meta property=\"og:description\" content=\"\u00dcber Uns Wir gestalten die Mobilit\u00e4t der Zukunft MAHLE SmartBike Systems MAHLE SmartBike Systems entwickelt Komponenten und Systeme f\u00fcr einige der innovativsten eBikes der Welt. Der Gesch\u00e4ftsbereich Mahle mit Hauptsitz im spanischen Palencia entwickelt Hardware- und Softwarel\u00f6sungen f\u00fcr eBike-Hersteller, H\u00e4ndler und Fahrer. Die innovativen L\u00f6sungen von MAHLE SmartBike Systems basieren auf dem kontinuierlichen Dialog zwischen [&hellip;]\" \/>\n<meta property=\"og:url\" content=\"https:\/\/mahle-smartbike.com\/de\/uber-uns\/\" \/>\n<meta property=\"og:site_name\" content=\"MAHLE SmartBike Systems\" \/>\n<meta property=\"article:publisher\" content=\"https:\/\/www.facebook.com\/mahlesmartbikesystems\/\" \/>\n<meta property=\"article:modified_time\" content=\"2025-08-25T14:17:33+00:00\" \/>\n<meta property=\"og:image\" content=\"https:\/\/mahle-smartbike.com\/wp-content\/uploads\/2022\/04\/MAHLE_SmartBike_Systems_about_us.jpg\" \/>\n\t<meta property=\"og:image:width\" content=\"1200\" \/>\n\t<meta property=\"og:image:height\" content=\"665\" \/>\n\t<meta property=\"og:image:type\" content=\"image\/jpeg\" \/>\n<meta name=\"twitter:card\" content=\"summary_large_image\" \/>\n<meta name=\"twitter:label1\" content=\"Gesch\u00e4tzte Lesezeit\" \/>\n\t<meta name=\"twitter:data1\" content=\"2\u00a0Minuten\" \/>\n<script type=\"application\/ld+json\" class=\"yoast-schema-graph\">{\"@context\":\"https:\\\/\\\/schema.org\",\"@graph\":[{\"@type\":\"WebPage\",\"@id\":\"https:\\\/\\\/mahle-smartbike.com\\\/de\\\/uber-uns\\\/\",\"url\":\"https:\\\/\\\/mahle-smartbike.com\\\/de\\\/uber-uns\\\/\",\"name\":\"\u00dcber uns\",\"isPartOf\":{\"@id\":\"https:\\\/\\\/mahle-smartbike.com\\\/#website\"},\"primaryImageOfPage\":{\"@id\":\"https:\\\/\\\/mahle-smartbike.com\\\/de\\\/uber-uns\\\/#primaryimage\"},\"image\":{\"@id\":\"https:\\\/\\\/mahle-smartbike.com\\\/de\\\/uber-uns\\\/#primaryimage\"},\"thumbnailUrl\":\"https:\\\/\\\/mahle-smartbike.com\\\/wp-content\\\/uploads\\\/2022\\\/04\\\/MAHLE_SmartBike_Systems_about_us.jpg\",\"datePublished\":\"2022-04-18T02:26:39+00:00\",\"dateModified\":\"2025-08-25T14:17:33+00:00\",\"inLanguage\":\"de\",\"potentialAction\":[{\"@type\":\"ReadAction\",\"target\":[\"https:\\\/\\\/mahle-smartbike.com\\\/de\\\/uber-uns\\\/\"]}]},{\"@type\":\"ImageObject\",\"inLanguage\":\"de\",\"@id\":\"https:\\\/\\\/mahle-smartbike.com\\\/de\\\/uber-uns\\\/#primaryimage\",\"url\":\"https:\\\/\\\/mahle-smartbike.com\\\/wp-content\\\/uploads\\\/2022\\\/04\\\/MAHLE_SmartBike_Systems_about_us.jpg\",\"contentUrl\":\"https:\\\/\\\/mahle-smartbike.com\\\/wp-content\\\/uploads\\\/2022\\\/04\\\/MAHLE_SmartBike_Systems_about_us.jpg\"},{\"@type\":\"WebSite\",\"@id\":\"https:\\\/\\\/mahle-smartbike.com\\\/#website\",\"url\":\"https:\\\/\\\/mahle-smartbike.com\\\/\",\"name\":\"MAHLE SmartBike Systems\",\"description\":\"The lightest ebike systems on the market\",\"publisher\":{\"@id\":\"https:\\\/\\\/mahle-smartbike.com\\\/#organization\"},\"potentialAction\":[{\"@type\":\"SearchAction\",\"target\":{\"@type\":\"EntryPoint\",\"urlTemplate\":\"https:\\\/\\\/mahle-smartbike.com\\\/?s={search_term_string}\"},\"query-input\":{\"@type\":\"PropertyValueSpecification\",\"valueRequired\":true,\"valueName\":\"search_term_string\"}}],\"inLanguage\":\"de\"},{\"@type\":\"Organization\",\"@id\":\"https:\\\/\\\/mahle-smartbike.com\\\/#organization\",\"name\":\"MAHLE SmartBike Systems\",\"url\":\"https:\\\/\\\/mahle-smartbike.com\\\/\",\"logo\":{\"@type\":\"ImageObject\",\"inLanguage\":\"de\",\"@id\":\"https:\\\/\\\/mahle-smartbike.com\\\/#\\\/schema\\\/logo\\\/image\\\/\",\"url\":\"https:\\\/\\\/mahle-smartbike.com\\\/wp-content\\\/uploads\\\/2024\\\/05\\\/MAHLE-SmartBike-Systems-Logo-1-1.jpg\",\"contentUrl\":\"https:\\\/\\\/mahle-smartbike.com\\\/wp-content\\\/uploads\\\/2024\\\/05\\\/MAHLE-SmartBike-Systems-Logo-1-1.jpg\",\"width\":1920,\"height\":1920,\"caption\":\"MAHLE SmartBike Systems\"},\"image\":{\"@id\":\"https:\\\/\\\/mahle-smartbike.com\\\/#\\\/schema\\\/logo\\\/image\\\/\"},\"sameAs\":[\"https:\\\/\\\/www.facebook.com\\\/mahlesmartbikesystems\\\/\",\"https:\\\/\\\/www.instagram.com\\\/mahle_smartbikesystems\\\/\",\"https:\\\/\\\/www.linkedin.com\\\/company\\\/mahlesmartbikesystems\\\/\",\"https:\\\/\\\/www.youtube.com\\\/channel\\\/UCgfNyF-Wtgq0WTlzsV8bDmQ\",\"https:\\\/\\\/www.strava.com\\\/clubs\\\/mahle\",\"https:\\\/\\\/www.tiktok.com\\\/@mahlesmartbikesystems\"]}]}<\/script>\n<!-- \/ Yoast SEO plugin. -->","yoast_head_json":{"title":"\u00dcber uns","robots":{"index":"index","follow":"follow","max-snippet":"max-snippet:-1","max-image-preview":"max-image-preview:large","max-video-preview":"max-video-preview:-1"},"canonical":"https:\/\/mahle-smartbike.com\/de\/uber-uns\/","og_locale":"de_DE","og_type":"article","og_title":"\u00dcber uns","og_description":"\u00dcber Uns Wir gestalten die Mobilit\u00e4t der Zukunft MAHLE SmartBike Systems MAHLE SmartBike Systems entwickelt Komponenten und Systeme f\u00fcr einige der innovativsten eBikes der Welt. Der Gesch\u00e4ftsbereich Mahle mit Hauptsitz im spanischen Palencia entwickelt Hardware- und Softwarel\u00f6sungen f\u00fcr eBike-Hersteller, H\u00e4ndler und Fahrer. Die innovativen L\u00f6sungen von MAHLE SmartBike Systems basieren auf dem kontinuierlichen Dialog zwischen [&hellip;]","og_url":"https:\/\/mahle-smartbike.com\/de\/uber-uns\/","og_site_name":"MAHLE SmartBike Systems","article_publisher":"https:\/\/www.facebook.com\/mahlesmartbikesystems\/","article_modified_time":"2025-08-25T14:17:33+00:00","og_image":[{"width":1200,"height":665,"url":"https:\/\/mahle-smartbike.com\/wp-content\/uploads\/2022\/04\/MAHLE_SmartBike_Systems_about_us.jpg","type":"image\/jpeg"}],"twitter_card":"summary_large_image","twitter_misc":{"Gesch\u00e4tzte Lesezeit":"2\u00a0Minuten"},"schema":{"@context":"https:\/\/schema.org","@graph":[{"@type":"WebPage","@id":"https:\/\/mahle-smartbike.com\/de\/uber-uns\/","url":"https:\/\/mahle-smartbike.com\/de\/uber-uns\/","name":"\u00dcber uns","isPartOf":{"@id":"https:\/\/mahle-smartbike.com\/#website"},"primaryImageOfPage":{"@id":"https:\/\/mahle-smartbike.com\/de\/uber-uns\/#primaryimage"},"image":{"@id":"https:\/\/mahle-smartbike.com\/de\/uber-uns\/#primaryimage"},"thumbnailUrl":"https:\/\/mahle-smartbike.com\/wp-content\/uploads\/2022\/04\/MAHLE_SmartBike_Systems_about_us.jpg","datePublished":"2022-04-18T02:26:39+00:00","dateModified":"2025-08-25T14:17:33+00:00","inLanguage":"de","potentialAction":[{"@type":"ReadAction","target":["https:\/\/mahle-smartbike.com\/de\/uber-uns\/"]}]},{"@type":"ImageObject","inLanguage":"de","@id":"https:\/\/mahle-smartbike.com\/de\/uber-uns\/#primaryimage","url":"https:\/\/mahle-smartbike.com\/wp-content\/uploads\/2022\/04\/MAHLE_SmartBike_Systems_about_us.jpg","contentUrl":"https:\/\/mahle-smartbike.com\/wp-content\/uploads\/2022\/04\/MAHLE_SmartBike_Systems_about_us.jpg"},{"@type":"WebSite","@id":"https:\/\/mahle-smartbike.com\/#website","url":"https:\/\/mahle-smartbike.com\/","name":"MAHLE SmartBike Systems","description":"The lightest ebike systems on the market","publisher":{"@id":"https:\/\/mahle-smartbike.com\/#organization"},"potentialAction":[{"@type":"SearchAction","target":{"@type":"EntryPoint","urlTemplate":"https:\/\/mahle-smartbike.com\/?s={search_term_string}"},"query-input":{"@type":"PropertyValueSpecification","valueRequired":true,"valueName":"search_term_string"}}],"inLanguage":"de"},{"@type":"Organization","@id":"https:\/\/mahle-smartbike.com\/#organization","name":"MAHLE SmartBike Systems","url":"https:\/\/mahle-smartbike.com\/","logo":{"@type":"ImageObject","inLanguage":"de","@id":"https:\/\/mahle-smartbike.com\/#\/schema\/logo\/image\/","url":"https:\/\/mahle-smartbike.com\/wp-content\/uploads\/2024\/05\/MAHLE-SmartBike-Systems-Logo-1-1.jpg","contentUrl":"https:\/\/mahle-smartbike.com\/wp-content\/uploads\/2024\/05\/MAHLE-SmartBike-Systems-Logo-1-1.jpg","width":1920,"height":1920,"caption":"MAHLE SmartBike Systems"},"image":{"@id":"https:\/\/mahle-smartbike.com\/#\/schema\/logo\/image\/"},"sameAs":["https:\/\/www.facebook.com\/mahlesmartbikesystems\/","https:\/\/www.instagram.com\/mahle_smartbikesystems\/","https:\/\/www.linkedin.com\/company\/mahlesmartbikesystems\/","https:\/\/www.youtube.com\/channel\/UCgfNyF-Wtgq0WTlzsV8bDmQ","https:\/\/www.strava.com\/clubs\/mahle","https:\/\/www.tiktok.com\/@mahlesmartbikesystems"]}]}},"_links":{"self":[{"href":"https:\/\/mahle-smartbike.com\/de\/wp-json\/wp\/v2\/pages\/15039","targetHints":{"allow":["GET"]}}],"collection":[{"href":"https:\/\/mahle-smartbike.com\/de\/wp-json\/wp\/v2\/pages"}],"about":[{"href":"https:\/\/mahle-smartbike.com\/de\/wp-json\/wp\/v2\/types\/page"}],"author":[{"embeddable":true,"href":"https:\/\/mahle-smartbike.com\/de\/wp-json\/wp\/v2\/users\/3"}],"replies":[{"embeddable":true,"href":"https:\/\/mahle-smartbike.com\/de\/wp-json\/wp\/v2\/comments?post=15039"}],"version-history":[{"count":2,"href":"https:\/\/mahle-smartbike.com\/de\/wp-json\/wp\/v2\/pages\/15039\/revisions"}],"predecessor-version":[{"id":63988,"href":"https:\/\/mahle-smartbike.com\/de\/wp-json\/wp\/v2\/pages\/15039\/revisions\/63988"}],"wp:attachment":[{"href":"https:\/\/mahle-smartbike.com\/de\/wp-json\/wp\/v2\/media?parent=15039"}],"curies":[{"name":"wp","href":"https:\/\/api.w.org\/{rel}","templated":true}]}}