{"id":43886,"date":"2024-10-27T20:20:22","date_gmt":"2024-10-27T18:20:22","guid":{"rendered":"https:\/\/mahle-smartbike.com\/haendler-standort\/"},"modified":"2026-02-24T18:19:48","modified_gmt":"2026-02-24T16:19:48","slug":"haendlerfinder","status":"publish","type":"page","link":"https:\/\/mahle-smartbike.com\/de\/haendlerfinder\/","title":{"rendered":"h\u00e4ndler-standort"},"content":{"rendered":"\t\t<div data-elementor-type=\"wp-page\" data-elementor-id=\"43886\" class=\"elementor elementor-43886 elementor-43806\" data-elementor-post-type=\"page\">\n\t\t\t\t\t\t<section class=\"elementor-section elementor-top-section elementor-element elementor-element-40d8cd32 elementor-section-full_width sticky-inner-header elementor-section-height-min-height elementor-section-height-default elementor-section-items-middle\" data-id=\"40d8cd32\" data-element_type=\"section\" data-settings=\"{&quot;background_background&quot;:&quot;classic&quot;,&quot;sticky&quot;:&quot;top&quot;,&quot;sticky_offset&quot;:72,&quot;sticky_on&quot;:[&quot;widescreen&quot;,&quot;desktop&quot;,&quot;tablet&quot;,&quot;mobile_extra&quot;,&quot;mobile&quot;],&quot;sticky_effects_offset&quot;:0,&quot;sticky_anchor_link_offset&quot;:0}\">\n\t\t\t\t\t\t<div class=\"elementor-container elementor-column-gap-default\">\n\t\t\t\t\t<div class=\"elementor-column elementor-col-100 elementor-top-column elementor-element elementor-element-5c5c933d\" data-id=\"5c5c933d\" data-element_type=\"column\">\n\t\t\t<div class=\"elementor-widget-wrap elementor-element-populated\">\n\t\t\t\t\t\t<section class=\"elementor-section elementor-inner-section elementor-element elementor-element-1ebf77be elementor-section-content-middle elementor-section-boxed elementor-section-height-default elementor-section-height-default\" data-id=\"1ebf77be\" data-element_type=\"section\">\n\t\t\t\t\t\t<div class=\"elementor-container elementor-column-gap-default\">\n\t\t\t\t\t<div class=\"elementor-column elementor-col-100 elementor-inner-column elementor-element elementor-element-40a1beac\" data-id=\"40a1beac\" data-element_type=\"column\">\n\t\t\t<div class=\"elementor-widget-wrap elementor-element-populated\">\n\t\t\t\t\t\t<div class=\"elementor-element elementor-element-3caf70d7 elementor-widget__width-inherit elementor-widget-mobile_extra__width-initial elementor-widget elementor-widget-heading\" data-id=\"3caf70d7\" data-element_type=\"widget\" data-widget_type=\"heading.default\">\n\t\t\t\t<div class=\"elementor-widget-container\">\n\t\t\t\t\t<h3 class=\"elementor-heading-title elementor-size-default\">Dealer Locator<\/h3>\t\t\t\t<\/div>\n\t\t\t\t<\/div>\n\t\t\t\t\t<\/div>\n\t\t<\/div>\n\t\t\t\t\t<\/div>\n\t\t<\/section>\n\t\t\t\t\t<\/div>\n\t\t<\/div>\n\t\t\t\t\t<\/div>\n\t\t<\/section>\n\t\t\t\t<section class=\"elementor-section elementor-top-section elementor-element elementor-element-4996a8da elementor-section-full_width elementor-section-height-min-height elementor-section-items-stretch elementor-section-content-middle elementor-section-height-default\" data-id=\"4996a8da\" data-element_type=\"section\" data-settings=\"{&quot;background_background&quot;:&quot;classic&quot;}\">\n\t\t\t\t\t\t\t<div class=\"elementor-background-overlay\"><\/div>\n\t\t\t\t\t\t\t<div class=\"elementor-container elementor-column-gap-default\">\n\t\t\t\t\t<div class=\"elementor-column elementor-col-100 elementor-top-column elementor-element elementor-element-7350238c\" data-id=\"7350238c\" data-element_type=\"column\">\n\t\t\t<div class=\"elementor-widget-wrap elementor-element-populated\">\n\t\t\t\t\t\t<section class=\"elementor-section elementor-inner-section elementor-element elementor-element-1270f5f1 elementor-section-content-middle elementor-section-boxed elementor-section-height-default elementor-section-height-default\" data-id=\"1270f5f1\" data-element_type=\"section\">\n\t\t\t\t\t\t<div class=\"elementor-container elementor-column-gap-default\">\n\t\t\t\t\t<div class=\"elementor-column elementor-col-100 elementor-inner-column elementor-element elementor-element-34d65343\" data-id=\"34d65343\" data-element_type=\"column\">\n\t\t\t<div class=\"elementor-widget-wrap elementor-element-populated\">\n\t\t\t\t\t\t<div class=\"elementor-element elementor-element-7b85afef dealer-locator-search elementor-widget elementor-widget-shortcode\" data-id=\"7b85afef\" data-element_type=\"widget\" data-widget_type=\"shortcode.default\">\n\t\t\t\t<div class=\"elementor-widget-container\">\n\t\t\t\t\t\t\t<div class=\"elementor-shortcode\"><div id=\"asl-search\" class=\"asl-cont asl-search\" data-configuration='{\"category_control\":\"0\",\"filter_ddl\":\"\",\"redirect\":\"https:\\\/\\\/mahle-smartbike.com\\\/dealer-locator-map\\\/\",\"bg-color\":\"#FFFFFF\"}'>\n    <div class=\"sl-container\">\n        <section class=\"asl-search-cont\" style=\"background-color:transparent;\">\n            <div class=\"sl-row\">\n                <div class=\"pol-lg-12\">\n                    <div class=\"sl-row asl-search-widget text-center center-block\">\n                        <div class=\"pol-md-10 p-0\">\n                            <button class=\"asl-clear-btn\" type=\"button\"><svg width=\"12\" height=\"12\" viewBox=\"0 0 12 12\" xmlns=\"http:\/\/www.w3.org\/2000\/svg\"><path d=\"M.566 1.698L0 1.13 1.132 0l.565.566L6 4.868 10.302.566 10.868 0 12 1.132l-.566.565L7.132 6l4.302 4.3.566.568L10.868 12l-.565-.566L6 7.132l-4.3 4.302L1.13 12 0 10.868l.566-.565L4.868 6 .566 1.698z\"><\/path><\/svg><\/button>\n                            <input data-submit=\"disable\"  id=\"sl-search-widget-text\" class=\"form-control asl-search-cntrl isp_ignore border-r-0\" placeholder=\"Adresse eingeben\">\n                            <span class=\"err-spn\">Destination missing or invalid<\/span>\n                            <a title=\"Aktuelle Position\" class=\"sl-geo-btn asl-geo\">\n                                <svg width=\"20px\" height=\"20px\" viewBox=\"0 0 561 561\" fill=\"\">\n                                    <path d=\"M280.5,178.5c-56.1,0-102,45.9-102,102c0,56.1,45.9,102,102,102c56.1,0,102-45.9,102-102 C382.5,224.4,336.6,178.5,280.5,178.5z M507.45,255C494.7,147.9,410.55,63.75,306,53.55V0h-51v53.55 C147.9,63.75,63.75,147.9,53.55,255H0v51h53.55C66.3,413.1,150.45,497.25,255,507.45V561h51v-53.55 C413.1,494.7,497.25,410.55,507.45,306H561v-51H507.45z M280.5,459C181.05,459,102,379.95,102,280.5S181.05,102,280.5,102 S459,181.05,459,280.5S379.95,459,280.5,459z\"><\/path>\n                                <\/svg>\n                            <\/a>\n                        <\/div>\n                                                                        <div class=\"pol-md p-0\">\n                            <button id=\"asl-btn-search\" type=\"button\"  class=\"asl-search-btn border-l-0 btn btn-primary custom-btn\">\n                                <label>Suche<\/label>\n                                <svg xmlns=\"http:\/\/www.w3.org\/2000\/svg\" width=\"14.251\" height=\"27.104\" viewBox=\"0 0 14.251 27.104\">\n                                    <path id=\"Path_3710\" data-name=\"Path 3710\" d=\"M69.329.558,82.18,13.692,69.048,26.544l.553.565L83.3,13.7,69.895,0Z\" transform=\"translate(-69.048 -0.005)\" fill=\"#ffffff\"><\/path>\n                                <\/svg>\n                            <\/button>\n                        <\/div>\n                    <\/div>\n                <\/div>\n            <\/div>\n        <\/section>\n    <\/div>\n<\/div>\n\n\n<\/div>\n\t\t\t\t\t\t<\/div>\n\t\t\t\t<\/div>\n\t\t\t\t\t<\/div>\n\t\t<\/div>\n\t\t\t\t\t<\/div>\n\t\t<\/section>\n\t\t\t\t\t<\/div>\n\t\t<\/div>\n\t\t\t\t\t<\/div>\n\t\t<\/section>\n\t\t<div class=\"elementor-element elementor-element-432abef4 e-flex e-con-boxed e-con e-parent\" data-id=\"432abef4\" data-element_type=\"container\">\n\t\t\t\t\t<div class=\"e-con-inner\">\n\t\t<div class=\"elementor-element elementor-element-3708f66 e-con-full e-grid e-con e-child\" data-id=\"3708f66\" data-element_type=\"container\">\n\t\t<div class=\"elementor-element elementor-element-7e3db601 e-con-full e-flex e-con e-child\" data-id=\"7e3db601\" data-element_type=\"container\">\n\t\t\t\t<div class=\"elementor-element elementor-element-fddca45 elementor-widget elementor-widget-heading\" data-id=\"fddca45\" data-element_type=\"widget\" data-widget_type=\"heading.default\">\n\t\t\t\t<div class=\"elementor-widget-container\">\n\t\t\t\t\t<h4 class=\"elementor-heading-title elementor-size-default\">Zertifizierte Partner<\/h4>\t\t\t\t<\/div>\n\t\t\t\t<\/div>\n\t\t\t\t<div class=\"elementor-element elementor-element-30e990ae elementor-widget elementor-widget-text-editor\" data-id=\"30e990ae\" data-element_type=\"widget\" data-widget_type=\"text-editor.default\">\n\t\t\t\t<div class=\"elementor-widget-container\">\n\t\t\t\t\t\t\t\t\t<p>Zertifizierte Partner absolvieren mindestens eine technische Schulung \u00fcber die Programme LIGHT oder SPORT und sind in unserem <a href=\"https:\/\/dealer.mahle-smartbike.com\/\" target=\"_blank\" rel=\"noopener noreferrer\" data-auth=\"NotApplicable\" data-linkindex=\"0\">Dealer Portal<\/a> registriert. Dadurch k\u00f6nnen sie kompetenten und professionellen Support f\u00fcr unsere eBike-L\u00f6sungen bieten. Au\u00dferdem wird ihr Standort in unserem Dealer Locator aufgef\u00fchrt, sodass Kunden ganz einfach einen zertifizierten Partner in ihrer N\u00e4he finden \u2013 egal, wo sie sich befinden.  <\/p>\t\t\t\t\t\t\t\t<\/div>\n\t\t\t\t<\/div>\n\t\t\t\t<\/div>\n\t\t<div class=\"elementor-element elementor-element-3f4ef636 e-con-full e-flex e-con e-child\" data-id=\"3f4ef636\" data-element_type=\"container\">\n\t\t\t\t<div class=\"elementor-element elementor-element-1b86adde elementor-widget elementor-widget-heading\" data-id=\"1b86adde\" data-element_type=\"widget\" data-widget_type=\"heading.default\">\n\t\t\t\t<div class=\"elementor-widget-container\">\n\t\t\t\t\t<h4 class=\"elementor-heading-title elementor-size-default\">Zertifizierte Partner PRO<\/h4>\t\t\t\t<\/div>\n\t\t\t\t<\/div>\n\t\t\t\t<div class=\"elementor-element elementor-element-4e2d7909 elementor-widget elementor-widget-text-editor\" data-id=\"4e2d7909\" data-element_type=\"widget\" data-widget_type=\"text-editor.default\">\n\t\t\t\t<div class=\"elementor-widget-container\">\n\t\t\t\t\t\t\t\t\t<p><span data-olk-copy-source=\"MessageBody\">Certified Partner PROs sind fortgeschrittene Experten f\u00fcr MAHLE Technologie, die eine technische Schulung im Rahmen des SMART-Programms absolviert haben. Sie erf\u00fcllen nicht nur die Anforderungen f\u00fcr Certified Partner, sondern verf\u00fcgen auch \u00fcber spezielle Werkzeuge und unterhalten eine aktive Beziehung zu einem autorisierten regionalen H\u00e4ndler. Sie sind in der Lage, eine umfassende Erfahrung im Bereich der technischen Unterst\u00fctzung und des Kundendienstes zu bieten, um ein H\u00f6chstma\u00df an Kundenzufriedenheit zu gew\u00e4hrleisten.  <\/span><\/p>\t\t\t\t\t\t\t\t<\/div>\n\t\t\t\t<\/div>\n\t\t\t\t<\/div>\n\t\t\t\t<\/div>\n\t\t<div class=\"elementor-element elementor-element-1e5fca0 e-con-full e-grid e-con e-child\" data-id=\"1e5fca0\" data-element_type=\"container\">\n\t\t<div class=\"elementor-element elementor-element-3920a81 e-con-full e-flex e-con e-child\" data-id=\"3920a81\" data-element_type=\"container\">\n\t\t\t\t<div class=\"elementor-element elementor-element-c97f39e elementor-widget elementor-widget-text-editor\" data-id=\"c97f39e\" data-element_type=\"widget\" data-widget_type=\"text-editor.default\">\n\t\t\t\t<div class=\"elementor-widget-container\">\n\t\t\t\t\t\t\t\t\t<p><u>Important:<\/u> For warranty claims, please always visit the dealer you bought the bike from.<\/p>\t\t\t\t\t\t\t\t<\/div>\n\t\t\t\t<\/div>\n\t\t\t\t<\/div>\n\t\t\t\t<\/div>\n\t\t<div class=\"elementor-element elementor-element-54597034 e-con-full e-flex e-con e-child\" data-id=\"54597034\" data-element_type=\"container\">\n\t\t\t\t<div class=\"elementor-element elementor-element-4553e824 elementor-widget elementor-widget-heading\" data-id=\"4553e824\" data-element_type=\"widget\" data-widget_type=\"heading.default\">\n\t\t\t\t<div class=\"elementor-widget-container\">\n\t\t\t\t\t<h4 class=\"elementor-heading-title elementor-size-default\">M\u00f6chten Sie ein Certified Partner oder Certified Partner Pro werden?<\/h4>\t\t\t\t<\/div>\n\t\t\t\t<\/div>\n\t\t\t\t<div class=\"elementor-element elementor-element-66f23188 elementor-widget elementor-widget-text-editor\" data-id=\"66f23188\" data-element_type=\"widget\" data-widget_type=\"text-editor.default\">\n\t\t\t\t<div class=\"elementor-widget-container\">\n\t\t\t\t\t\t\t\t\t<p><span data-olk-copy-source=\"MessageBody\">Wenn Sie H\u00e4ndler sind und den n\u00e4chsten Schritt machen m\u00f6chten, um offizieller MAHLE Certified Partner oder Certified Partner Pro zu werden, beginnt der Prozess mit einer einfachen Registrierung in unserem Dealer Portal.<\/span><\/p>\t\t\t\t\t\t\t\t<\/div>\n\t\t\t\t<\/div>\n\t\t\t\t<div class=\"elementor-element elementor-element-15bd9b85 elementor-align-left mahle-blue-btn elementor-mobile-align-center elementor-widget elementor-widget-button\" data-id=\"15bd9b85\" data-element_type=\"widget\" data-widget_type=\"button.default\">\n\t\t\t\t<div class=\"elementor-widget-container\">\n\t\t\t\t\t\t\t\t\t<div class=\"elementor-button-wrapper\">\n\t\t\t\t\t<a class=\"elementor-button elementor-button-link elementor-size-sm\" href=\"https:\/\/dealer.mahle-smartbike.com\/\" target=\"_blank\">\n\t\t\t\t\t\t<span class=\"elementor-button-content-wrapper\">\n\t\t\t\t\t\t<span class=\"elementor-button-icon\">\n\t\t\t\t<svg xmlns=\"http:\/\/www.w3.org\/2000\/svg\" width=\"14.251\" height=\"27.104\" viewBox=\"0 0 14.251 27.104\"><path id=\"Path_3710\" data-name=\"Path 3710\" d=\"M69.329.558,82.18,13.692,69.048,26.544l.553.565L83.3,13.7,69.895,0Z\" transform=\"translate(-69.048 -0.005)\" fill=\"#ffffff\"><\/path><\/svg>\t\t\t<\/span>\n\t\t\t\t\t\t\t\t\t<span class=\"elementor-button-text\">Jetzt anmelden<\/span>\n\t\t\t\t\t<\/span>\n\t\t\t\t\t<\/a>\n\t\t\t\t<\/div>\n\t\t\t\t\t\t\t\t<\/div>\n\t\t\t\t<\/div>\n\t\t\t\t<\/div>\n\t\t\t\t\t<\/div>\n\t\t\t\t<\/div>\n\t\t\t\t<\/div>\n\t\t","protected":false},"excerpt":{"rendered":"<p>Dealer Locator Zertifizierte Partner Zertifizierte Partner absolvieren mindestens eine technische Schulung \u00fcber die Programme LIGHT oder SPORT und sind in unserem Dealer Portal registriert. Dadurch k\u00f6nnen sie kompetenten und professionellen Support f\u00fcr unsere eBike-L\u00f6sungen bieten. Au\u00dferdem wird ihr Standort in unserem Dealer Locator aufgef\u00fchrt, sodass Kunden ganz einfach einen zertifizierten Partner in ihrer N\u00e4he finden [&hellip;]<\/p>\n","protected":false},"author":8,"featured_media":55474,"parent":0,"menu_order":0,"comment_status":"closed","ping_status":"closed","template":"","meta":{"_acf_changed":false,"_monsterinsights_skip_tracking":false,"_monsterinsights_sitenote_active":false,"_monsterinsights_sitenote_note":"","_monsterinsights_sitenote_category":0,"footnotes":""},"class_list":["post-43886","page","type-page","status-publish","has-post-thumbnail","hentry"],"acf":[],"yoast_head":"<!-- This site is optimized with the Yoast SEO plugin v27.2 - https:\/\/yoast.com\/product\/yoast-seo-wordpress\/ -->\n<title>h\u00e4ndler-standort<\/title>\n<meta name=\"description\" content=\"Finden Sie mit dem MAHLE SmartBike-H\u00e4ndlerfinder zertifizierte Partner &amp; PRO-H\u00e4ndler in Ihrer N\u00e4he. Erhalten Sie Adressen, Kontaktdaten, Schulungslevel &amp; unterst\u00fctzte Marken.\" \/>\n<meta name=\"robots\" content=\"index, follow, max-snippet:-1, max-image-preview:large, max-video-preview:-1\" \/>\n<link rel=\"canonical\" href=\"https:\/\/mahle-smartbike.com\/de\/haendlerfinder\/\" \/>\n<meta property=\"og:locale\" content=\"de_DE\" \/>\n<meta property=\"og:type\" content=\"article\" \/>\n<meta property=\"og:title\" content=\"h\u00e4ndler-standort\" \/>\n<meta property=\"og:description\" content=\"Finden Sie mit dem MAHLE SmartBike-H\u00e4ndlerfinder zertifizierte Partner &amp; PRO-H\u00e4ndler in Ihrer N\u00e4he. Erhalten Sie Adressen, Kontaktdaten, Schulungslevel &amp; unterst\u00fctzte Marken.\" \/>\n<meta property=\"og:url\" content=\"https:\/\/mahle-smartbike.com\/de\/haendlerfinder\/\" \/>\n<meta property=\"og:site_name\" content=\"MAHLE SmartBike Systems\" \/>\n<meta property=\"article:publisher\" content=\"https:\/\/www.facebook.com\/mahlesmartbikesystems\/\" \/>\n<meta property=\"article:modified_time\" content=\"2026-02-24T16:19:48+00:00\" \/>\n<meta property=\"og:image\" content=\"https:\/\/mahle-smartbike.com\/wp-content\/uploads\/2025\/02\/mobile_Dealer-Locator-Image-scaled-1.webp\" \/>\n\t<meta property=\"og:image:width\" content=\"1676\" \/>\n\t<meta property=\"og:image:height\" content=\"918\" \/>\n\t<meta property=\"og:image:type\" content=\"image\/webp\" \/>\n<meta name=\"twitter:card\" content=\"summary_large_image\" \/>\n<meta name=\"twitter:label1\" content=\"Gesch\u00e4tzte Lesezeit\" \/>\n\t<meta name=\"twitter:data1\" content=\"1\u00a0Minute\" \/>\n<script type=\"application\/ld+json\" class=\"yoast-schema-graph\">{\"@context\":\"https:\/\/schema.org\",\"@graph\":[{\"@type\":\"WebPage\",\"@id\":\"https:\/\/mahle-smartbike.com\/de\/haendlerfinder\/\",\"url\":\"https:\/\/mahle-smartbike.com\/de\/haendlerfinder\/\",\"name\":\"h\u00e4ndler-standort\",\"isPartOf\":{\"@id\":\"https:\/\/mahle-smartbike.com\/#website\"},\"primaryImageOfPage\":{\"@id\":\"https:\/\/mahle-smartbike.com\/de\/haendlerfinder\/#primaryimage\"},\"image\":{\"@id\":\"https:\/\/mahle-smartbike.com\/de\/haendlerfinder\/#primaryimage\"},\"thumbnailUrl\":\"https:\/\/mahle-smartbike.com\/wp-content\/uploads\/2025\/02\/mobile_Dealer-Locator-Image-scaled-1.webp\",\"datePublished\":\"2024-10-27T18:20:22+00:00\",\"dateModified\":\"2026-02-24T16:19:48+00:00\",\"description\":\"Finden Sie mit dem MAHLE SmartBike-H\u00e4ndlerfinder zertifizierte Partner & PRO-H\u00e4ndler in Ihrer N\u00e4he. Erhalten Sie Adressen, Kontaktdaten, Schulungslevel & unterst\u00fctzte Marken.\",\"inLanguage\":\"de\",\"potentialAction\":[{\"@type\":\"ReadAction\",\"target\":[\"https:\/\/mahle-smartbike.com\/de\/haendlerfinder\/\"]}]},{\"@type\":\"ImageObject\",\"inLanguage\":\"de\",\"@id\":\"https:\/\/mahle-smartbike.com\/de\/haendlerfinder\/#primaryimage\",\"url\":\"https:\/\/mahle-smartbike.com\/wp-content\/uploads\/2025\/02\/mobile_Dealer-Locator-Image-scaled-1.webp\",\"contentUrl\":\"https:\/\/mahle-smartbike.com\/wp-content\/uploads\/2025\/02\/mobile_Dealer-Locator-Image-scaled-1.webp\",\"width\":1676,\"height\":918,\"caption\":\"Dealer Locator\"},{\"@type\":\"WebSite\",\"@id\":\"https:\/\/mahle-smartbike.com\/#website\",\"url\":\"https:\/\/mahle-smartbike.com\/\",\"name\":\"MAHLE SmartBike Systems\",\"description\":\"The lightest ebike systems on the market\",\"publisher\":{\"@id\":\"https:\/\/mahle-smartbike.com\/#organization\"},\"potentialAction\":[{\"@type\":\"SearchAction\",\"target\":{\"@type\":\"EntryPoint\",\"urlTemplate\":\"https:\/\/mahle-smartbike.com\/?s={search_term_string}\"},\"query-input\":{\"@type\":\"PropertyValueSpecification\",\"valueRequired\":true,\"valueName\":\"search_term_string\"}}],\"inLanguage\":\"de\"},{\"@type\":\"Organization\",\"@id\":\"https:\/\/mahle-smartbike.com\/#organization\",\"name\":\"MAHLE SmartBike Systems\",\"url\":\"https:\/\/mahle-smartbike.com\/\",\"logo\":{\"@type\":\"ImageObject\",\"inLanguage\":\"de\",\"@id\":\"https:\/\/mahle-smartbike.com\/#\/schema\/logo\/image\/\",\"url\":\"https:\/\/mahle-smartbike.com\/wp-content\/uploads\/2024\/05\/MAHLE-SmartBike-Systems-Logo-1-1.jpg\",\"contentUrl\":\"https:\/\/mahle-smartbike.com\/wp-content\/uploads\/2024\/05\/MAHLE-SmartBike-Systems-Logo-1-1.jpg\",\"width\":1920,\"height\":1920,\"caption\":\"MAHLE SmartBike Systems\"},\"image\":{\"@id\":\"https:\/\/mahle-smartbike.com\/#\/schema\/logo\/image\/\"},\"sameAs\":[\"https:\/\/www.facebook.com\/mahlesmartbikesystems\/\",\"https:\/\/www.instagram.com\/mahle_smartbikesystems\/\",\"https:\/\/www.linkedin.com\/company\/mahlesmartbikesystems\/\",\"https:\/\/www.youtube.com\/channel\/UCgfNyF-Wtgq0WTlzsV8bDmQ\",\"https:\/\/www.strava.com\/clubs\/mahle\",\"https:\/\/www.tiktok.com\/@mahlesmartbikesystems\"]}]}<\/script>\n<!-- \/ Yoast SEO plugin. -->","yoast_head_json":{"title":"h\u00e4ndler-standort","description":"Finden Sie mit dem MAHLE SmartBike-H\u00e4ndlerfinder zertifizierte Partner & PRO-H\u00e4ndler in Ihrer N\u00e4he. Erhalten Sie Adressen, Kontaktdaten, Schulungslevel & unterst\u00fctzte Marken.","robots":{"index":"index","follow":"follow","max-snippet":"max-snippet:-1","max-image-preview":"max-image-preview:large","max-video-preview":"max-video-preview:-1"},"canonical":"https:\/\/mahle-smartbike.com\/de\/haendlerfinder\/","og_locale":"de_DE","og_type":"article","og_title":"h\u00e4ndler-standort","og_description":"Finden Sie mit dem MAHLE SmartBike-H\u00e4ndlerfinder zertifizierte Partner & PRO-H\u00e4ndler in Ihrer N\u00e4he. Erhalten Sie Adressen, Kontaktdaten, Schulungslevel & unterst\u00fctzte Marken.","og_url":"https:\/\/mahle-smartbike.com\/de\/haendlerfinder\/","og_site_name":"MAHLE SmartBike Systems","article_publisher":"https:\/\/www.facebook.com\/mahlesmartbikesystems\/","article_modified_time":"2026-02-24T16:19:48+00:00","og_image":[{"width":1676,"height":918,"url":"https:\/\/mahle-smartbike.com\/wp-content\/uploads\/2025\/02\/mobile_Dealer-Locator-Image-scaled-1.webp","type":"image\/webp"}],"twitter_card":"summary_large_image","twitter_misc":{"Gesch\u00e4tzte Lesezeit":"1\u00a0Minute"},"schema":{"@context":"https:\/\/schema.org","@graph":[{"@type":"WebPage","@id":"https:\/\/mahle-smartbike.com\/de\/haendlerfinder\/","url":"https:\/\/mahle-smartbike.com\/de\/haendlerfinder\/","name":"h\u00e4ndler-standort","isPartOf":{"@id":"https:\/\/mahle-smartbike.com\/#website"},"primaryImageOfPage":{"@id":"https:\/\/mahle-smartbike.com\/de\/haendlerfinder\/#primaryimage"},"image":{"@id":"https:\/\/mahle-smartbike.com\/de\/haendlerfinder\/#primaryimage"},"thumbnailUrl":"https:\/\/mahle-smartbike.com\/wp-content\/uploads\/2025\/02\/mobile_Dealer-Locator-Image-scaled-1.webp","datePublished":"2024-10-27T18:20:22+00:00","dateModified":"2026-02-24T16:19:48+00:00","description":"Finden Sie mit dem MAHLE SmartBike-H\u00e4ndlerfinder zertifizierte Partner & PRO-H\u00e4ndler in Ihrer N\u00e4he. Erhalten Sie Adressen, Kontaktdaten, Schulungslevel & unterst\u00fctzte Marken.","inLanguage":"de","potentialAction":[{"@type":"ReadAction","target":["https:\/\/mahle-smartbike.com\/de\/haendlerfinder\/"]}]},{"@type":"ImageObject","inLanguage":"de","@id":"https:\/\/mahle-smartbike.com\/de\/haendlerfinder\/#primaryimage","url":"https:\/\/mahle-smartbike.com\/wp-content\/uploads\/2025\/02\/mobile_Dealer-Locator-Image-scaled-1.webp","contentUrl":"https:\/\/mahle-smartbike.com\/wp-content\/uploads\/2025\/02\/mobile_Dealer-Locator-Image-scaled-1.webp","width":1676,"height":918,"caption":"Dealer Locator"},{"@type":"WebSite","@id":"https:\/\/mahle-smartbike.com\/#website","url":"https:\/\/mahle-smartbike.com\/","name":"MAHLE SmartBike Systems","description":"The lightest ebike systems on the market","publisher":{"@id":"https:\/\/mahle-smartbike.com\/#organization"},"potentialAction":[{"@type":"SearchAction","target":{"@type":"EntryPoint","urlTemplate":"https:\/\/mahle-smartbike.com\/?s={search_term_string}"},"query-input":{"@type":"PropertyValueSpecification","valueRequired":true,"valueName":"search_term_string"}}],"inLanguage":"de"},{"@type":"Organization","@id":"https:\/\/mahle-smartbike.com\/#organization","name":"MAHLE SmartBike Systems","url":"https:\/\/mahle-smartbike.com\/","logo":{"@type":"ImageObject","inLanguage":"de","@id":"https:\/\/mahle-smartbike.com\/#\/schema\/logo\/image\/","url":"https:\/\/mahle-smartbike.com\/wp-content\/uploads\/2024\/05\/MAHLE-SmartBike-Systems-Logo-1-1.jpg","contentUrl":"https:\/\/mahle-smartbike.com\/wp-content\/uploads\/2024\/05\/MAHLE-SmartBike-Systems-Logo-1-1.jpg","width":1920,"height":1920,"caption":"MAHLE SmartBike Systems"},"image":{"@id":"https:\/\/mahle-smartbike.com\/#\/schema\/logo\/image\/"},"sameAs":["https:\/\/www.facebook.com\/mahlesmartbikesystems\/","https:\/\/www.instagram.com\/mahle_smartbikesystems\/","https:\/\/www.linkedin.com\/company\/mahlesmartbikesystems\/","https:\/\/www.youtube.com\/channel\/UCgfNyF-Wtgq0WTlzsV8bDmQ","https:\/\/www.strava.com\/clubs\/mahle","https:\/\/www.tiktok.com\/@mahlesmartbikesystems"]}]}},"_links":{"self":[{"href":"https:\/\/mahle-smartbike.com\/de\/wp-json\/wp\/v2\/pages\/43886","targetHints":{"allow":["GET"]}}],"collection":[{"href":"https:\/\/mahle-smartbike.com\/de\/wp-json\/wp\/v2\/pages"}],"about":[{"href":"https:\/\/mahle-smartbike.com\/de\/wp-json\/wp\/v2\/types\/page"}],"author":[{"embeddable":true,"href":"https:\/\/mahle-smartbike.com\/de\/wp-json\/wp\/v2\/users\/8"}],"replies":[{"embeddable":true,"href":"https:\/\/mahle-smartbike.com\/de\/wp-json\/wp\/v2\/comments?post=43886"}],"version-history":[{"count":2,"href":"https:\/\/mahle-smartbike.com\/de\/wp-json\/wp\/v2\/pages\/43886\/revisions"}],"predecessor-version":[{"id":74351,"href":"https:\/\/mahle-smartbike.com\/de\/wp-json\/wp\/v2\/pages\/43886\/revisions\/74351"}],"wp:featuredmedia":[{"embeddable":true,"href":"https:\/\/mahle-smartbike.com\/de\/wp-json\/wp\/v2\/media\/55474"}],"wp:attachment":[{"href":"https:\/\/mahle-smartbike.com\/de\/wp-json\/wp\/v2\/media?parent=43886"}],"curies":[{"name":"wp","href":"https:\/\/api.w.org\/{rel}","templated":true}]}}