{"id":14814,"date":"2022-09-12T05:35:24","date_gmt":"2022-09-12T03:35:24","guid":{"rendered":"https:\/\/mahle-smartbike.com\/smartbike-lab\/"},"modified":"2025-05-26T16:30:15","modified_gmt":"2025-05-26T14:30:15","slug":"smartbike-lab","status":"publish","type":"page","link":"https:\/\/mahle-smartbike.com\/es\/smartbike-lab\/","title":{"rendered":"SmartBike Lab"},"content":{"rendered":"\t\t<div data-elementor-type=\"wp-page\" data-elementor-id=\"14814\" class=\"elementor elementor-14814 elementor-11023\" data-elementor-post-type=\"page\">\n\t\t\t\t\t\t<section class=\"elementor-section elementor-top-section elementor-element elementor-element-375f4784 elementor-section-full_width sticky-inner-header elementor-section-height-min-height elementor-section-height-default elementor-section-items-middle\" data-id=\"375f4784\" data-element_type=\"section\" data-settings=\"{&quot;background_background&quot;:&quot;classic&quot;,&quot;sticky&quot;:&quot;top&quot;,&quot;sticky_offset&quot;:72,&quot;sticky_on&quot;:[&quot;widescreen&quot;,&quot;desktop&quot;,&quot;tablet&quot;,&quot;mobile_extra&quot;,&quot;mobile&quot;],&quot;sticky_effects_offset&quot;:0,&quot;sticky_anchor_link_offset&quot;:0}\">\n\t\t\t\t\t\t<div class=\"elementor-container elementor-column-gap-default\">\n\t\t\t\t\t<div class=\"elementor-column elementor-col-100 elementor-top-column elementor-element elementor-element-43b57bd5\" data-id=\"43b57bd5\" data-element_type=\"column\">\n\t\t\t<div class=\"elementor-widget-wrap elementor-element-populated\">\n\t\t\t\t\t\t<section class=\"elementor-section elementor-inner-section elementor-element elementor-element-432ae0e9 elementor-section-content-middle elementor-section-boxed elementor-section-height-default elementor-section-height-default\" data-id=\"432ae0e9\" data-element_type=\"section\">\n\t\t\t\t\t\t<div class=\"elementor-container elementor-column-gap-default\">\n\t\t\t\t\t<div class=\"elementor-column elementor-col-100 elementor-inner-column elementor-element elementor-element-18f718b4\" data-id=\"18f718b4\" data-element_type=\"column\">\n\t\t\t<div class=\"elementor-widget-wrap elementor-element-populated\">\n\t\t\t\t\t\t<div class=\"elementor-element elementor-element-100e0528 elementor-widget elementor-widget-heading\" data-id=\"100e0528\" data-element_type=\"widget\" data-widget_type=\"heading.default\">\n\t\t\t\t<div class=\"elementor-widget-container\">\n\t\t\t\t\t<h3 class=\"elementor-heading-title elementor-size-default\">MAHLE SmartBike Lab\n<\/h3>\t\t\t\t<\/div>\n\t\t\t\t<\/div>\n\t\t\t\t\t<\/div>\n\t\t<\/div>\n\t\t\t\t\t<\/div>\n\t\t<\/section>\n\t\t\t\t\t<\/div>\n\t\t<\/div>\n\t\t\t\t\t<\/div>\n\t\t<\/section>\n\t\t\t\t<section class=\"elementor-section elementor-top-section elementor-element elementor-element-58d1a5f7 elementor-section-full_width elementor-section-height-min-height inner-page-hero-section elementor-section-items-stretch elementor-section-height-default\" data-id=\"58d1a5f7\" data-element_type=\"section\" data-settings=\"{&quot;background_background&quot;:&quot;classic&quot;}\">\n\t\t\t\t\t\t\t<div class=\"elementor-background-overlay\"><\/div>\n\t\t\t\t\t\t\t<div class=\"elementor-container elementor-column-gap-default\">\n\t\t\t\t\t<div class=\"elementor-column elementor-col-100 elementor-top-column elementor-element elementor-element-7e0fc14d\" data-id=\"7e0fc14d\" data-element_type=\"column\">\n\t\t\t<div class=\"elementor-widget-wrap\">\n\t\t\t\t\t\t\t<\/div>\n\t\t<\/div>\n\t\t\t\t\t<\/div>\n\t\t<\/section>\n\t\t\t\t<section class=\"elementor-section elementor-top-section elementor-element elementor-element-c2c18bb elementor-section-boxed elementor-section-height-default elementor-section-height-default\" data-id=\"c2c18bb\" data-element_type=\"section\" id=\"functionality\">\n\t\t\t\t\t\t<div class=\"elementor-container elementor-column-gap-default\">\n\t\t\t\t\t<div class=\"elementor-column elementor-col-100 elementor-top-column elementor-element elementor-element-bd3a8dd elementor-invisible\" data-id=\"bd3a8dd\" data-element_type=\"column\" data-settings=\"{&quot;animation&quot;:&quot;fadeInUp&quot;}\">\n\t\t\t<div class=\"elementor-widget-wrap elementor-element-populated\">\n\t\t\t\t\t\t<div class=\"elementor-element elementor-element-7fd47ef0 elementor-widget elementor-widget-heading\" data-id=\"7fd47ef0\" data-element_type=\"widget\" data-widget_type=\"heading.default\">\n\t\t\t\t<div class=\"elementor-widget-container\">\n\t\t\t\t\t<h3 class=\"elementor-heading-title elementor-size-default\">\u00a1La ayuda que necesitas est\u00e1 aqu\u00ed!\n<\/h3>\t\t\t\t<\/div>\n\t\t\t\t<\/div>\n\t\t\t\t<section class=\"elementor-section elementor-inner-section elementor-element elementor-element-14711da4 elementor-section-boxed elementor-section-height-default elementor-section-height-default\" data-id=\"14711da4\" data-element_type=\"section\">\n\t\t\t\t\t\t<div class=\"elementor-container elementor-column-gap-default\">\n\t\t\t\t\t<div class=\"elementor-column elementor-col-33 elementor-inner-column elementor-element elementor-element-6987aec9\" data-id=\"6987aec9\" data-element_type=\"column\">\n\t\t\t<div class=\"elementor-widget-wrap\">\n\t\t\t\t\t\t\t<\/div>\n\t\t<\/div>\n\t\t\t\t<div class=\"elementor-column elementor-col-33 elementor-inner-column elementor-element elementor-element-33279153\" data-id=\"33279153\" data-element_type=\"column\">\n\t\t\t<div class=\"elementor-widget-wrap elementor-element-populated\">\n\t\t\t\t\t\t<div class=\"elementor-element elementor-element-28e397e4 elementor-widget elementor-widget-text-editor\" data-id=\"28e397e4\" data-element_type=\"widget\" data-widget_type=\"text-editor.default\">\n\t\t\t\t<div class=\"elementor-widget-container\">\n\t\t\t\t\t\t\t\t\t<p>Hemos a\u00f1adido una nueva secci\u00f3n a nuestro canal de YouTube: MAHLE SmartBike Lab. Aqu\u00ed, subiremos v\u00eddeos t\u00e9cnicos sobre nuestros sistemas.<\/p>\n\t\t\t\t\t\t\t\t<\/div>\n\t\t\t\t<\/div>\n\t\t\t\t\t<\/div>\n\t\t<\/div>\n\t\t\t\t<div class=\"elementor-column elementor-col-33 elementor-inner-column elementor-element elementor-element-6c4c05ae\" data-id=\"6c4c05ae\" data-element_type=\"column\">\n\t\t\t<div class=\"elementor-widget-wrap\">\n\t\t\t\t\t\t\t<\/div>\n\t\t<\/div>\n\t\t\t\t\t<\/div>\n\t\t<\/section>\n\t\t\t\t\t<\/div>\n\t\t<\/div>\n\t\t\t\t\t<\/div>\n\t\t<\/section>\n\t\t\t\t<section class=\"elementor-section elementor-top-section elementor-element elementor-element-80cc1f7 elementor-section-boxed elementor-section-height-default elementor-section-height-default\" data-id=\"80cc1f7\" data-element_type=\"section\" id=\"application\">\n\t\t\t\t\t\t<div class=\"elementor-container elementor-column-gap-default\">\n\t\t\t\t\t<div class=\"elementor-column elementor-col-100 elementor-top-column elementor-element elementor-element-442871d0\" data-id=\"442871d0\" data-element_type=\"column\">\n\t\t\t<div class=\"elementor-widget-wrap elementor-element-populated\">\n\t\t\t\t\t\t<section class=\"elementor-section elementor-inner-section elementor-element elementor-element-30ff28c7 elementor-section-content-middle elementor-reverse-mobile_extra elementor-reverse-mobile elementor-section-boxed elementor-section-height-default elementor-section-height-default\" data-id=\"30ff28c7\" data-element_type=\"section\">\n\t\t\t\t\t\t<div class=\"elementor-container elementor-column-gap-default\">\n\t\t\t\t\t<div class=\"elementor-column elementor-col-50 elementor-inner-column elementor-element elementor-element-5f3e7ecc\" data-id=\"5f3e7ecc\" data-element_type=\"column\">\n\t\t\t<div class=\"elementor-widget-wrap elementor-element-populated\">\n\t\t\t\t\t\t<div class=\"elementor-element elementor-element-3575679 elementor-invisible elementor-widget elementor-widget-text-editor\" data-id=\"3575679\" data-element_type=\"widget\" data-settings=\"{&quot;_animation&quot;:&quot;fadeInUp&quot;}\" data-widget_type=\"text-editor.default\">\n\t\t\t\t<div class=\"elementor-widget-container\">\n\t\t\t\t\t\t\t\t\t<p>Trataremos diversos temas en esta secci\u00f3n de noticias, como por ejemplo, actualizaciones de software, c\u00f3mo instalar pantallas, instrucciones de uso, primeros pasos con nuestros sistemas y otros consejos sobre mantenimiento y revisi\u00f3n de tu eBike. Estos contenidos se centrar\u00e1n en dar soporte a los ciclistas, distribuidores y fabricantes de equipos originales a trav\u00e9s soluciones t\u00e9cnicas relacionadas con nuestros Sistemas MAHLE.<\/p>\t\t\t\t\t\t\t\t<\/div>\n\t\t\t\t<\/div>\n\t\t\t\t\t<\/div>\n\t\t<\/div>\n\t\t\t\t<div class=\"elementor-column elementor-col-50 elementor-inner-column elementor-element elementor-element-36c2efb3\" data-id=\"36c2efb3\" data-element_type=\"column\">\n\t\t\t<div class=\"elementor-widget-wrap elementor-element-populated\">\n\t\t\t\t\t\t<div class=\"elementor-element elementor-element-1202e263 elementor-invisible elementor-widget elementor-widget-image\" data-id=\"1202e263\" data-element_type=\"widget\" data-settings=\"{&quot;_animation&quot;:&quot;fadeInUp&quot;}\" data-widget_type=\"image.default\">\n\t\t\t\t<div class=\"elementor-widget-container\">\n\t\t\t\t\t\t\t\t\t\t\t\t\t\t\t<img fetchpriority=\"high\" decoding=\"async\" width=\"1920\" height=\"1080\" src=\"https:\/\/mahle-smartbike.com\/wp-content\/uploads\/2022\/09\/MicrosoftTeams-image-19.jpg\" class=\"attachment-full size-full wp-image-14473\" alt=\"\" srcset=\"https:\/\/mahle-smartbike.com\/wp-content\/uploads\/2022\/09\/MicrosoftTeams-image-19.jpg 1920w, https:\/\/mahle-smartbike.com\/wp-content\/uploads\/2022\/09\/MicrosoftTeams-image-19-300x169.jpg 300w, https:\/\/mahle-smartbike.com\/wp-content\/uploads\/2022\/09\/MicrosoftTeams-image-19-1024x576.jpg 1024w, https:\/\/mahle-smartbike.com\/wp-content\/uploads\/2022\/09\/MicrosoftTeams-image-19-768x432.jpg 768w, https:\/\/mahle-smartbike.com\/wp-content\/uploads\/2022\/09\/MicrosoftTeams-image-19-1536x864.jpg 1536w\" sizes=\"(max-width: 1920px) 100vw, 1920px\" \/>\t\t\t\t\t\t\t\t\t\t\t\t\t\t\t<\/div>\n\t\t\t\t<\/div>\n\t\t\t\t\t<\/div>\n\t\t<\/div>\n\t\t\t\t\t<\/div>\n\t\t<\/section>\n\t\t\t\t\t<\/div>\n\t\t<\/div>\n\t\t\t\t\t<\/div>\n\t\t<\/section>\n\t\t\t\t<section class=\"elementor-section elementor-top-section elementor-element elementor-element-107b7dc3 elementor-section-boxed elementor-section-height-default elementor-section-height-default\" data-id=\"107b7dc3\" data-element_type=\"section\" id=\"web-app\">\n\t\t\t\t\t\t<div class=\"elementor-container elementor-column-gap-default\">\n\t\t\t\t\t<div class=\"elementor-column elementor-col-100 elementor-top-column elementor-element elementor-element-190f9a78\" data-id=\"190f9a78\" data-element_type=\"column\">\n\t\t\t<div class=\"elementor-widget-wrap elementor-element-populated\">\n\t\t\t\t\t\t<section class=\"elementor-section elementor-inner-section elementor-element elementor-element-6c8a37ea elementor-section-content-middle elementor-section-boxed elementor-section-height-default elementor-section-height-default\" data-id=\"6c8a37ea\" data-element_type=\"section\">\n\t\t\t\t\t\t<div class=\"elementor-container elementor-column-gap-default\">\n\t\t\t\t\t<div class=\"elementor-column elementor-col-50 elementor-inner-column elementor-element elementor-element-185548a2\" data-id=\"185548a2\" data-element_type=\"column\">\n\t\t\t<div class=\"elementor-widget-wrap elementor-element-populated\">\n\t\t\t\t\t\t<div class=\"elementor-element elementor-element-67d98826 elementor-invisible elementor-widget elementor-widget-image\" data-id=\"67d98826\" data-element_type=\"widget\" data-settings=\"{&quot;_animation&quot;:&quot;fadeInUp&quot;}\" data-widget_type=\"image.default\">\n\t\t\t\t<div class=\"elementor-widget-container\">\n\t\t\t\t\t\t\t\t\t\t\t\t\t\t\t<img decoding=\"async\" width=\"1920\" height=\"1080\" src=\"https:\/\/mahle-smartbike.com\/wp-content\/uploads\/2022\/09\/MicrosoftTeams-image-20.jpg\" class=\"attachment-full size-full wp-image-14475\" alt=\"Update X20 System Firmware\" srcset=\"https:\/\/mahle-smartbike.com\/wp-content\/uploads\/2022\/09\/MicrosoftTeams-image-20.jpg 1920w, https:\/\/mahle-smartbike.com\/wp-content\/uploads\/2022\/09\/MicrosoftTeams-image-20-300x169.jpg 300w, https:\/\/mahle-smartbike.com\/wp-content\/uploads\/2022\/09\/MicrosoftTeams-image-20-1024x576.jpg 1024w, https:\/\/mahle-smartbike.com\/wp-content\/uploads\/2022\/09\/MicrosoftTeams-image-20-768x432.jpg 768w, https:\/\/mahle-smartbike.com\/wp-content\/uploads\/2022\/09\/MicrosoftTeams-image-20-1536x864.jpg 1536w\" sizes=\"(max-width: 1920px) 100vw, 1920px\" \/>\t\t\t\t\t\t\t\t\t\t\t\t\t\t\t<\/div>\n\t\t\t\t<\/div>\n\t\t\t\t\t<\/div>\n\t\t<\/div>\n\t\t\t\t<div class=\"elementor-column elementor-col-50 elementor-inner-column elementor-element elementor-element-68e22f40\" data-id=\"68e22f40\" data-element_type=\"column\">\n\t\t\t<div class=\"elementor-widget-wrap elementor-element-populated\">\n\t\t\t\t\t\t<div class=\"elementor-element elementor-element-c4aefa5 elementor-invisible elementor-widget elementor-widget-text-editor\" data-id=\"c4aefa5\" data-element_type=\"widget\" data-settings=\"{&quot;_animation&quot;:&quot;fadeInUp&quot;}\" data-widget_type=\"text-editor.default\">\n\t\t\t\t<div class=\"elementor-widget-container\">\n\t\t\t\t\t\t\t\t\t<p>Por ahora, los siguientes v\u00eddeos ya est\u00e1n disponibles en nuestro canal de YouTube: \u00abActualizaci\u00f3n del sistema X20\u00bb, \u00abPrimeros pasos del sistema X20\u00bb, \u00abPrimeros pasos de la HMI\u00bb, \u00abC\u00f3mo emparejar el PULSAR ONE\u00bb y \u00abC\u00f3mo cambiar la rueda trasera\u00bb. No obstante, pronto encontrar\u00e1s mucho m\u00e1s contenido.<\/p>\n\t\t\t\t\t\t\t\t<\/div>\n\t\t\t\t<\/div>\n\t\t\t\t\t<\/div>\n\t\t<\/div>\n\t\t\t\t\t<\/div>\n\t\t<\/section>\n\t\t\t\t\t<\/div>\n\t\t<\/div>\n\t\t\t\t\t<\/div>\n\t\t<\/section>\n\t\t\t\t<section class=\"elementor-section elementor-top-section elementor-element elementor-element-3830b85f elementor-section-boxed elementor-section-height-default elementor-section-height-default\" data-id=\"3830b85f\" data-element_type=\"section\">\n\t\t\t\t\t\t<div class=\"elementor-container elementor-column-gap-default\">\n\t\t\t\t\t<div class=\"elementor-column elementor-col-100 elementor-top-column elementor-element elementor-element-1cb30529\" data-id=\"1cb30529\" data-element_type=\"column\">\n\t\t\t<div class=\"elementor-widget-wrap elementor-element-populated\">\n\t\t\t\t\t\t<section class=\"elementor-section elementor-inner-section elementor-element elementor-element-2849d6b7 elementor-section-content-middle elementor-reverse-mobile_extra elementor-reverse-mobile elementor-section-boxed elementor-section-height-default elementor-section-height-default\" data-id=\"2849d6b7\" data-element_type=\"section\">\n\t\t\t\t\t\t<div class=\"elementor-container elementor-column-gap-default\">\n\t\t\t\t\t<div class=\"elementor-column elementor-col-50 elementor-inner-column elementor-element elementor-element-1469f1d8\" data-id=\"1469f1d8\" data-element_type=\"column\">\n\t\t\t<div class=\"elementor-widget-wrap elementor-element-populated\">\n\t\t\t\t\t\t<div class=\"elementor-element elementor-element-690c529d elementor-invisible elementor-widget elementor-widget-text-editor\" data-id=\"690c529d\" data-element_type=\"widget\" data-settings=\"{&quot;_animation&quot;:&quot;fadeInUp&quot;}\" data-widget_type=\"text-editor.default\">\n\t\t\t\t<div class=\"elementor-widget-container\">\n\t\t\t\t\t\t\t\t\t<p>\u00a1No te olvides de seguirnos para no perderte nada!<\/p>\n\t\t\t\t\t\t\t\t<\/div>\n\t\t\t\t<\/div>\n\t\t\t\t<div class=\"elementor-element elementor-element-4d50a6ce read-more-cta-link elementor-invisible elementor-widget elementor-widget-heading\" data-id=\"4d50a6ce\" data-element_type=\"widget\" data-settings=\"{&quot;_animation&quot;:&quot;fadeInUp&quot;}\" data-widget_type=\"heading.default\">\n\t\t\t\t<div class=\"elementor-widget-container\">\n\t\t\t\t\t<div class=\"elementor-heading-title elementor-size-default\"><a href=\"https:\/\/www.youtube.com\/channel\/UCgfNyF-Wtgq0WTlzsV8bDmQ\" target=\"_blank\">MAHLE SmartBike Lab\n\u200b<\/a><\/div>\t\t\t\t<\/div>\n\t\t\t\t<\/div>\n\t\t\t\t\t<\/div>\n\t\t<\/div>\n\t\t\t\t<div class=\"elementor-column elementor-col-50 elementor-inner-column elementor-element elementor-element-1bd02948\" data-id=\"1bd02948\" data-element_type=\"column\">\n\t\t\t<div class=\"elementor-widget-wrap elementor-element-populated\">\n\t\t\t\t\t\t<div class=\"elementor-element elementor-element-6e5c83e4 elementor-invisible elementor-widget elementor-widget-image\" data-id=\"6e5c83e4\" data-element_type=\"widget\" data-settings=\"{&quot;_animation&quot;:&quot;fadeInUp&quot;}\" data-widget_type=\"image.default\">\n\t\t\t\t<div class=\"elementor-widget-container\">\n\t\t\t\t\t\t\t\t\t\t\t\t\t\t\t<img decoding=\"async\" width=\"1920\" height=\"1080\" src=\"https:\/\/mahle-smartbike.com\/wp-content\/uploads\/2022\/09\/MicrosoftTeams-image-17.jpg\" class=\"attachment-full size-full wp-image-14477\" alt=\"\" srcset=\"https:\/\/mahle-smartbike.com\/wp-content\/uploads\/2022\/09\/MicrosoftTeams-image-17.jpg 1920w, https:\/\/mahle-smartbike.com\/wp-content\/uploads\/2022\/09\/MicrosoftTeams-image-17-300x169.jpg 300w, https:\/\/mahle-smartbike.com\/wp-content\/uploads\/2022\/09\/MicrosoftTeams-image-17-1024x576.jpg 1024w, https:\/\/mahle-smartbike.com\/wp-content\/uploads\/2022\/09\/MicrosoftTeams-image-17-768x432.jpg 768w, https:\/\/mahle-smartbike.com\/wp-content\/uploads\/2022\/09\/MicrosoftTeams-image-17-1536x864.jpg 1536w\" sizes=\"(max-width: 1920px) 100vw, 1920px\" \/>\t\t\t\t\t\t\t\t\t\t\t\t\t\t\t<\/div>\n\t\t\t\t<\/div>\n\t\t\t\t\t<\/div>\n\t\t<\/div>\n\t\t\t\t\t<\/div>\n\t\t<\/section>\n\t\t\t\t\t<\/div>\n\t\t<\/div>\n\t\t\t\t\t<\/div>\n\t\t<\/section>\n\t\t\t\t<\/div>\n\t\t","protected":false},"excerpt":{"rendered":"<p>MAHLE SmartBike Lab \u00a1La ayuda que necesitas est\u00e1 aqu\u00ed! Hemos a\u00f1adido una nueva secci\u00f3n a nuestro canal de YouTube: MAHLE SmartBike Lab. Aqu\u00ed, subiremos v\u00eddeos t\u00e9cnicos sobre nuestros sistemas. Trataremos diversos temas en esta secci\u00f3n de noticias, como por ejemplo, actualizaciones de software, c\u00f3mo instalar pantallas, instrucciones de uso, primeros pasos con nuestros sistemas y [&hellip;]<\/p>\n","protected":false},"author":3,"featured_media":0,"parent":0,"menu_order":0,"comment_status":"closed","ping_status":"closed","template":"","meta":{"_acf_changed":false,"_monsterinsights_skip_tracking":false,"_monsterinsights_sitenote_active":false,"_monsterinsights_sitenote_note":"","_monsterinsights_sitenote_category":0,"footnotes":""},"class_list":["post-14814","page","type-page","status-publish","hentry"],"acf":[],"yoast_head":"<!-- This site is optimized with the Yoast SEO plugin v27.2 - https:\/\/yoast.com\/product\/yoast-seo-wordpress\/ -->\n<title>SmartBike Lab<\/title>\n<meta name=\"robots\" content=\"index, follow, max-snippet:-1, max-image-preview:large, max-video-preview:-1\" \/>\n<link rel=\"canonical\" href=\"https:\/\/mahle-smartbike.com\/es\/smartbike-lab\/\" \/>\n<meta property=\"og:locale\" content=\"es_ES\" \/>\n<meta property=\"og:type\" content=\"article\" \/>\n<meta property=\"og:title\" content=\"SmartBike Lab\" \/>\n<meta property=\"og:description\" content=\"MAHLE SmartBike Lab \u00a1La ayuda que necesitas est\u00e1 aqu\u00ed! Hemos a\u00f1adido una nueva secci\u00f3n a nuestro canal de YouTube: MAHLE SmartBike Lab. Aqu\u00ed, subiremos v\u00eddeos t\u00e9cnicos sobre nuestros sistemas. Trataremos diversos temas en esta secci\u00f3n de noticias, como por ejemplo, actualizaciones de software, c\u00f3mo instalar pantallas, instrucciones de uso, primeros pasos con nuestros sistemas y [&hellip;]\" \/>\n<meta property=\"og:url\" content=\"https:\/\/mahle-smartbike.com\/es\/smartbike-lab\/\" \/>\n<meta property=\"og:site_name\" content=\"MAHLE SmartBike Systems\" \/>\n<meta property=\"article:publisher\" content=\"https:\/\/www.facebook.com\/mahlesmartbikesystems\/\" \/>\n<meta property=\"article:modified_time\" content=\"2025-05-26T14:30:15+00:00\" \/>\n<meta property=\"og:image\" content=\"https:\/\/mahle-smartbike.com\/wp-content\/uploads\/2022\/09\/MicrosoftTeams-image-19.jpg\" \/>\n<meta name=\"twitter:card\" content=\"summary_large_image\" \/>\n<meta name=\"twitter:label1\" content=\"Tiempo de lectura\" \/>\n\t<meta name=\"twitter:data1\" content=\"2 minutos\" \/>\n<script type=\"application\/ld+json\" class=\"yoast-schema-graph\">{\"@context\":\"https:\/\/schema.org\",\"@graph\":[{\"@type\":\"WebPage\",\"@id\":\"https:\/\/mahle-smartbike.com\/es\/smartbike-lab\/\",\"url\":\"https:\/\/mahle-smartbike.com\/es\/smartbike-lab\/\",\"name\":\"SmartBike Lab\",\"isPartOf\":{\"@id\":\"https:\/\/mahle-smartbike.com\/#website\"},\"primaryImageOfPage\":{\"@id\":\"https:\/\/mahle-smartbike.com\/es\/smartbike-lab\/#primaryimage\"},\"image\":{\"@id\":\"https:\/\/mahle-smartbike.com\/es\/smartbike-lab\/#primaryimage\"},\"thumbnailUrl\":\"https:\/\/mahle-smartbike.com\/wp-content\/uploads\/2022\/09\/MicrosoftTeams-image-19.jpg\",\"datePublished\":\"2022-09-12T03:35:24+00:00\",\"dateModified\":\"2025-05-26T14:30:15+00:00\",\"inLanguage\":\"es\",\"potentialAction\":[{\"@type\":\"ReadAction\",\"target\":[\"https:\/\/mahle-smartbike.com\/es\/smartbike-lab\/\"]}]},{\"@type\":\"ImageObject\",\"inLanguage\":\"es\",\"@id\":\"https:\/\/mahle-smartbike.com\/es\/smartbike-lab\/#primaryimage\",\"url\":\"https:\/\/mahle-smartbike.com\/wp-content\/uploads\/2022\/09\/MicrosoftTeams-image-19.jpg\",\"contentUrl\":\"https:\/\/mahle-smartbike.com\/wp-content\/uploads\/2022\/09\/MicrosoftTeams-image-19.jpg\"},{\"@type\":\"WebSite\",\"@id\":\"https:\/\/mahle-smartbike.com\/#website\",\"url\":\"https:\/\/mahle-smartbike.com\/\",\"name\":\"MAHLE SmartBike Systems\",\"description\":\"The lightest ebike systems on the market\",\"publisher\":{\"@id\":\"https:\/\/mahle-smartbike.com\/#organization\"},\"potentialAction\":[{\"@type\":\"SearchAction\",\"target\":{\"@type\":\"EntryPoint\",\"urlTemplate\":\"https:\/\/mahle-smartbike.com\/?s={search_term_string}\"},\"query-input\":{\"@type\":\"PropertyValueSpecification\",\"valueRequired\":true,\"valueName\":\"search_term_string\"}}],\"inLanguage\":\"es\"},{\"@type\":\"Organization\",\"@id\":\"https:\/\/mahle-smartbike.com\/#organization\",\"name\":\"MAHLE SmartBike Systems\",\"url\":\"https:\/\/mahle-smartbike.com\/\",\"logo\":{\"@type\":\"ImageObject\",\"inLanguage\":\"es\",\"@id\":\"https:\/\/mahle-smartbike.com\/#\/schema\/logo\/image\/\",\"url\":\"https:\/\/mahle-smartbike.com\/wp-content\/uploads\/2024\/05\/MAHLE-SmartBike-Systems-Logo-1-1.jpg\",\"contentUrl\":\"https:\/\/mahle-smartbike.com\/wp-content\/uploads\/2024\/05\/MAHLE-SmartBike-Systems-Logo-1-1.jpg\",\"width\":1920,\"height\":1920,\"caption\":\"MAHLE SmartBike Systems\"},\"image\":{\"@id\":\"https:\/\/mahle-smartbike.com\/#\/schema\/logo\/image\/\"},\"sameAs\":[\"https:\/\/www.facebook.com\/mahlesmartbikesystems\/\",\"https:\/\/www.instagram.com\/mahle_smartbikesystems\/\",\"https:\/\/www.linkedin.com\/company\/mahlesmartbikesystems\/\",\"https:\/\/www.youtube.com\/channel\/UCgfNyF-Wtgq0WTlzsV8bDmQ\",\"https:\/\/www.strava.com\/clubs\/mahle\",\"https:\/\/www.tiktok.com\/@mahlesmartbikesystems\"]}]}<\/script>\n<!-- \/ Yoast SEO plugin. -->","yoast_head_json":{"title":"SmartBike Lab","robots":{"index":"index","follow":"follow","max-snippet":"max-snippet:-1","max-image-preview":"max-image-preview:large","max-video-preview":"max-video-preview:-1"},"canonical":"https:\/\/mahle-smartbike.com\/es\/smartbike-lab\/","og_locale":"es_ES","og_type":"article","og_title":"SmartBike Lab","og_description":"MAHLE SmartBike Lab \u00a1La ayuda que necesitas est\u00e1 aqu\u00ed! Hemos a\u00f1adido una nueva secci\u00f3n a nuestro canal de YouTube: MAHLE SmartBike Lab. Aqu\u00ed, subiremos v\u00eddeos t\u00e9cnicos sobre nuestros sistemas. Trataremos diversos temas en esta secci\u00f3n de noticias, como por ejemplo, actualizaciones de software, c\u00f3mo instalar pantallas, instrucciones de uso, primeros pasos con nuestros sistemas y [&hellip;]","og_url":"https:\/\/mahle-smartbike.com\/es\/smartbike-lab\/","og_site_name":"MAHLE SmartBike Systems","article_publisher":"https:\/\/www.facebook.com\/mahlesmartbikesystems\/","article_modified_time":"2025-05-26T14:30:15+00:00","og_image":[{"url":"https:\/\/mahle-smartbike.com\/wp-content\/uploads\/2022\/09\/MicrosoftTeams-image-19.jpg","type":"","width":"","height":""}],"twitter_card":"summary_large_image","twitter_misc":{"Tiempo de lectura":"2 minutos"},"schema":{"@context":"https:\/\/schema.org","@graph":[{"@type":"WebPage","@id":"https:\/\/mahle-smartbike.com\/es\/smartbike-lab\/","url":"https:\/\/mahle-smartbike.com\/es\/smartbike-lab\/","name":"SmartBike Lab","isPartOf":{"@id":"https:\/\/mahle-smartbike.com\/#website"},"primaryImageOfPage":{"@id":"https:\/\/mahle-smartbike.com\/es\/smartbike-lab\/#primaryimage"},"image":{"@id":"https:\/\/mahle-smartbike.com\/es\/smartbike-lab\/#primaryimage"},"thumbnailUrl":"https:\/\/mahle-smartbike.com\/wp-content\/uploads\/2022\/09\/MicrosoftTeams-image-19.jpg","datePublished":"2022-09-12T03:35:24+00:00","dateModified":"2025-05-26T14:30:15+00:00","inLanguage":"es","potentialAction":[{"@type":"ReadAction","target":["https:\/\/mahle-smartbike.com\/es\/smartbike-lab\/"]}]},{"@type":"ImageObject","inLanguage":"es","@id":"https:\/\/mahle-smartbike.com\/es\/smartbike-lab\/#primaryimage","url":"https:\/\/mahle-smartbike.com\/wp-content\/uploads\/2022\/09\/MicrosoftTeams-image-19.jpg","contentUrl":"https:\/\/mahle-smartbike.com\/wp-content\/uploads\/2022\/09\/MicrosoftTeams-image-19.jpg"},{"@type":"WebSite","@id":"https:\/\/mahle-smartbike.com\/#website","url":"https:\/\/mahle-smartbike.com\/","name":"MAHLE SmartBike Systems","description":"The lightest ebike systems on the market","publisher":{"@id":"https:\/\/mahle-smartbike.com\/#organization"},"potentialAction":[{"@type":"SearchAction","target":{"@type":"EntryPoint","urlTemplate":"https:\/\/mahle-smartbike.com\/?s={search_term_string}"},"query-input":{"@type":"PropertyValueSpecification","valueRequired":true,"valueName":"search_term_string"}}],"inLanguage":"es"},{"@type":"Organization","@id":"https:\/\/mahle-smartbike.com\/#organization","name":"MAHLE SmartBike Systems","url":"https:\/\/mahle-smartbike.com\/","logo":{"@type":"ImageObject","inLanguage":"es","@id":"https:\/\/mahle-smartbike.com\/#\/schema\/logo\/image\/","url":"https:\/\/mahle-smartbike.com\/wp-content\/uploads\/2024\/05\/MAHLE-SmartBike-Systems-Logo-1-1.jpg","contentUrl":"https:\/\/mahle-smartbike.com\/wp-content\/uploads\/2024\/05\/MAHLE-SmartBike-Systems-Logo-1-1.jpg","width":1920,"height":1920,"caption":"MAHLE SmartBike Systems"},"image":{"@id":"https:\/\/mahle-smartbike.com\/#\/schema\/logo\/image\/"},"sameAs":["https:\/\/www.facebook.com\/mahlesmartbikesystems\/","https:\/\/www.instagram.com\/mahle_smartbikesystems\/","https:\/\/www.linkedin.com\/company\/mahlesmartbikesystems\/","https:\/\/www.youtube.com\/channel\/UCgfNyF-Wtgq0WTlzsV8bDmQ","https:\/\/www.strava.com\/clubs\/mahle","https:\/\/www.tiktok.com\/@mahlesmartbikesystems"]}]}},"_links":{"self":[{"href":"https:\/\/mahle-smartbike.com\/es\/wp-json\/wp\/v2\/pages\/14814","targetHints":{"allow":["GET"]}}],"collection":[{"href":"https:\/\/mahle-smartbike.com\/es\/wp-json\/wp\/v2\/pages"}],"about":[{"href":"https:\/\/mahle-smartbike.com\/es\/wp-json\/wp\/v2\/types\/page"}],"author":[{"embeddable":true,"href":"https:\/\/mahle-smartbike.com\/es\/wp-json\/wp\/v2\/users\/3"}],"replies":[{"embeddable":true,"href":"https:\/\/mahle-smartbike.com\/es\/wp-json\/wp\/v2\/comments?post=14814"}],"version-history":[{"count":0,"href":"https:\/\/mahle-smartbike.com\/es\/wp-json\/wp\/v2\/pages\/14814\/revisions"}],"wp:attachment":[{"href":"https:\/\/mahle-smartbike.com\/es\/wp-json\/wp\/v2\/media?parent=14814"}],"curies":[{"name":"wp","href":"https:\/\/api.w.org\/{rel}","templated":true}]}}