{"id":14956,"date":"2022-02-09T16:30:52","date_gmt":"2022-02-09T14:30:52","guid":{"rendered":"https:\/\/mahle-smartbike.com\/politica-de-privacidad\/"},"modified":"2025-10-06T13:04:59","modified_gmt":"2025-10-06T11:04:59","slug":"politica-de-privacidad","status":"publish","type":"page","link":"https:\/\/mahle-smartbike.com\/es\/politica-de-privacidad\/","title":{"rendered":"Pol\u00edtica de privacidad"},"content":{"rendered":"\t\t<div data-elementor-type=\"wp-page\" data-elementor-id=\"14956\" class=\"elementor elementor-14956 elementor-3\" data-elementor-post-type=\"page\">\n\t\t\t\t\t\t<section class=\"elementor-section elementor-top-section elementor-element elementor-element-47680a7c elementor-section-boxed elementor-section-height-default elementor-section-height-default\" data-id=\"47680a7c\" data-element_type=\"section\">\n\t\t\t\t\t\t<div class=\"elementor-container elementor-column-gap-default\">\n\t\t\t\t\t<div class=\"elementor-column elementor-col-100 elementor-top-column elementor-element elementor-element-578a34\" data-id=\"578a34\" data-element_type=\"column\">\n\t\t\t<div class=\"elementor-widget-wrap elementor-element-populated\">\n\t\t\t\t\t\t<div class=\"elementor-element elementor-element-17dc5cc elementor-widget elementor-widget-heading\" data-id=\"17dc5cc\" data-element_type=\"widget\" data-widget_type=\"heading.default\">\n\t\t\t\t<div class=\"elementor-widget-container\">\n\t\t\t\t\t<h1 class=\"elementor-heading-title elementor-size-default\">Aviso de protecci\u00f3n de datos\n<\/h1>\t\t\t\t<\/div>\n\t\t\t\t<\/div>\n\t\t\t\t<div class=\"elementor-element elementor-element-5941530 text-editor-justified elementor-widget elementor-widget-text-editor\" data-id=\"5941530\" data-element_type=\"widget\" data-widget_type=\"text-editor.default\">\n\t\t\t\t<div class=\"elementor-widget-container\">\n\t\t\t\t\t\t\t\t\t<h4>Informaci\u00f3n de protecci\u00f3n de datos para tratar datos personales en el sitio web <a style=\"font-size: inherit;\" href=\"https:\/\/mahle-smartbike.com\/es\">https:\/\/mahle-smartbike.com\/es<\/a><\/h4>\n<ol class=\"dotted-numbered-list\">\n<li class=\"main-title\">\n<h4>El responsable del tratamiento a los efectos del Reglamento general de protecci\u00f3n de datos de la UE<br>(RGPD) es:<\/h4>\n<div>MAHLE Smartbike Systems SLU<br>Orfebres 10, Palencia<br>34004<br>Espa\u00f1a<br><a href=\"mailto:rgpd@mahle.com\">rgpd@mahle.com<\/a><\/div>\n<\/li>\n<li class=\"main-title\">\n<h4>Responsable de protecci\u00f3n de datos:<\/h4>\n<div>MAHLE International GmbH Protecci\u00f3n de datos corporativos (CY) Samira Kahlenbach 70376 Stuttgart Alemania Correo electr\u00f3nico: <a href=\"mailto:cdpo@mahle.com\">cdpo@mahle.com<\/a><\/div>\n<\/li>\n<li class=\"main-title\">\n<h4>Especificaciones legales<\/h4>\n<div>MAHLE est\u00e1 comprometida con el estricto cumplimiento de las leyes y reglamentos nacionales e internacionales<br>para salvaguardar el derecho a la autodeterminaci\u00f3n informativa.<br>Cumplimos con los reglamentos europeos sobre protecci\u00f3n de datos y la ley de privacidad y las disposiciones<br>nacionales que se derivan de ellas en la recopilaci\u00f3n, el almacenamiento y el tratamiento de datos<br>personales.<\/div>\n<\/li>\n<li class=\"main-title\">\n<h4>Recopilaci\u00f3n y tratamiento de sus datos personales<\/h4>\n<div>Cuando visita nuestros sitios web, almacenamos autom\u00e1tica y an\u00f3nimamente el nombre de su proveedor de<br>servicios de Internet, el sitio web desde el que nos visita, las p\u00e1ginas web que visita cuando est\u00e1 en<br>nuestro sitio, los sitios web que visita desde nuestro sitio, y la fecha y duraci\u00f3n de su visita. Podemos<br>analizar e interpretar esta informaci\u00f3n, siempre que sea de forma an\u00f3nima. No se recopilan ni almacenan<br>otros datos personales a menos que d\u00e9 su consentimiento expreso. La informaci\u00f3n sobre protecci\u00f3n de datos se<br>aplica exclusivamente al uso de nuestros sitios web, pero no a sus actividades en las p\u00e1ginas de redes<br>sociales u otros proveedores a los que pueda llegar utilizando los enlaces de nuestros sitios web. Consulte<br>las p\u00e1ginas de dichos proveedores para obtener informaci\u00f3n sobre sus pol\u00edticas de privacidad y protecci\u00f3n de<br>datos.<br>Si la ley lo permite, renunciaremos a toda responsabilidad por los da\u00f1os o las p\u00e9rdidas que se deriven del<br>uso de los sitios web vinculados.<br>No almacenamos otros datos personales a menos que nos los env\u00ede, por ejemplo, en el marco de un formulario<br>de contacto, una encuesta, un concurso de premios, un registro o una ejecuci\u00f3n de contrato. Incluso en estos<br>casos, lo haremos solo en la medida en que se nos permita hacerlo seg\u00fan su consentimiento o las<br>disposiciones legales aplicables (v\u00e9ase \u00abFundamento jur\u00eddico para el tratamiento\u00bb).<br>No existe ninguna obligaci\u00f3n legal o contractual para que usted proporcione sus datos personales. Sin<br>embargo, es posible que algunas funciones de nuestro sitio web dependan de ello. Si no proporciona sus datos<br>personales en estos casos, dichas funciones pueden restringirse o no estar disponibles.<\/div>\n<\/li>\n<li class=\"main-title\">\n<h4>Finalidad del tratamiento de datos personales<\/h4>\n<div>Sus datos personales se utilizan \u00fanicamente con los fines para los que nos los ha proporcionado<br>voluntariamente, as\u00ed como para proteger nuestros sistemas inform\u00e1ticos contra ataques y otras acciones<br>ilegales. Si nos ha enviado m\u00e1s datos personales, por ejemplo, en el marco de un formulario de contacto, una<br>encuesta, un concurso de premios, un registro o una ejecuci\u00f3n de contrato, los trataremos los fines<br>mencionados, con fines de gesti\u00f3n de clientes y, en la medida que sea necesario, para ejecutar y facturar<br>transacciones comerciales, siempre atendiendo a las limitaciones de dichos fines. Obligamos a nuestros<br>empleados y proveedores de servicios a respetar la m\u00e1s estricta confidencialidad.<\/div>\n<\/li>\n<li class=\"main-title\">\n<h4>Fundamento jur\u00eddico para el tratamiento<\/h4>\n<div>Si da su consentimiento para que tratemos sus datos personales, esto constituir\u00e1 el fundamento jur\u00eddico para<br>el tratamiento (art\u00edculo 6, apartado 1, letra a] del RGPD).<br>El art\u00edculo 6, apartado 1, letra b) del RGPD constituir\u00e1 el fundamento jur\u00eddico para tratar datos personales<br>si se deben tomar medidas antes de celebrar o ejecutar un contrato con usted.<br>Si el tratamiento de sus datos personales es necesario para cumplir con nuestras obligaciones legales (por<br>ejemplo, almacenar datos), estamos autorizados a hacerlo conforme al art\u00edculo 6, apartado 1, letra c) del<br>RGPD.<br>Adem\u00e1s, tratamos datos personales con los fines de inter\u00e9s leg\u00edtimo que nosotros o un tercero establezcamos<br>conforme al art\u00edculo 6, apartado 1, letra f) del RGPD. Dichos fines de inter\u00e9s leg\u00edtimo son el mantenimiento<br>de la funcionalidad de nuestros sistemas inform\u00e1ticos, la comercializaci\u00f3n de productos y servicios propios<br>o de terceros, y la documentaci\u00f3n legalmente exigida de los contactos comerciales.<\/div>\n<\/li>\n<li class=\"main-title\">\n<h4>Divulgaci\u00f3n de datos personales a terceros<\/h4>\n<div>Para el cumplimiento de las finalidades descritas a continuaci\u00f3n, se le informa de que Mahle Smartbike<br>comparte datos de car\u00e1cter personal con otras entidades del grupo.<\/div>\n<\/li>\n<li class=\"main-title\">\n<h4>Tratamiento de datos personales para enviar boletines<\/h4>\n<div>Estaremos encantados de informarle de las noticias actuales, siempre que haya dado su consentimiento<br>(art\u00edculo 6, apartado 1, letra a] del RGPD), a trav\u00e9s del bolet\u00edn informativo espec\u00edfico que se ofrece en el<br>sitio web.<br>Para que podamos enviarle el bolet\u00edn informativo, debe proporcionarnos la informaci\u00f3n solicitada que se<br>indica (por ejemplo, nombre y direcci\u00f3n de correo electr\u00f3nico). Tambi\u00e9n puede introducir y enviar otros<br>datos de forma voluntaria. A continuaci\u00f3n, le enviaremos un correo electr\u00f3nico a la direcci\u00f3n de correo<br>electr\u00f3nico que proporcion\u00f3, pidi\u00e9ndole que haga clic en un enlace de confirmaci\u00f3n para verificarla (proceso<br>de \u00abdoble suscripci\u00f3n\u00bb).<br>Almacenaremos sus datos \u00fanicamente para enviarle nuestro bolet\u00edn. Tambi\u00e9n almacenaremos su direcci\u00f3n IP y la<br>fecha en que se registr\u00f3 para tener una prueba documental de que se suscribi\u00f3 al bolet\u00edn en caso de duda.<br>Para medir el \u00e9xito de nuestros boletines, tambi\u00e9n recopilamos informaci\u00f3n sobre si estos se abren, cu\u00e1ndo<br>se abren y en qu\u00e9 enlaces se hace clic.<br>Puede cancelar la suscripci\u00f3n del bolet\u00edn en cualquier momento haciendo clic en el enlace correspondiente en<br>el pie de p\u00e1gina del bolet\u00edn.<\/div>\n<\/li>\n<li class=\"main-title\">\n<h4>Uso del formulario de contacto<\/h4>\n<div>Cuando se pone en contacto con nosotros (por ejemplo, a trav\u00e9s de formularios de contacto), almacenamos sus<br>datos con el fin de procesar su consulta (art\u00edculo 6, apartado 1, letra b] del RGPD) y en caso de que tenga<br>lugar m\u00e1s correspondencia. De lo contrario, sus datos se eliminar una vez se ha resuelto la cuesti\u00f3n. Esto<br>no se aplica a los datos para los que existen obligaciones legales o estipuladas de almacenamiento.<br><br><\/div><\/li>\n<li class=\"main-title\">\n<h4>Eliminaci\u00f3n de sus datos personales<\/h4>\n<div>Eliminamos sus datos personales tan pronto como deja de aplicarse el fin para el que los hemos recopilado y<br>tratado. El almacenamiento se lleva a cabo m\u00e1s all\u00e1 de ese momento solo si es necesario de acuerdo con las<br>leyes, reglamentos u otras disposiciones legales de la Uni\u00f3n Europea o de un Estado miembro de la Uni\u00f3n<br>Europea al que estemos sujetos.<\/div>\n<\/li>\n<li class=\"main-title\">\n<h4>Derechos de los interesados<\/h4>\n<div>\n<p>Tenga en cuenta que, como parte interesada, tiene los siguientes derechos en relaci\u00f3n con el tratamiento de<br>sus datos personales:<\/p>\n<ol>\n<li>Derecho de acceso de conformidad con el art\u00edculo 15 del RGPD.<\/li>\n<li>Derecho de rectificaci\u00f3n de conformidad con el art\u00edculo 16 del RGPD.<\/li>\n<li>Derecho de eliminaci\u00f3n de conformidad con el art\u00edculo 17 del RGPD.<\/li>\n<li>Derecho a la restricci\u00f3n del tratamiento de conformidad con el art\u00edculo 18 del RGPD.<\/li>\n<li>Derecho de portabilidad de datos de conformidad con el art\u00edculo 20 del RGPD.<\/li>\n<\/ol>\n<p>Si ha dado su consentimiento para que procesemos sus datos personales, puede retirarlo en cualquier momento.<br>Por \u00faltimo, tiene derecho a oponerse, por motivos relacionados con su situaci\u00f3n particular, en cualquier<br>momento al tratamiento de los datos personales que le conciernen y al tratamiento que se basa en el art\u00edculo<br>6, apartado 1, letra f) del RGPD. (tratamiento de datos seg\u00fan ponderaci\u00f3n de intereses). Si se opone, ya no<br>procesaremos sus datos personales a menos que demostremos motivos leg\u00edtimos convincentes para el tratamiento<br>que anulen sus intereses, derechos y libertades o para el establecimiento, ejercicio o defensa de<br>reclamaciones legales.<br>La legalidad del tratamiento de sus datos personales hasta la retirada del consentimiento no se ve afectada<br>por la retirada de los mismos. La retirada del consentimiento tampoco afecta al posible tratamiento<br>posterior de estos datos sobre una base jur\u00eddica diferente, por ejemplo, para cumplir con obligaciones<br>legales (consulte la secci\u00f3n titulada \u00abBase jur\u00eddica para el tratamiento\u00bb).<br>Si considera que el tratamiento de sus datos personales infringe las disposiciones legales, puede presentar<br>una queja ante una autoridad de control de protecci\u00f3n de datos con jurisdicci\u00f3n de conformidad con el<br>art\u00edculo 77 del RGPD.<\/p>\n<\/div>\n<\/li>\n<li class=\"main-title\">\n<h4>Persona de contacto<\/h4>\n<div>\n<p>Si tiene alguna pregunta sobre la protecci\u00f3n de datos en MAHLE o desea ejercer sus derechos en relaci\u00f3n con sus datos o realizar declaraciones como interesado, p\u00f3ngase en contacto con nuestro coordinador local de protecci\u00f3n de datos a trav\u00e9s de este correo electr\u00f3nico <a href=\"mailto:rgpd@mahle.com\">rgpd@mahle.com<\/a>, o utilice la direcci\u00f3n oficial de MAHLE International GmbH, Pragstra\u00dfe 26-46, 70376 Stuttgart, Alemania. Tambi\u00e9n puede ponerse en contacto con nuestro responsable de protecci\u00f3n de datos corporativos en la direcci\u00f3n antes mencionada o en <a href=\"mailto:cdpo@mahle.com\">cdpo@mahle.com<\/a>.<\/p>\n<\/div>\n<\/li>\n<\/ol>\t\t\t\t\t\t\t\t<\/div>\n\t\t\t\t<\/div>\n\t\t\t\t\t<\/div>\n\t\t<\/div>\n\t\t\t\t\t<\/div>\n\t\t<\/section>\n\t\t\t\t<\/div>\n\t\t","protected":false},"excerpt":{"rendered":"<p>Aviso de protecci\u00f3n de datos Informaci\u00f3n de protecci\u00f3n de datos para tratar datos personales en el sitio web https:\/\/mahle-smartbike.com\/es El responsable del tratamiento a los efectos del Reglamento general de protecci\u00f3n de datos de la UE(RGPD) es: MAHLE Smartbike Systems SLUOrfebres 10, Palencia34004Espa\u00f1argpd@mahle.com Responsable de protecci\u00f3n de datos: MAHLE International GmbH Protecci\u00f3n de datos corporativos [&hellip;]<\/p>\n","protected":false},"author":3,"featured_media":0,"parent":0,"menu_order":0,"comment_status":"closed","ping_status":"open","template":"","meta":{"_acf_changed":false,"_monsterinsights_skip_tracking":false,"_monsterinsights_sitenote_active":false,"_monsterinsights_sitenote_note":"","_monsterinsights_sitenote_category":0,"footnotes":""},"class_list":["post-14956","page","type-page","status-publish","hentry"],"acf":[],"yoast_head":"<!-- This site is optimized with the Yoast SEO plugin v27.2 - https:\/\/yoast.com\/product\/yoast-seo-wordpress\/ -->\n<title>Pol\u00edtica de privacidad<\/title>\n<meta name=\"robots\" content=\"index, follow, max-snippet:-1, max-image-preview:large, max-video-preview:-1\" \/>\n<link rel=\"canonical\" href=\"https:\/\/mahle-smartbike.com\/privacy-policy\/\" \/>\n<meta property=\"og:locale\" content=\"es_ES\" \/>\n<meta property=\"og:type\" content=\"article\" \/>\n<meta property=\"og:title\" content=\"Pol\u00edtica de privacidad\" \/>\n<meta property=\"og:description\" content=\"Aviso de protecci\u00f3n de datos Informaci\u00f3n de protecci\u00f3n de datos para tratar datos personales en el sitio web https:\/\/mahle-smartbike.com\/es El responsable del tratamiento a los efectos del Reglamento general de protecci\u00f3n de datos de la UE(RGPD) es: MAHLE Smartbike Systems SLUOrfebres 10, Palencia34004Espa\u00f1argpd@mahle.com Responsable de protecci\u00f3n de datos: MAHLE International GmbH Protecci\u00f3n de datos corporativos [&hellip;]\" \/>\n<meta property=\"og:url\" content=\"https:\/\/mahle-smartbike.com\/privacy-policy\/\" \/>\n<meta property=\"og:site_name\" content=\"MAHLE SmartBike Systems\" \/>\n<meta property=\"article:publisher\" content=\"https:\/\/www.facebook.com\/mahlesmartbikesystems\/\" \/>\n<meta property=\"article:modified_time\" content=\"2025-10-06T11:04:59+00:00\" \/>\n<meta property=\"og:image\" content=\"https:\/\/mahle-smartbike.com\/wp-content\/uploads\/2024\/11\/Mahle_X30_Perpignan_23-1-scaled.webp\" \/>\n\t<meta property=\"og:image:width\" content=\"2560\" \/>\n\t<meta property=\"og:image:height\" content=\"1626\" \/>\n\t<meta property=\"og:image:type\" content=\"image\/webp\" \/>\n<meta name=\"twitter:card\" content=\"summary_large_image\" \/>\n<meta name=\"twitter:label1\" content=\"Tiempo de lectura\" \/>\n\t<meta name=\"twitter:data1\" content=\"7 minutos\" \/>\n<script type=\"application\/ld+json\" class=\"yoast-schema-graph\">{\"@context\":\"https:\/\/schema.org\",\"@graph\":[{\"@type\":\"WebPage\",\"@id\":\"https:\/\/mahle-smartbike.com\/privacy-policy\/\",\"url\":\"https:\/\/mahle-smartbike.com\/privacy-policy\/\",\"name\":\"Pol\u00edtica de privacidad\",\"isPartOf\":{\"@id\":\"https:\/\/mahle-smartbike.com\/#website\"},\"datePublished\":\"2022-02-09T14:30:52+00:00\",\"dateModified\":\"2025-10-06T11:04:59+00:00\",\"inLanguage\":\"es\",\"potentialAction\":[{\"@type\":\"ReadAction\",\"target\":[\"https:\/\/mahle-smartbike.com\/privacy-policy\/\"]}]},{\"@type\":\"WebSite\",\"@id\":\"https:\/\/mahle-smartbike.com\/#website\",\"url\":\"https:\/\/mahle-smartbike.com\/\",\"name\":\"MAHLE SmartBike Systems\",\"description\":\"The lightest ebike systems on the market\",\"publisher\":{\"@id\":\"https:\/\/mahle-smartbike.com\/#organization\"},\"potentialAction\":[{\"@type\":\"SearchAction\",\"target\":{\"@type\":\"EntryPoint\",\"urlTemplate\":\"https:\/\/mahle-smartbike.com\/?s={search_term_string}\"},\"query-input\":{\"@type\":\"PropertyValueSpecification\",\"valueRequired\":true,\"valueName\":\"search_term_string\"}}],\"inLanguage\":\"es\"},{\"@type\":\"Organization\",\"@id\":\"https:\/\/mahle-smartbike.com\/#organization\",\"name\":\"MAHLE SmartBike Systems\",\"url\":\"https:\/\/mahle-smartbike.com\/\",\"logo\":{\"@type\":\"ImageObject\",\"inLanguage\":\"es\",\"@id\":\"https:\/\/mahle-smartbike.com\/#\/schema\/logo\/image\/\",\"url\":\"https:\/\/mahle-smartbike.com\/wp-content\/uploads\/2024\/05\/MAHLE-SmartBike-Systems-Logo-1-1.jpg\",\"contentUrl\":\"https:\/\/mahle-smartbike.com\/wp-content\/uploads\/2024\/05\/MAHLE-SmartBike-Systems-Logo-1-1.jpg\",\"width\":1920,\"height\":1920,\"caption\":\"MAHLE SmartBike Systems\"},\"image\":{\"@id\":\"https:\/\/mahle-smartbike.com\/#\/schema\/logo\/image\/\"},\"sameAs\":[\"https:\/\/www.facebook.com\/mahlesmartbikesystems\/\",\"https:\/\/www.instagram.com\/mahle_smartbikesystems\/\",\"https:\/\/www.linkedin.com\/company\/mahlesmartbikesystems\/\",\"https:\/\/www.youtube.com\/channel\/UCgfNyF-Wtgq0WTlzsV8bDmQ\",\"https:\/\/www.strava.com\/clubs\/mahle\",\"https:\/\/www.tiktok.com\/@mahlesmartbikesystems\"]}]}<\/script>\n<!-- \/ Yoast SEO plugin. -->","yoast_head_json":{"title":"Pol\u00edtica de privacidad","robots":{"index":"index","follow":"follow","max-snippet":"max-snippet:-1","max-image-preview":"max-image-preview:large","max-video-preview":"max-video-preview:-1"},"canonical":"https:\/\/mahle-smartbike.com\/privacy-policy\/","og_locale":"es_ES","og_type":"article","og_title":"Pol\u00edtica de privacidad","og_description":"Aviso de protecci\u00f3n de datos Informaci\u00f3n de protecci\u00f3n de datos para tratar datos personales en el sitio web https:\/\/mahle-smartbike.com\/es El responsable del tratamiento a los efectos del Reglamento general de protecci\u00f3n de datos de la UE(RGPD) es: MAHLE Smartbike Systems SLUOrfebres 10, Palencia34004Espa\u00f1argpd@mahle.com Responsable de protecci\u00f3n de datos: MAHLE International GmbH Protecci\u00f3n de datos corporativos [&hellip;]","og_url":"https:\/\/mahle-smartbike.com\/privacy-policy\/","og_site_name":"MAHLE SmartBike Systems","article_publisher":"https:\/\/www.facebook.com\/mahlesmartbikesystems\/","article_modified_time":"2025-10-06T11:04:59+00:00","og_image":[{"width":2560,"height":1626,"url":"https:\/\/mahle-smartbike.com\/wp-content\/uploads\/2024\/11\/Mahle_X30_Perpignan_23-1-scaled.webp","type":"image\/webp"}],"twitter_card":"summary_large_image","twitter_misc":{"Tiempo de lectura":"7 minutos"},"schema":{"@context":"https:\/\/schema.org","@graph":[{"@type":"WebPage","@id":"https:\/\/mahle-smartbike.com\/privacy-policy\/","url":"https:\/\/mahle-smartbike.com\/privacy-policy\/","name":"Pol\u00edtica de privacidad","isPartOf":{"@id":"https:\/\/mahle-smartbike.com\/#website"},"datePublished":"2022-02-09T14:30:52+00:00","dateModified":"2025-10-06T11:04:59+00:00","inLanguage":"es","potentialAction":[{"@type":"ReadAction","target":["https:\/\/mahle-smartbike.com\/privacy-policy\/"]}]},{"@type":"WebSite","@id":"https:\/\/mahle-smartbike.com\/#website","url":"https:\/\/mahle-smartbike.com\/","name":"MAHLE SmartBike Systems","description":"The lightest ebike systems on the market","publisher":{"@id":"https:\/\/mahle-smartbike.com\/#organization"},"potentialAction":[{"@type":"SearchAction","target":{"@type":"EntryPoint","urlTemplate":"https:\/\/mahle-smartbike.com\/?s={search_term_string}"},"query-input":{"@type":"PropertyValueSpecification","valueRequired":true,"valueName":"search_term_string"}}],"inLanguage":"es"},{"@type":"Organization","@id":"https:\/\/mahle-smartbike.com\/#organization","name":"MAHLE SmartBike Systems","url":"https:\/\/mahle-smartbike.com\/","logo":{"@type":"ImageObject","inLanguage":"es","@id":"https:\/\/mahle-smartbike.com\/#\/schema\/logo\/image\/","url":"https:\/\/mahle-smartbike.com\/wp-content\/uploads\/2024\/05\/MAHLE-SmartBike-Systems-Logo-1-1.jpg","contentUrl":"https:\/\/mahle-smartbike.com\/wp-content\/uploads\/2024\/05\/MAHLE-SmartBike-Systems-Logo-1-1.jpg","width":1920,"height":1920,"caption":"MAHLE SmartBike Systems"},"image":{"@id":"https:\/\/mahle-smartbike.com\/#\/schema\/logo\/image\/"},"sameAs":["https:\/\/www.facebook.com\/mahlesmartbikesystems\/","https:\/\/www.instagram.com\/mahle_smartbikesystems\/","https:\/\/www.linkedin.com\/company\/mahlesmartbikesystems\/","https:\/\/www.youtube.com\/channel\/UCgfNyF-Wtgq0WTlzsV8bDmQ","https:\/\/www.strava.com\/clubs\/mahle","https:\/\/www.tiktok.com\/@mahlesmartbikesystems"]}]}},"_links":{"self":[{"href":"https:\/\/mahle-smartbike.com\/es\/wp-json\/wp\/v2\/pages\/14956","targetHints":{"allow":["GET"]}}],"collection":[{"href":"https:\/\/mahle-smartbike.com\/es\/wp-json\/wp\/v2\/pages"}],"about":[{"href":"https:\/\/mahle-smartbike.com\/es\/wp-json\/wp\/v2\/types\/page"}],"author":[{"embeddable":true,"href":"https:\/\/mahle-smartbike.com\/es\/wp-json\/wp\/v2\/users\/3"}],"replies":[{"embeddable":true,"href":"https:\/\/mahle-smartbike.com\/es\/wp-json\/wp\/v2\/comments?post=14956"}],"version-history":[{"count":3,"href":"https:\/\/mahle-smartbike.com\/es\/wp-json\/wp\/v2\/pages\/14956\/revisions"}],"predecessor-version":[{"id":66099,"href":"https:\/\/mahle-smartbike.com\/es\/wp-json\/wp\/v2\/pages\/14956\/revisions\/66099"}],"wp:attachment":[{"href":"https:\/\/mahle-smartbike.com\/es\/wp-json\/wp\/v2\/media?parent=14956"}],"curies":[{"name":"wp","href":"https:\/\/api.w.org\/{rel}","templated":true}]}}