{"id":43957,"date":"2024-10-27T20:20:22","date_gmt":"2024-10-27T18:20:22","guid":{"rendered":"https:\/\/mahle-smartbike.com\/localizador-de-concesionarios\/"},"modified":"2025-05-19T11:10:03","modified_gmt":"2025-05-19T09:10:03","slug":"localizador-de-distribuidores","status":"publish","type":"page","link":"https:\/\/mahle-smartbike.com\/es\/localizador-de-distribuidores\/","title":{"rendered":"Localizador de Distribuidores"},"content":{"rendered":"\t\t<div data-elementor-type=\"wp-page\" data-elementor-id=\"43957\" class=\"elementor elementor-43957 elementor-43806\" data-elementor-post-type=\"page\">\n\t\t\t\t\t\t<section class=\"elementor-section elementor-top-section elementor-element elementor-element-40d8cd32 elementor-section-full_width sticky-inner-header elementor-section-height-min-height elementor-section-height-default elementor-section-items-middle\" data-id=\"40d8cd32\" data-element_type=\"section\" data-settings=\"{&quot;background_background&quot;:&quot;classic&quot;,&quot;sticky&quot;:&quot;top&quot;,&quot;sticky_offset&quot;:72,&quot;sticky_on&quot;:[&quot;widescreen&quot;,&quot;desktop&quot;,&quot;tablet&quot;,&quot;mobile_extra&quot;,&quot;mobile&quot;],&quot;sticky_effects_offset&quot;:0,&quot;sticky_anchor_link_offset&quot;:0}\">\n\t\t\t\t\t\t<div class=\"elementor-container elementor-column-gap-default\">\n\t\t\t\t\t<div class=\"elementor-column elementor-col-100 elementor-top-column elementor-element elementor-element-5c5c933d\" data-id=\"5c5c933d\" data-element_type=\"column\">\n\t\t\t<div class=\"elementor-widget-wrap elementor-element-populated\">\n\t\t\t\t\t\t<section class=\"elementor-section elementor-inner-section elementor-element elementor-element-1ebf77be elementor-section-content-middle elementor-section-boxed elementor-section-height-default elementor-section-height-default\" data-id=\"1ebf77be\" data-element_type=\"section\">\n\t\t\t\t\t\t<div class=\"elementor-container elementor-column-gap-default\">\n\t\t\t\t\t<div class=\"elementor-column elementor-col-100 elementor-inner-column elementor-element elementor-element-40a1beac\" data-id=\"40a1beac\" data-element_type=\"column\">\n\t\t\t<div class=\"elementor-widget-wrap elementor-element-populated\">\n\t\t\t\t\t\t<div class=\"elementor-element elementor-element-3caf70d7 elementor-widget__width-inherit elementor-widget-mobile_extra__width-initial elementor-widget elementor-widget-heading\" data-id=\"3caf70d7\" data-element_type=\"widget\" data-widget_type=\"heading.default\">\n\t\t\t\t<div class=\"elementor-widget-container\">\n\t\t\t\t\t<h3 class=\"elementor-heading-title elementor-size-default\">Localizador de Distribuidores<\/h3>\t\t\t\t<\/div>\n\t\t\t\t<\/div>\n\t\t\t\t\t<\/div>\n\t\t<\/div>\n\t\t\t\t\t<\/div>\n\t\t<\/section>\n\t\t\t\t\t<\/div>\n\t\t<\/div>\n\t\t\t\t\t<\/div>\n\t\t<\/section>\n\t\t\t\t<section class=\"elementor-section elementor-top-section elementor-element elementor-element-4996a8da elementor-section-full_width elementor-section-height-min-height elementor-section-items-stretch elementor-section-content-middle elementor-section-height-default\" data-id=\"4996a8da\" data-element_type=\"section\" data-settings=\"{&quot;background_background&quot;:&quot;classic&quot;}\">\n\t\t\t\t\t\t\t<div class=\"elementor-background-overlay\"><\/div>\n\t\t\t\t\t\t\t<div class=\"elementor-container elementor-column-gap-default\">\n\t\t\t\t\t<div class=\"elementor-column elementor-col-100 elementor-top-column elementor-element elementor-element-7350238c\" data-id=\"7350238c\" data-element_type=\"column\">\n\t\t\t<div class=\"elementor-widget-wrap elementor-element-populated\">\n\t\t\t\t\t\t<section class=\"elementor-section elementor-inner-section elementor-element elementor-element-1270f5f1 elementor-section-content-middle elementor-section-boxed elementor-section-height-default elementor-section-height-default\" data-id=\"1270f5f1\" data-element_type=\"section\">\n\t\t\t\t\t\t<div class=\"elementor-container elementor-column-gap-default\">\n\t\t\t\t\t<div class=\"elementor-column elementor-col-100 elementor-inner-column elementor-element elementor-element-34d65343\" data-id=\"34d65343\" data-element_type=\"column\">\n\t\t\t<div class=\"elementor-widget-wrap elementor-element-populated\">\n\t\t\t\t\t\t<div class=\"elementor-element elementor-element-7b85afef dealer-locator-search elementor-widget elementor-widget-shortcode\" data-id=\"7b85afef\" data-element_type=\"widget\" data-widget_type=\"shortcode.default\">\n\t\t\t\t<div class=\"elementor-widget-container\">\n\t\t\t\t\t\t\t<div class=\"elementor-shortcode\"><div id=\"asl-search\" class=\"asl-cont asl-search\" data-configuration='{\"category_control\":\"0\",\"filter_ddl\":\"\",\"redirect\":\"https:\\\/\\\/mahle-smartbike.com\\\/es\\\/mapa-del-localizador-de-distribuidores\\\/\",\"bg-color\":\"#FFFFFF\"}'>\n    <div class=\"sl-container\">\n        <section class=\"asl-search-cont\" style=\"background-color:transparent;\">\n            <div class=\"sl-row\">\n                <div class=\"pol-lg-12\">\n                    <div class=\"sl-row asl-search-widget text-center center-block\">\n                        <div class=\"pol-md-10 p-0\">\n                            <button class=\"asl-clear-btn\" type=\"button\"><svg width=\"12\" height=\"12\" viewBox=\"0 0 12 12\" xmlns=\"http:\/\/www.w3.org\/2000\/svg\"><path d=\"M.566 1.698L0 1.13 1.132 0l.565.566L6 4.868 10.302.566 10.868 0 12 1.132l-.566.565L7.132 6l4.302 4.3.566.568L10.868 12l-.565-.566L6 7.132l-4.3 4.302L1.13 12 0 10.868l.566-.565L4.868 6 .566 1.698z\"><\/path><\/svg><\/button>\n                            <input data-submit=\"disable\"  id=\"sl-search-widget-text\" class=\"form-control asl-search-cntrl isp_ignore border-r-0\" placeholder=\"Ingrese una ubicaci\u00f3n\">\n                            <span class=\"err-spn\">Destination missing or invalid<\/span>\n                            <a title=\"Ubicaci\u00f3n actual\" class=\"sl-geo-btn asl-geo\">\n                                <svg width=\"20px\" height=\"20px\" viewBox=\"0 0 561 561\" fill=\"\">\n                                    <path d=\"M280.5,178.5c-56.1,0-102,45.9-102,102c0,56.1,45.9,102,102,102c56.1,0,102-45.9,102-102 C382.5,224.4,336.6,178.5,280.5,178.5z M507.45,255C494.7,147.9,410.55,63.75,306,53.55V0h-51v53.55 C147.9,63.75,63.75,147.9,53.55,255H0v51h53.55C66.3,413.1,150.45,497.25,255,507.45V561h51v-53.55 C413.1,494.7,497.25,410.55,507.45,306H561v-51H507.45z M280.5,459C181.05,459,102,379.95,102,280.5S181.05,102,280.5,102 S459,181.05,459,280.5S379.95,459,280.5,459z\"><\/path>\n                                <\/svg>\n                            <\/a>\n                        <\/div>\n                                                                        <div class=\"pol-md p-0\">\n                            <button id=\"asl-btn-search\" type=\"button\"  class=\"asl-search-btn border-l-0 btn btn-primary custom-btn\">\n                                <label>Buscar<\/label>\n                                <svg xmlns=\"http:\/\/www.w3.org\/2000\/svg\" width=\"14.251\" height=\"27.104\" viewBox=\"0 0 14.251 27.104\">\n                                    <path id=\"Path_3710\" data-name=\"Path 3710\" d=\"M69.329.558,82.18,13.692,69.048,26.544l.553.565L83.3,13.7,69.895,0Z\" transform=\"translate(-69.048 -0.005)\" fill=\"#ffffff\"><\/path>\n                                <\/svg>\n                            <\/button>\n                        <\/div>\n                    <\/div>\n                <\/div>\n            <\/div>\n        <\/section>\n    <\/div>\n<\/div>\n<\/div>\n\t\t\t\t\t\t<\/div>\n\t\t\t\t<\/div>\n\t\t\t\t\t<\/div>\n\t\t<\/div>\n\t\t\t\t\t<\/div>\n\t\t<\/section>\n\t\t\t\t\t<\/div>\n\t\t<\/div>\n\t\t\t\t\t<\/div>\n\t\t<\/section>\n\t\t<div class=\"elementor-element elementor-element-432abef4 e-flex e-con-boxed e-con e-parent\" data-id=\"432abef4\" data-element_type=\"container\">\n\t\t\t\t\t<div class=\"e-con-inner\">\n\t\t<div class=\"elementor-element elementor-element-3708f66 e-con-full e-grid e-con e-child\" data-id=\"3708f66\" data-element_type=\"container\">\n\t\t<div class=\"elementor-element elementor-element-7e3db601 e-con-full e-flex e-con e-child\" data-id=\"7e3db601\" data-element_type=\"container\">\n\t\t\t\t<div class=\"elementor-element elementor-element-fddca45 elementor-widget elementor-widget-heading\" data-id=\"fddca45\" data-element_type=\"widget\" data-widget_type=\"heading.default\">\n\t\t\t\t<div class=\"elementor-widget-container\">\n\t\t\t\t\t<h4 class=\"elementor-heading-title elementor-size-default\">Certified Partners<\/h4>\t\t\t\t<\/div>\n\t\t\t\t<\/div>\n\t\t\t\t<div class=\"elementor-element elementor-element-30e990ae elementor-widget elementor-widget-text-editor\" data-id=\"30e990ae\" data-element_type=\"widget\" data-widget_type=\"text-editor.default\">\n\t\t\t\t<div class=\"elementor-widget-container\">\n\t\t\t\t\t\t\t\t\t<p>Los Certified Partners completan al menos una formaci\u00f3n t\u00e9cnica a trav\u00e9s de los programas LIGHT o SPORT y est\u00e1n registrados en nuestro <a href=\"https:\/\/dealer.mahle-smartbike.com\/es\/\" target=\"_blank\" rel=\"noopener noreferrer\" data-auth=\"NotApplicable\" data-linkindex=\"0\">Portal de Distribuidores<\/a>. Esto les permite ofrecer una asistencia competente y profesional para nuestras soluciones de bicicletas electricas. Adem\u00e1s, su ubicaci\u00f3n aparece en nuestro Localizador de Distribuidores, lo que facilita a los clientes encontrar un Certified Partner&nbsp;donde sea que est\u00e9n.<\/p>\t\t\t\t\t\t\t\t<\/div>\n\t\t\t\t<\/div>\n\t\t\t\t<\/div>\n\t\t<div class=\"elementor-element elementor-element-3f4ef636 e-con-full e-flex e-con e-child\" data-id=\"3f4ef636\" data-element_type=\"container\">\n\t\t\t\t<div class=\"elementor-element elementor-element-1b86adde elementor-widget elementor-widget-heading\" data-id=\"1b86adde\" data-element_type=\"widget\" data-widget_type=\"heading.default\">\n\t\t\t\t<div class=\"elementor-widget-container\">\n\t\t\t\t\t<h4 class=\"elementor-heading-title elementor-size-default\">Certified Partners PRO<\/h4>\t\t\t\t<\/div>\n\t\t\t\t<\/div>\n\t\t\t\t<div class=\"elementor-element elementor-element-4e2d7909 elementor-widget elementor-widget-text-editor\" data-id=\"4e2d7909\" data-element_type=\"widget\" data-widget_type=\"text-editor.default\">\n\t\t\t\t<div class=\"elementor-widget-container\">\n\t\t\t\t\t\t\t\t\t<p>Los Certified Partners PRO son expertos avanzados en tecnolog\u00eda MAHLE que han completado una formaci\u00f3n t\u00e9cnica a trav\u00e9s del programa SMART. Adem\u00e1s de cumplir los requisitos de Certified Partner, poseen herramientas especializadas y mantienen una relaci\u00f3n activa con un distribuidor regional autorizado. Est\u00e1n equipados para ofrecer una experiencia completa en asistencia t\u00e9cnica y servicio postventa, garantizando el m\u00e1ximo nivel de satisfacci\u00f3n del cliente.<\/p>\t\t\t\t\t\t\t\t<\/div>\n\t\t\t\t<\/div>\n\t\t\t\t<\/div>\n\t\t\t\t<\/div>\n\t\t<div class=\"elementor-element elementor-element-8559393 e-con-full e-grid e-con e-child\" data-id=\"8559393\" data-element_type=\"container\">\n\t\t<div class=\"elementor-element elementor-element-e3894bc e-con-full e-flex e-con e-child\" data-id=\"e3894bc\" data-element_type=\"container\">\n\t\t\t\t<div class=\"elementor-element elementor-element-a08e4d6 elementor-widget elementor-widget-text-editor\" data-id=\"a08e4d6\" data-element_type=\"widget\" data-widget_type=\"text-editor.default\">\n\t\t\t\t<div class=\"elementor-widget-container\">\n\t\t\t\t\t\t\t\t\t<p><span style=\"text-decoration: underline;\">I<\/span><u>mportante:<\/u> Para reclamaciones de garant\u00eda, por favor, visite siempre al distribuidor donde compr\u00f3 la bicicleta.<\/p>\t\t\t\t\t\t\t\t<\/div>\n\t\t\t\t<\/div>\n\t\t\t\t<\/div>\n\t\t\t\t<\/div>\n\t\t<div class=\"elementor-element elementor-element-54597034 e-con-full e-flex e-con e-child\" data-id=\"54597034\" data-element_type=\"container\">\n\t\t\t\t<div class=\"elementor-element elementor-element-4553e824 elementor-widget elementor-widget-heading\" data-id=\"4553e824\" data-element_type=\"widget\" data-widget_type=\"heading.default\">\n\t\t\t\t<div class=\"elementor-widget-container\">\n\t\t\t\t\t<h4 class=\"elementor-heading-title elementor-size-default\">\u00bfQuieres convertirte en Certified Partner o Certified Partner PRO?<\/h4>\t\t\t\t<\/div>\n\t\t\t\t<\/div>\n\t\t\t\t<div class=\"elementor-element elementor-element-66f23188 elementor-widget elementor-widget-text-editor\" data-id=\"66f23188\" data-element_type=\"widget\" data-widget_type=\"text-editor.default\">\n\t\t\t\t<div class=\"elementor-widget-container\">\n\t\t\t\t\t\t\t\t\t<p>Si eres un distribuidor y quieres dar el siguiente paso para convertirse en un Certified Partner\u00a0o Certified Partner\u00a0PRO de MAHLE, el proceso comienza con un simple registro en nuestro Portal de Distribuidores.<\/p>\t\t\t\t\t\t\t\t<\/div>\n\t\t\t\t<\/div>\n\t\t\t\t<div class=\"elementor-element elementor-element-15bd9b85 elementor-align-left mahle-blue-btn elementor-mobile-align-center elementor-widget elementor-widget-button\" data-id=\"15bd9b85\" data-element_type=\"widget\" data-widget_type=\"button.default\">\n\t\t\t\t<div class=\"elementor-widget-container\">\n\t\t\t\t\t\t\t\t\t<div class=\"elementor-button-wrapper\">\n\t\t\t\t\t<a class=\"elementor-button elementor-button-link elementor-size-sm\" href=\"https:\/\/dealer.mahle-smartbike.com\/es\" target=\"_blank\">\n\t\t\t\t\t\t<span class=\"elementor-button-content-wrapper\">\n\t\t\t\t\t\t<span class=\"elementor-button-icon\">\n\t\t\t\t<svg xmlns=\"http:\/\/www.w3.org\/2000\/svg\" width=\"14.251\" height=\"27.104\" viewBox=\"0 0 14.251 27.104\"><path id=\"Path_3710\" data-name=\"Path 3710\" d=\"M69.329.558,82.18,13.692,69.048,26.544l.553.565L83.3,13.7,69.895,0Z\" transform=\"translate(-69.048 -0.005)\" fill=\"#ffffff\"><\/path><\/svg>\t\t\t<\/span>\n\t\t\t\t\t\t\t\t\t<span class=\"elementor-button-text\">Inscr\u00edbete ahora<\/span>\n\t\t\t\t\t<\/span>\n\t\t\t\t\t<\/a>\n\t\t\t\t<\/div>\n\t\t\t\t\t\t\t\t<\/div>\n\t\t\t\t<\/div>\n\t\t\t\t<\/div>\n\t\t\t\t\t<\/div>\n\t\t\t\t<\/div>\n\t\t\t\t<\/div>\n\t\t","protected":false},"excerpt":{"rendered":"<p>Localizador de Distribuidores Certified Partners Los Certified Partners completan al menos una formaci\u00f3n t\u00e9cnica a trav\u00e9s de los programas LIGHT o SPORT y est\u00e1n registrados en nuestro Portal de Distribuidores. Esto les permite ofrecer una asistencia competente y profesional para nuestras soluciones de bicicletas electricas. Adem\u00e1s, su ubicaci\u00f3n aparece en nuestro Localizador de Distribuidores, lo [&hellip;]<\/p>\n","protected":false},"author":8,"featured_media":55476,"parent":0,"menu_order":0,"comment_status":"closed","ping_status":"closed","template":"","meta":{"_acf_changed":false,"_monsterinsights_skip_tracking":false,"_monsterinsights_sitenote_active":false,"_monsterinsights_sitenote_note":"","_monsterinsights_sitenote_category":0,"footnotes":""},"class_list":["post-43957","page","type-page","status-publish","has-post-thumbnail","hentry"],"acf":[],"yoast_head":"<!-- This site is optimized with the Yoast SEO plugin v27.2 - https:\/\/yoast.com\/product\/yoast-seo-wordpress\/ -->\n<title>Localizador de Distribuidores<\/title>\n<meta name=\"description\" content=\"Encuentra en el Localizador MAHLE SmartBike a Partners certificados y concesionarios PRO cerca de ti. Accede a direcciones, contacto, nivel de formaci\u00f3n y marcas soportadas.\" \/>\n<meta name=\"robots\" content=\"index, follow, max-snippet:-1, max-image-preview:large, max-video-preview:-1\" \/>\n<link rel=\"canonical\" href=\"https:\/\/mahle-smartbike.com\/es\/localizador-de-distribuidores\/\" \/>\n<meta property=\"og:locale\" content=\"es_ES\" \/>\n<meta property=\"og:type\" content=\"article\" \/>\n<meta property=\"og:title\" content=\"Localizador de Distribuidores\" \/>\n<meta property=\"og:description\" content=\"Encuentra en el Localizador MAHLE SmartBike a Partners certificados y concesionarios PRO cerca de ti. Accede a direcciones, contacto, nivel de formaci\u00f3n y marcas soportadas.\" \/>\n<meta property=\"og:url\" content=\"https:\/\/mahle-smartbike.com\/es\/localizador-de-distribuidores\/\" \/>\n<meta property=\"og:site_name\" content=\"MAHLE SmartBike Systems\" \/>\n<meta property=\"article:publisher\" content=\"https:\/\/www.facebook.com\/mahlesmartbikesystems\/\" \/>\n<meta property=\"article:modified_time\" content=\"2025-05-19T09:10:03+00:00\" \/>\n<meta property=\"og:image\" content=\"https:\/\/mahle-smartbike.com\/wp-content\/uploads\/2025\/02\/mobile_Dealer-Locator-Image-scaled-1.webp\" \/>\n\t<meta property=\"og:image:width\" content=\"1676\" \/>\n\t<meta property=\"og:image:height\" content=\"918\" \/>\n\t<meta property=\"og:image:type\" content=\"image\/webp\" \/>\n<meta name=\"twitter:card\" content=\"summary_large_image\" \/>\n<meta name=\"twitter:label1\" content=\"Tiempo de lectura\" \/>\n\t<meta name=\"twitter:data1\" content=\"2 minutos\" \/>\n<script type=\"application\/ld+json\" class=\"yoast-schema-graph\">{\"@context\":\"https:\/\/schema.org\",\"@graph\":[{\"@type\":\"WebPage\",\"@id\":\"https:\/\/mahle-smartbike.com\/es\/localizador-de-distribuidores\/\",\"url\":\"https:\/\/mahle-smartbike.com\/es\/localizador-de-distribuidores\/\",\"name\":\"Localizador de Distribuidores\",\"isPartOf\":{\"@id\":\"https:\/\/mahle-smartbike.com\/#website\"},\"primaryImageOfPage\":{\"@id\":\"https:\/\/mahle-smartbike.com\/es\/localizador-de-distribuidores\/#primaryimage\"},\"image\":{\"@id\":\"https:\/\/mahle-smartbike.com\/es\/localizador-de-distribuidores\/#primaryimage\"},\"thumbnailUrl\":\"https:\/\/mahle-smartbike.com\/wp-content\/uploads\/2025\/02\/mobile_Dealer-Locator-Image-scaled-1.webp\",\"datePublished\":\"2024-10-27T18:20:22+00:00\",\"dateModified\":\"2025-05-19T09:10:03+00:00\",\"description\":\"Encuentra en el Localizador MAHLE SmartBike a Partners certificados y concesionarios PRO cerca de ti. Accede a direcciones, contacto, nivel de formaci\u00f3n y marcas soportadas.\",\"inLanguage\":\"es\",\"potentialAction\":[{\"@type\":\"ReadAction\",\"target\":[\"https:\/\/mahle-smartbike.com\/es\/localizador-de-distribuidores\/\"]}]},{\"@type\":\"ImageObject\",\"inLanguage\":\"es\",\"@id\":\"https:\/\/mahle-smartbike.com\/es\/localizador-de-distribuidores\/#primaryimage\",\"url\":\"https:\/\/mahle-smartbike.com\/wp-content\/uploads\/2025\/02\/mobile_Dealer-Locator-Image-scaled-1.webp\",\"contentUrl\":\"https:\/\/mahle-smartbike.com\/wp-content\/uploads\/2025\/02\/mobile_Dealer-Locator-Image-scaled-1.webp\",\"width\":1676,\"height\":918,\"caption\":\"Dealer Locator\"},{\"@type\":\"WebSite\",\"@id\":\"https:\/\/mahle-smartbike.com\/#website\",\"url\":\"https:\/\/mahle-smartbike.com\/\",\"name\":\"MAHLE SmartBike Systems\",\"description\":\"The lightest ebike systems on the market\",\"publisher\":{\"@id\":\"https:\/\/mahle-smartbike.com\/#organization\"},\"potentialAction\":[{\"@type\":\"SearchAction\",\"target\":{\"@type\":\"EntryPoint\",\"urlTemplate\":\"https:\/\/mahle-smartbike.com\/?s={search_term_string}\"},\"query-input\":{\"@type\":\"PropertyValueSpecification\",\"valueRequired\":true,\"valueName\":\"search_term_string\"}}],\"inLanguage\":\"es\"},{\"@type\":\"Organization\",\"@id\":\"https:\/\/mahle-smartbike.com\/#organization\",\"name\":\"MAHLE SmartBike Systems\",\"url\":\"https:\/\/mahle-smartbike.com\/\",\"logo\":{\"@type\":\"ImageObject\",\"inLanguage\":\"es\",\"@id\":\"https:\/\/mahle-smartbike.com\/#\/schema\/logo\/image\/\",\"url\":\"https:\/\/mahle-smartbike.com\/wp-content\/uploads\/2024\/05\/MAHLE-SmartBike-Systems-Logo-1-1.jpg\",\"contentUrl\":\"https:\/\/mahle-smartbike.com\/wp-content\/uploads\/2024\/05\/MAHLE-SmartBike-Systems-Logo-1-1.jpg\",\"width\":1920,\"height\":1920,\"caption\":\"MAHLE SmartBike Systems\"},\"image\":{\"@id\":\"https:\/\/mahle-smartbike.com\/#\/schema\/logo\/image\/\"},\"sameAs\":[\"https:\/\/www.facebook.com\/mahlesmartbikesystems\/\",\"https:\/\/www.instagram.com\/mahle_smartbikesystems\/\",\"https:\/\/www.linkedin.com\/company\/mahlesmartbikesystems\/\",\"https:\/\/www.youtube.com\/channel\/UCgfNyF-Wtgq0WTlzsV8bDmQ\",\"https:\/\/www.strava.com\/clubs\/mahle\",\"https:\/\/www.tiktok.com\/@mahlesmartbikesystems\"]}]}<\/script>\n<!-- \/ Yoast SEO plugin. -->","yoast_head_json":{"title":"Localizador de Distribuidores","description":"Encuentra en el Localizador MAHLE SmartBike a Partners certificados y concesionarios PRO cerca de ti. Accede a direcciones, contacto, nivel de formaci\u00f3n y marcas soportadas.","robots":{"index":"index","follow":"follow","max-snippet":"max-snippet:-1","max-image-preview":"max-image-preview:large","max-video-preview":"max-video-preview:-1"},"canonical":"https:\/\/mahle-smartbike.com\/es\/localizador-de-distribuidores\/","og_locale":"es_ES","og_type":"article","og_title":"Localizador de Distribuidores","og_description":"Encuentra en el Localizador MAHLE SmartBike a Partners certificados y concesionarios PRO cerca de ti. Accede a direcciones, contacto, nivel de formaci\u00f3n y marcas soportadas.","og_url":"https:\/\/mahle-smartbike.com\/es\/localizador-de-distribuidores\/","og_site_name":"MAHLE SmartBike Systems","article_publisher":"https:\/\/www.facebook.com\/mahlesmartbikesystems\/","article_modified_time":"2025-05-19T09:10:03+00:00","og_image":[{"width":1676,"height":918,"url":"https:\/\/mahle-smartbike.com\/wp-content\/uploads\/2025\/02\/mobile_Dealer-Locator-Image-scaled-1.webp","type":"image\/webp"}],"twitter_card":"summary_large_image","twitter_misc":{"Tiempo de lectura":"2 minutos"},"schema":{"@context":"https:\/\/schema.org","@graph":[{"@type":"WebPage","@id":"https:\/\/mahle-smartbike.com\/es\/localizador-de-distribuidores\/","url":"https:\/\/mahle-smartbike.com\/es\/localizador-de-distribuidores\/","name":"Localizador de Distribuidores","isPartOf":{"@id":"https:\/\/mahle-smartbike.com\/#website"},"primaryImageOfPage":{"@id":"https:\/\/mahle-smartbike.com\/es\/localizador-de-distribuidores\/#primaryimage"},"image":{"@id":"https:\/\/mahle-smartbike.com\/es\/localizador-de-distribuidores\/#primaryimage"},"thumbnailUrl":"https:\/\/mahle-smartbike.com\/wp-content\/uploads\/2025\/02\/mobile_Dealer-Locator-Image-scaled-1.webp","datePublished":"2024-10-27T18:20:22+00:00","dateModified":"2025-05-19T09:10:03+00:00","description":"Encuentra en el Localizador MAHLE SmartBike a Partners certificados y concesionarios PRO cerca de ti. Accede a direcciones, contacto, nivel de formaci\u00f3n y marcas soportadas.","inLanguage":"es","potentialAction":[{"@type":"ReadAction","target":["https:\/\/mahle-smartbike.com\/es\/localizador-de-distribuidores\/"]}]},{"@type":"ImageObject","inLanguage":"es","@id":"https:\/\/mahle-smartbike.com\/es\/localizador-de-distribuidores\/#primaryimage","url":"https:\/\/mahle-smartbike.com\/wp-content\/uploads\/2025\/02\/mobile_Dealer-Locator-Image-scaled-1.webp","contentUrl":"https:\/\/mahle-smartbike.com\/wp-content\/uploads\/2025\/02\/mobile_Dealer-Locator-Image-scaled-1.webp","width":1676,"height":918,"caption":"Dealer Locator"},{"@type":"WebSite","@id":"https:\/\/mahle-smartbike.com\/#website","url":"https:\/\/mahle-smartbike.com\/","name":"MAHLE SmartBike Systems","description":"The lightest ebike systems on the market","publisher":{"@id":"https:\/\/mahle-smartbike.com\/#organization"},"potentialAction":[{"@type":"SearchAction","target":{"@type":"EntryPoint","urlTemplate":"https:\/\/mahle-smartbike.com\/?s={search_term_string}"},"query-input":{"@type":"PropertyValueSpecification","valueRequired":true,"valueName":"search_term_string"}}],"inLanguage":"es"},{"@type":"Organization","@id":"https:\/\/mahle-smartbike.com\/#organization","name":"MAHLE SmartBike Systems","url":"https:\/\/mahle-smartbike.com\/","logo":{"@type":"ImageObject","inLanguage":"es","@id":"https:\/\/mahle-smartbike.com\/#\/schema\/logo\/image\/","url":"https:\/\/mahle-smartbike.com\/wp-content\/uploads\/2024\/05\/MAHLE-SmartBike-Systems-Logo-1-1.jpg","contentUrl":"https:\/\/mahle-smartbike.com\/wp-content\/uploads\/2024\/05\/MAHLE-SmartBike-Systems-Logo-1-1.jpg","width":1920,"height":1920,"caption":"MAHLE SmartBike Systems"},"image":{"@id":"https:\/\/mahle-smartbike.com\/#\/schema\/logo\/image\/"},"sameAs":["https:\/\/www.facebook.com\/mahlesmartbikesystems\/","https:\/\/www.instagram.com\/mahle_smartbikesystems\/","https:\/\/www.linkedin.com\/company\/mahlesmartbikesystems\/","https:\/\/www.youtube.com\/channel\/UCgfNyF-Wtgq0WTlzsV8bDmQ","https:\/\/www.strava.com\/clubs\/mahle","https:\/\/www.tiktok.com\/@mahlesmartbikesystems"]}]}},"_links":{"self":[{"href":"https:\/\/mahle-smartbike.com\/es\/wp-json\/wp\/v2\/pages\/43957","targetHints":{"allow":["GET"]}}],"collection":[{"href":"https:\/\/mahle-smartbike.com\/es\/wp-json\/wp\/v2\/pages"}],"about":[{"href":"https:\/\/mahle-smartbike.com\/es\/wp-json\/wp\/v2\/types\/page"}],"author":[{"embeddable":true,"href":"https:\/\/mahle-smartbike.com\/es\/wp-json\/wp\/v2\/users\/8"}],"replies":[{"embeddable":true,"href":"https:\/\/mahle-smartbike.com\/es\/wp-json\/wp\/v2\/comments?post=43957"}],"version-history":[{"count":0,"href":"https:\/\/mahle-smartbike.com\/es\/wp-json\/wp\/v2\/pages\/43957\/revisions"}],"wp:featuredmedia":[{"embeddable":true,"href":"https:\/\/mahle-smartbike.com\/es\/wp-json\/wp\/v2\/media\/55476"}],"wp:attachment":[{"href":"https:\/\/mahle-smartbike.com\/es\/wp-json\/wp\/v2\/media?parent=43957"}],"curies":[{"name":"wp","href":"https:\/\/api.w.org\/{rel}","templated":true}]}}