{"id":30144,"date":"2022-02-09T16:30:52","date_gmt":"2022-02-09T14:30:52","guid":{"rendered":"https:\/\/mahle-smartbike.com\/politique-de-confidentialit\/"},"modified":"2025-10-06T13:04:04","modified_gmt":"2025-10-06T11:04:04","slug":"politique-de-confidentialit","status":"publish","type":"page","link":"https:\/\/mahle-smartbike.com\/fr\/politique-de-confidentialit\/","title":{"rendered":"Politique de confidentialit&eacute;"},"content":{"rendered":"\t\t<div data-elementor-type=\"wp-page\" data-elementor-id=\"30144\" class=\"elementor elementor-30144 elementor-3\" data-elementor-post-type=\"page\">\n\t\t\t\t\t\t<section class=\"elementor-section elementor-top-section elementor-element elementor-element-47680a7c elementor-section-boxed elementor-section-height-default elementor-section-height-default\" data-id=\"47680a7c\" data-element_type=\"section\">\n\t\t\t\t\t\t<div class=\"elementor-container elementor-column-gap-default\">\n\t\t\t\t\t<div class=\"elementor-column elementor-col-100 elementor-top-column elementor-element elementor-element-578a34\" data-id=\"578a34\" data-element_type=\"column\">\n\t\t\t<div class=\"elementor-widget-wrap elementor-element-populated\">\n\t\t\t\t\t\t<div class=\"elementor-element elementor-element-17dc5cc elementor-widget elementor-widget-heading\" data-id=\"17dc5cc\" data-element_type=\"widget\" data-widget_type=\"heading.default\">\n\t\t\t\t<div class=\"elementor-widget-container\">\n\t\t\t\t\t<h1 class=\"elementor-heading-title elementor-size-default\">Avis sur la protection des donn&eacute;es<\/h1>\t\t\t\t<\/div>\n\t\t\t\t<\/div>\n\t\t\t\t<div class=\"elementor-element elementor-element-5941530 text-editor-justified elementor-widget elementor-widget-text-editor\" data-id=\"5941530\" data-element_type=\"widget\" data-widget_type=\"text-editor.default\">\n\t\t\t\t<div class=\"elementor-widget-container\">\n\t\t\t\t\t\t\t\t\t<h4>Retrouvez toutes les informations relatives \u00e0 la protection des donn\u00e9es lors du traitement des donn\u00e9es personnelles sur le site web <a style=\"font-size: inherit;\" href=\"https:\/\/mahle-smartbike.com\/fr\">https:\/\/mahle-smartbike.com\/fr<\/a><\/h4>\n<ol class=\"dotted-numbered-list\">\n<li class=\"main-title\">\n<h4>La soci\u00e9t\u00e9 responsable de la conformit\u00e9 avec le r\u00e8glement g\u00e9n\u00e9ral sur la protection des donn\u00e9es<br>(RGPD) \u00e0 l\u2019\u00e9chelle europ\u00e9enne est&nbsp;:<\/h4>\n<div>MAHLE Smartbike Systems SLU<br>Orfebres 10, Palencia<br>34004<br>Espagne<br><a href=\"mailto:rgpd@mahle.com\">rgpd@mahle.com<\/a><\/div>\n<\/li>\n<li class=\"main-title\">\n<h4>D\u00e9l\u00e9gu\u00e9 \u00e0 la protection des donn\u00e9es&nbsp;:<\/h4>\n<p>MAHLE International GmbH Protection des donn\u00e9es d&rsquo;entreprise (CY) Samira Kahlenbach 70376 Stuttgart Allemagne e-mail : <a href=\"mailto:cdpo@mahle.com\">cdpo@mahle.com<\/a><\/p>\n<\/li>\n<li class=\"main-title\">\n<h4>Dispositions l\u00e9gales<\/h4>\n<div>MAHLE s\u2019engage \u00e0 respecter scrupuleusement les lois et les r\u00e9glementations nationales et<br>internationales afin de veiller \u00e0 la protection du droit \u00e0 l\u2019auto-d\u00e9termination informationnelle.<br>Nous veillons au respect des r\u00e9glementations europ\u00e9ennes en mati\u00e8re de protection des donn\u00e9es et de<br>confidentialit\u00e9, ainsi que des dispositions nationales qui en d\u00e9coulent, lors de la collecte, du<br>stockage et du traitement des donn\u00e9es personnelles.<\/div>\n<\/li>\n<li class=\"main-title\">\n<h4>Collecte et traitement de vos donn\u00e9es personnelles<\/h4>\n<div>Lorsque vous consultez notre site internet, nous stockons automatiquement des informations de<br>mani\u00e8re anonyme, telles que le nom de votre fournisseur Internet, le site web qui vous a redirig\u00e9<br>vers notre site, les pages web que vous consultez sur notre site, ainsi que la dur\u00e9e de votre<br>visite. Nous sommes en mesure d\u2019analyser et d\u2019interpr\u00e9ter ces informations de mani\u00e8re anonyme.<br>Aucune autre donn\u00e9e \u00e0 caract\u00e8re personnelle n\u2019est collect\u00e9e ou stock\u00e9e, \u00e0 moins de nous accorder<br>express\u00e9ment l\u2019autorisation de le faire. Nos informations sur la protection des donn\u00e9es s\u2019appliquent<br>exclusivement \u00e0 l\u2019utilisation de nos sites web. En aucun cas, elles ne s\u2019appliquent \u00e0 vos activit\u00e9s<br>sur les r\u00e9seaux sociaux, ni \u00e0 d\u2019autres fournisseurs auxquels vous pourriez avoir acc\u00e8s en utilisant<br>les liens pr\u00e9sents sur nos sites. Veuillez consulter les sites de ces fournisseurs pour conna\u00eetre<br>leur politique en mati\u00e8re de protection des donn\u00e9es et de confidentialit\u00e9.<br>Lorsque la loi le permet, nous d\u00e9clinons toute responsabilit\u00e9 en cas de dommages ou de pertes<br>r\u00e9sultant de l\u2019utilisation des sites web associ\u00e9s aux liens.<br>Nous ne conservons aucune autre donn\u00e9e \u00e0 caract\u00e8re personnel, \u00e0 moins que ce ne soit des<br>informations que vous nous avez transmises volontairement, par exemple, dans le cadre d\u2019un<br>formulaire de contact, d\u2019une enqu\u00eate, d\u2019un concours, d\u2019une inscription, ou pour l\u2019ex\u00e9cution d\u2019un<br>contrat&nbsp;; et m\u00eame dans ces conditions, nous le faisons uniquement dans la mesure o\u00f9 nous avons re\u00e7u<br>une autorisation par le biais de votre consentement ou en vertu des dispositions l\u00e9gales<br>applicables.<br>Il est possible toutefois que certains sites web aient besoin de collecter des donn\u00e9es personnelles<br>pour assurer leur bon fonctionnement. Si vous ne communiquez pas ces donn\u00e9es personnelles \u00e0 cette<br>fin, certaines fonctionnalit\u00e9s du site pourraient \u00eatre limit\u00e9es ou indisponibles.<\/div>\n<\/li>\n<li class=\"main-title\">\n<h4>Finalit\u00e9s du traitement des donn\u00e9es personnelles<\/h4>\n<div>Vos donn\u00e9es personnelles sont utilis\u00e9es uniquement aux fins pour lesquelles vous nous les avez<br>transmises volontairement et pour prot\u00e9ger nos syst\u00e8mes informatiques contre les attaques ou toutes<br>autres actions illicites. Si vous nous avez communiqu\u00e9 des donn\u00e9es personnelles suppl\u00e9mentaires, par<br>exemple dans le cadre d\u2019un formulaire de contact, d\u2019une enqu\u00eate, d\u2019un concours, d\u2019une inscription ou<br>pour l\u2019ex\u00e9cution d\u2019un contrat, nous traitons ces donn\u00e9es aux fins mentionn\u00e9es, pour les besoins de<br>gestion client\u00e8le et, dans la mesure n\u00e9cessaire, pour l\u2019ex\u00e9cution et la facturation de transactions<br>commerciales, le cas \u00e9ch\u00e9ant, dans la mesure n\u00e9cessaire \u00e0 cet effet. Nous demandons \u00e0 notre<br>personnel et \u00e0 nos prestataires de services d\u2019observer la plus stricte confidentialit\u00e9 en ce qui<br>concerne vos donn\u00e9es personnelles.<\/div>\n<\/li>\n<li class=\"main-title\">\n<h4>Base juridique du traitement<\/h4>\n<div>Lorsque vous consentez au traitement de vos donn\u00e9es personnelles, ce consentement constitue la base<br>juridique du traitement (point (a) de l\u2019article 6(1) du RGPD).<br>Le point (b) de l\u2019article 6(1) du RGPD \u00e9tablit la base juridique du traitement des donn\u00e9es<br>personnelles consistant \u00e0 prendre des mesures pr\u00e9contractuelles pour la conclusion d\u2019un contrat ou<br>pour l\u2019ex\u00e9cution d\u2019un contrat avec vous.<br>Lorsque le traitement de vos donn\u00e9es personnelles est n\u00e9cessaire au respect d\u2019une obligation l\u00e9gale<br>(par exemple, pour stocker des donn\u00e9es), nous sommes autoris\u00e9s \u00e0 le faire conform\u00e9ment au point (c)<br>de l\u2019article 6(1) du RGPD.<br>Par ailleurs, nous traitons les donn\u00e9es personnelles dans le cadre des int\u00e9r\u00eats l\u00e9gitimes que nous<br>poursuivons ou ceux d\u2019un tiers, conform\u00e9ment au point (f) de l\u2019article 6(1) du RGPD. Le maintien de<br>la fonctionnalit\u00e9 de nos syst\u00e8mes informatiques, la commercialisation de nos produits et services<br>ainsi que ceux de tiers, et toute la documentation contractuelle n\u00e9cessaire aux contacts<br>professionnels constituent de tels int\u00e9r\u00eats l\u00e9gitimes.<\/div>\n<\/li>\n<li class=\"main-title\">\n<h4>Divulgation de vos donn\u00e9es personnelles \u00e0 des tiers<\/h4>\n<div>Pour atteindre les objectifs d\u00e9crits ci-dessous, vous \u00eates inform\u00e9 que Mahle Smartbike partage des donn\u00e9es personnelles avec d&rsquo;autres entit\u00e9s du groupe.<\/div>\n<\/li>\n<li class=\"main-title\">\n<h4>Traitement des donn\u00e9es personnelles pour l\u2019envoi de newsletters<\/h4>\n<div>Sur la base de votre consentement (point (a) de l\u2019article 6(1) du RGPD), nous vous informons de<br>l\u2019actualit\u00e9 de nos activit\u00e9s par le biais d\u2019une newsletter sp\u00e9cifique disponible sur notre site<br>internet.<br>Afin de recevoir notre newsletter, vous devez nous fournir les informations requises indiqu\u00e9es (par<br>exemple, votre nom et adresse e-mail). Vous \u00eates libre \u00e9galement de saisir et d\u2019envoyer toute<br>information suppl\u00e9mentaire. Apr\u00e8s nous avoir communiqu\u00e9 votre adresse e-mail, vous recevrez de notre<br>part un e-mail \u00e0 l\u2019adresse que vous avez fournie, vous demandant de cliquer sur un lien de<br>confirmation pour v\u00e9rifier votre adresse e-mail (ce processus s\u2019appelle le \u00ab&nbsp;double opt-in&nbsp;\u00bb).<br>Nous stockerons vos donn\u00e9es uniquement \u00e0 des fins d\u2019envoi de notre newsletter. Nous conserverons<br>\u00e9galement votre adresse&nbsp;IP et votre date d\u2019inscription afin de disposer d\u2019un document attestant de<br>votre inscription \u00e0 la newsletter en cas de doute. Pour mesurer le succ\u00e8s de nos newsletters, nous<br>collectons \u00e9galement des informations sur leur ouverture, le moment de leur ouverture et les liens<br>sur lesquels vous cliquez.<br>Vous pouvez vous d\u00e9sabonner de la newsletter \u00e0 tout moment en cliquant sur le lien de d\u00e9sabonnement<br>dans le pied de page de la newsletter.<\/div>\n<\/li>\n<li class=\"main-title\">\n<h4>Utilisation du formulaire de contact<\/h4>\n<div>Lorsque vous nous contactez (par exemple, via des formulaires de contact), nous stockons vos donn\u00e9es<br>\u00e0 des fins de traitement de votre demande (point (b) de l\u2019article 6(1) du RGPD) et dans<br>l\u2019\u00e9ventualit\u00e9 d\u2019une correspondance ult\u00e9rieure. Autrement, vos donn\u00e9es sont effac\u00e9es apr\u00e8s le<br>traitement de votre demande. Cela ne s\u2019applique pas aux donn\u00e9es faisant l\u2019objet d\u2019une obligation<br>l\u00e9gale ou de toute autre obligation en mati\u00e8re de stockage.<br><br><\/div><\/li>\n<li class=\"main-title\">\n<h4>Suppression de vos donn\u00e9es personnelles<\/h4>\n<div>Nous supprimons vos donn\u00e9es personnelles d\u00e8s que la finalit\u00e9 pour laquelle elles ont \u00e9t\u00e9 collect\u00e9es<br>et trait\u00e9es cesse de s\u2019appliquer. La conservation de ces donn\u00e9es au-del\u00e0 de leur dur\u00e9e initiale est<br>possible uniquement en cas de n\u00e9cessit\u00e9 et conform\u00e9ment aux lois, aux r\u00e9glementations et aux autres<br>dispositions l\u00e9gales de l\u2019Union europ\u00e9enne ou de l\u2019un de ses \u00c9tats membres auquel nous sommes<br>soumis.<\/div>\n<\/li>\n<li class=\"main-title\">\n<h4>Droits des personnes concern\u00e9es<\/h4>\n<div>\n<p>Veuillez noter qu\u2019en tant que personne concern\u00e9e, vous disposez des droits suivants dans le cadre du<br>traitement de vos donn\u00e9es personnelles&nbsp;:<\/p>\n<ol>\n<li>Droit d\u2019acc\u00e8s en vertu de l\u2019article 15 du RGPD<\/li>\n<li>Droit de rectification en vertu de l\u2019article 16 du RGPD<\/li>\n<li>Droit \u00e0 l\u2019effacement en vertu de l\u2019article 17 du RGPD<\/li>\n<li>Droit \u00e0 la limitation du traitement en vertu de l\u2019article 18 du RGPD<\/li>\n<li>Droit \u00e0 la portabilit\u00e9 en vertu de l\u2019article 20 du RGPD<\/li>\n<\/ol>\n<p>Si vous nous avez donn\u00e9 votre consentement pour le traitement de vos donn\u00e9es personnelles, vous \u00eates<br>libre de retirer votre consentement \u00e0 tout moment.<br>Enfin, vous disposez du droit de vous opposer, pour des raisons tenant \u00e0 votre situation<br>particuli\u00e8re, et \u00e0 tout moment, au traitement de vos donn\u00e9es personnelles, ainsi qu\u2019au traitement<br>bas\u00e9 sur le point (f) de l\u2019article 6(1) du RGPD (traitement des donn\u00e9es sur la base d\u2019une mise en<br>balance des int\u00e9r\u00eats). Si vous vous y opposez, nous cesserons de traiter vos donn\u00e9es personnelles,<br>sauf si des motifs l\u00e9gitimes et imp\u00e9rieux relatifs au traitement pr\u00e9valent sur vos int\u00e9r\u00eats, vos<br>droits et vos libert\u00e9s, ou si le traitement s\u2019av\u00e8re n\u00e9cessaire \u00e0 la constatation, \u00e0 l\u2019exercice ou \u00e0<br>la d\u00e9fense d\u2019un droit en justice.<br>La lic\u00e9it\u00e9 du traitement de vos donn\u00e9es personnelles jusqu\u2019au retrait du consentement n\u2019est pas<br>affect\u00e9e par ce dernier. Le retrait du consentement n\u2019affecte pas non plus le traitement ult\u00e9rieur<br>possible de ces donn\u00e9es sur une base juridique diff\u00e9rente, par exemple pour satisfaire des<br>obligations l\u00e9gales (voir la section \u00ab&nbsp;Base juridique du traitement&nbsp;\u00bb).<br>Si vous estimez que le traitement de vos donn\u00e9es personnelles enfreint des dispositions l\u00e9gales,<br>vous avez le droit d\u2019introduire une r\u00e9clamation aupr\u00e8s de l\u2019autorit\u00e9 de contr\u00f4le de la protection<br>des donn\u00e9es comp\u00e9tente en vertu de l\u2019article 77 du RGPD.<\/p>\n<\/div>\n<\/li>\n<li class=\"main-title\">\n<h4>Coordonn\u00e9es<\/h4>\n<div>\n<p>Si vous avez des questions concernant la protection des donn\u00e9es chez MAHLE ou si vous souhaitez exercer vos droits concernant vos donn\u00e9es ou faire des d\u00e9clarations en tant que personne concern\u00e9e, veuillez contacter notre coordinateur local de la protection des donn\u00e9es par e-mail \u00e0 l&rsquo;adresse <a href=\"mailto:rgpd@mahle.com\">rgpd@mahle.com<\/a> ou utiliser l&rsquo;adresse officielle de MAHLE International GmbH, Pragstra\u00dfe 26-46, 70376 Stuttgart, Allemagne. Vous pouvez \u00e9galement contacter notre d\u00e9l\u00e9gu\u00e9 \u00e0 la protection des donn\u00e9es d&rsquo;entreprise \u00e0 l&rsquo;adresse ci-dessus ou \u00e0 l&rsquo;adresse <a href=\"mailto:cdpo@mahle.com\">cdpo@mahle.com<\/a>.<\/p>\n<\/div>\n<\/li>\n<\/ol>\t\t\t\t\t\t\t\t<\/div>\n\t\t\t\t<\/div>\n\t\t\t\t\t<\/div>\n\t\t<\/div>\n\t\t\t\t\t<\/div>\n\t\t<\/section>\n\t\t\t\t<\/div>\n\t\t","protected":false},"excerpt":{"rendered":"<p>Avis sur la protection des donn&eacute;es Retrouvez toutes les informations relatives \u00e0 la protection des donn\u00e9es lors du traitement des donn\u00e9es personnelles sur le site web https:\/\/mahle-smartbike.com\/fr La soci\u00e9t\u00e9 responsable de la conformit\u00e9 avec le r\u00e8glement g\u00e9n\u00e9ral sur la protection des donn\u00e9es(RGPD) \u00e0 l\u2019\u00e9chelle europ\u00e9enne est&nbsp;: MAHLE Smartbike Systems SLUOrfebres 10, Palencia34004Espagnergpd@mahle.com D\u00e9l\u00e9gu\u00e9 \u00e0 la [&hellip;]<\/p>\n","protected":false},"author":3,"featured_media":0,"parent":0,"menu_order":0,"comment_status":"closed","ping_status":"open","template":"","meta":{"_acf_changed":false,"_monsterinsights_skip_tracking":false,"_monsterinsights_sitenote_active":false,"_monsterinsights_sitenote_note":"","_monsterinsights_sitenote_category":0,"footnotes":""},"class_list":["post-30144","page","type-page","status-publish","hentry"],"acf":[],"yoast_head":"<!-- This site is optimized with the Yoast SEO plugin v27.2 - https:\/\/yoast.com\/product\/yoast-seo-wordpress\/ -->\n<title>Politique de confidentialit&eacute;<\/title>\n<meta name=\"robots\" content=\"index, follow, max-snippet:-1, max-image-preview:large, max-video-preview:-1\" \/>\n<link rel=\"canonical\" href=\"https:\/\/mahle-smartbike.com\/privacy-policy\/\" \/>\n<meta property=\"og:locale\" content=\"fr_FR\" \/>\n<meta property=\"og:type\" content=\"article\" \/>\n<meta property=\"og:title\" content=\"Politique de confidentialit&eacute;\" \/>\n<meta property=\"og:description\" content=\"Avis sur la protection des donn&eacute;es Retrouvez toutes les informations relatives \u00e0 la protection des donn\u00e9es lors du traitement des donn\u00e9es personnelles sur le site web https:\/\/mahle-smartbike.com\/fr La soci\u00e9t\u00e9 responsable de la conformit\u00e9 avec le r\u00e8glement g\u00e9n\u00e9ral sur la protection des donn\u00e9es(RGPD) \u00e0 l\u2019\u00e9chelle europ\u00e9enne est&nbsp;: MAHLE Smartbike Systems SLUOrfebres 10, Palencia34004Espagnergpd@mahle.com D\u00e9l\u00e9gu\u00e9 \u00e0 la [&hellip;]\" \/>\n<meta property=\"og:url\" content=\"https:\/\/mahle-smartbike.com\/privacy-policy\/\" \/>\n<meta property=\"og:site_name\" content=\"MAHLE SmartBike Systems\" \/>\n<meta property=\"article:publisher\" content=\"https:\/\/www.facebook.com\/mahlesmartbikesystems\/\" \/>\n<meta property=\"article:modified_time\" content=\"2025-10-06T11:04:04+00:00\" \/>\n<meta property=\"og:image\" content=\"https:\/\/mahle-smartbike.com\/wp-content\/uploads\/2024\/11\/Mahle_X30_Perpignan_23-1-scaled.webp\" \/>\n\t<meta property=\"og:image:width\" content=\"2560\" \/>\n\t<meta property=\"og:image:height\" content=\"1626\" \/>\n\t<meta property=\"og:image:type\" content=\"image\/webp\" \/>\n<meta name=\"twitter:card\" content=\"summary_large_image\" \/>\n<meta name=\"twitter:label1\" content=\"Dur\u00e9e de lecture estim\u00e9e\" \/>\n\t<meta name=\"twitter:data1\" content=\"8 minutes\" \/>\n<script type=\"application\/ld+json\" class=\"yoast-schema-graph\">{\"@context\":\"https:\/\/schema.org\",\"@graph\":[{\"@type\":\"WebPage\",\"@id\":\"https:\/\/mahle-smartbike.com\/privacy-policy\/\",\"url\":\"https:\/\/mahle-smartbike.com\/privacy-policy\/\",\"name\":\"Politique de confidentialit&eacute;\",\"isPartOf\":{\"@id\":\"https:\/\/mahle-smartbike.com\/#website\"},\"datePublished\":\"2022-02-09T14:30:52+00:00\",\"dateModified\":\"2025-10-06T11:04:04+00:00\",\"inLanguage\":\"fr-FR\",\"potentialAction\":[{\"@type\":\"ReadAction\",\"target\":[\"https:\/\/mahle-smartbike.com\/privacy-policy\/\"]}]},{\"@type\":\"WebSite\",\"@id\":\"https:\/\/mahle-smartbike.com\/#website\",\"url\":\"https:\/\/mahle-smartbike.com\/\",\"name\":\"MAHLE SmartBike Systems\",\"description\":\"The lightest ebike systems on the market\",\"publisher\":{\"@id\":\"https:\/\/mahle-smartbike.com\/#organization\"},\"potentialAction\":[{\"@type\":\"SearchAction\",\"target\":{\"@type\":\"EntryPoint\",\"urlTemplate\":\"https:\/\/mahle-smartbike.com\/?s={search_term_string}\"},\"query-input\":{\"@type\":\"PropertyValueSpecification\",\"valueRequired\":true,\"valueName\":\"search_term_string\"}}],\"inLanguage\":\"fr-FR\"},{\"@type\":\"Organization\",\"@id\":\"https:\/\/mahle-smartbike.com\/#organization\",\"name\":\"MAHLE SmartBike Systems\",\"url\":\"https:\/\/mahle-smartbike.com\/\",\"logo\":{\"@type\":\"ImageObject\",\"inLanguage\":\"fr-FR\",\"@id\":\"https:\/\/mahle-smartbike.com\/#\/schema\/logo\/image\/\",\"url\":\"https:\/\/mahle-smartbike.com\/wp-content\/uploads\/2024\/05\/MAHLE-SmartBike-Systems-Logo-1-1.jpg\",\"contentUrl\":\"https:\/\/mahle-smartbike.com\/wp-content\/uploads\/2024\/05\/MAHLE-SmartBike-Systems-Logo-1-1.jpg\",\"width\":1920,\"height\":1920,\"caption\":\"MAHLE SmartBike Systems\"},\"image\":{\"@id\":\"https:\/\/mahle-smartbike.com\/#\/schema\/logo\/image\/\"},\"sameAs\":[\"https:\/\/www.facebook.com\/mahlesmartbikesystems\/\",\"https:\/\/www.instagram.com\/mahle_smartbikesystems\/\",\"https:\/\/www.linkedin.com\/company\/mahlesmartbikesystems\/\",\"https:\/\/www.youtube.com\/channel\/UCgfNyF-Wtgq0WTlzsV8bDmQ\",\"https:\/\/www.strava.com\/clubs\/mahle\",\"https:\/\/www.tiktok.com\/@mahlesmartbikesystems\"]}]}<\/script>\n<!-- \/ Yoast SEO plugin. -->","yoast_head_json":{"title":"Politique de confidentialit&eacute;","robots":{"index":"index","follow":"follow","max-snippet":"max-snippet:-1","max-image-preview":"max-image-preview:large","max-video-preview":"max-video-preview:-1"},"canonical":"https:\/\/mahle-smartbike.com\/privacy-policy\/","og_locale":"fr_FR","og_type":"article","og_title":"Politique de confidentialit&eacute;","og_description":"Avis sur la protection des donn&eacute;es Retrouvez toutes les informations relatives \u00e0 la protection des donn\u00e9es lors du traitement des donn\u00e9es personnelles sur le site web https:\/\/mahle-smartbike.com\/fr La soci\u00e9t\u00e9 responsable de la conformit\u00e9 avec le r\u00e8glement g\u00e9n\u00e9ral sur la protection des donn\u00e9es(RGPD) \u00e0 l\u2019\u00e9chelle europ\u00e9enne est&nbsp;: MAHLE Smartbike Systems SLUOrfebres 10, Palencia34004Espagnergpd@mahle.com D\u00e9l\u00e9gu\u00e9 \u00e0 la [&hellip;]","og_url":"https:\/\/mahle-smartbike.com\/privacy-policy\/","og_site_name":"MAHLE SmartBike Systems","article_publisher":"https:\/\/www.facebook.com\/mahlesmartbikesystems\/","article_modified_time":"2025-10-06T11:04:04+00:00","og_image":[{"width":2560,"height":1626,"url":"https:\/\/mahle-smartbike.com\/wp-content\/uploads\/2024\/11\/Mahle_X30_Perpignan_23-1-scaled.webp","type":"image\/webp"}],"twitter_card":"summary_large_image","twitter_misc":{"Dur\u00e9e de lecture estim\u00e9e":"8 minutes"},"schema":{"@context":"https:\/\/schema.org","@graph":[{"@type":"WebPage","@id":"https:\/\/mahle-smartbike.com\/privacy-policy\/","url":"https:\/\/mahle-smartbike.com\/privacy-policy\/","name":"Politique de confidentialit&eacute;","isPartOf":{"@id":"https:\/\/mahle-smartbike.com\/#website"},"datePublished":"2022-02-09T14:30:52+00:00","dateModified":"2025-10-06T11:04:04+00:00","inLanguage":"fr-FR","potentialAction":[{"@type":"ReadAction","target":["https:\/\/mahle-smartbike.com\/privacy-policy\/"]}]},{"@type":"WebSite","@id":"https:\/\/mahle-smartbike.com\/#website","url":"https:\/\/mahle-smartbike.com\/","name":"MAHLE SmartBike Systems","description":"The lightest ebike systems on the market","publisher":{"@id":"https:\/\/mahle-smartbike.com\/#organization"},"potentialAction":[{"@type":"SearchAction","target":{"@type":"EntryPoint","urlTemplate":"https:\/\/mahle-smartbike.com\/?s={search_term_string}"},"query-input":{"@type":"PropertyValueSpecification","valueRequired":true,"valueName":"search_term_string"}}],"inLanguage":"fr-FR"},{"@type":"Organization","@id":"https:\/\/mahle-smartbike.com\/#organization","name":"MAHLE SmartBike Systems","url":"https:\/\/mahle-smartbike.com\/","logo":{"@type":"ImageObject","inLanguage":"fr-FR","@id":"https:\/\/mahle-smartbike.com\/#\/schema\/logo\/image\/","url":"https:\/\/mahle-smartbike.com\/wp-content\/uploads\/2024\/05\/MAHLE-SmartBike-Systems-Logo-1-1.jpg","contentUrl":"https:\/\/mahle-smartbike.com\/wp-content\/uploads\/2024\/05\/MAHLE-SmartBike-Systems-Logo-1-1.jpg","width":1920,"height":1920,"caption":"MAHLE SmartBike Systems"},"image":{"@id":"https:\/\/mahle-smartbike.com\/#\/schema\/logo\/image\/"},"sameAs":["https:\/\/www.facebook.com\/mahlesmartbikesystems\/","https:\/\/www.instagram.com\/mahle_smartbikesystems\/","https:\/\/www.linkedin.com\/company\/mahlesmartbikesystems\/","https:\/\/www.youtube.com\/channel\/UCgfNyF-Wtgq0WTlzsV8bDmQ","https:\/\/www.strava.com\/clubs\/mahle","https:\/\/www.tiktok.com\/@mahlesmartbikesystems"]}]}},"_links":{"self":[{"href":"https:\/\/mahle-smartbike.com\/fr\/wp-json\/wp\/v2\/pages\/30144","targetHints":{"allow":["GET"]}}],"collection":[{"href":"https:\/\/mahle-smartbike.com\/fr\/wp-json\/wp\/v2\/pages"}],"about":[{"href":"https:\/\/mahle-smartbike.com\/fr\/wp-json\/wp\/v2\/types\/page"}],"author":[{"embeddable":true,"href":"https:\/\/mahle-smartbike.com\/fr\/wp-json\/wp\/v2\/users\/3"}],"replies":[{"embeddable":true,"href":"https:\/\/mahle-smartbike.com\/fr\/wp-json\/wp\/v2\/comments?post=30144"}],"version-history":[{"count":3,"href":"https:\/\/mahle-smartbike.com\/fr\/wp-json\/wp\/v2\/pages\/30144\/revisions"}],"predecessor-version":[{"id":66091,"href":"https:\/\/mahle-smartbike.com\/fr\/wp-json\/wp\/v2\/pages\/30144\/revisions\/66091"}],"wp:attachment":[{"href":"https:\/\/mahle-smartbike.com\/fr\/wp-json\/wp\/v2\/media?parent=30144"}],"curies":[{"name":"wp","href":"https:\/\/api.w.org\/{rel}","templated":true}]}}