{"id":29066,"date":"2022-04-18T04:26:39","date_gmt":"2022-04-18T02:26:39","guid":{"rendered":"https:\/\/mahle-smartbike.com\/chi-siamo\/"},"modified":"2025-08-25T16:18:25","modified_gmt":"2025-08-25T14:18:25","slug":"chi-siamo","status":"publish","type":"page","link":"https:\/\/mahle-smartbike.com\/it\/chi-siamo\/","title":{"rendered":"Chi siamo"},"content":{"rendered":"\t\t<div data-elementor-type=\"wp-page\" data-elementor-id=\"29066\" class=\"elementor elementor-29066\" data-elementor-post-type=\"page\">\n\t\t\t\t\t\t<section class=\"elementor-section elementor-top-section elementor-element elementor-element-b86ec17 elementor-section-full_width sticky-inner-header elementor-section-height-min-height elementor-section-height-default elementor-section-items-middle\" data-id=\"b86ec17\" data-element_type=\"section\" data-settings=\"{&quot;background_background&quot;:&quot;classic&quot;,&quot;sticky&quot;:&quot;top&quot;,&quot;sticky_offset&quot;:72,&quot;sticky_on&quot;:[&quot;widescreen&quot;,&quot;desktop&quot;,&quot;tablet&quot;,&quot;mobile_extra&quot;,&quot;mobile&quot;],&quot;sticky_effects_offset&quot;:0,&quot;sticky_anchor_link_offset&quot;:0}\">\n\t\t\t\t\t\t<div class=\"elementor-container elementor-column-gap-default\">\n\t\t\t\t\t<div class=\"elementor-column elementor-col-100 elementor-top-column elementor-element elementor-element-5ed23fd\" data-id=\"5ed23fd\" data-element_type=\"column\">\n\t\t\t<div class=\"elementor-widget-wrap elementor-element-populated\">\n\t\t\t\t\t\t<section class=\"elementor-section elementor-inner-section elementor-element elementor-element-44dbcf4 elementor-section-content-middle elementor-section-boxed elementor-section-height-default elementor-section-height-default\" data-id=\"44dbcf4\" data-element_type=\"section\">\n\t\t\t\t\t\t<div class=\"elementor-container elementor-column-gap-default\">\n\t\t\t\t\t<div class=\"elementor-column elementor-col-100 elementor-inner-column elementor-element elementor-element-5a61588\" data-id=\"5a61588\" data-element_type=\"column\">\n\t\t\t<div class=\"elementor-widget-wrap elementor-element-populated\">\n\t\t\t\t\t\t<div class=\"elementor-element elementor-element-fd7b37c elementor-widget elementor-widget-heading\" data-id=\"fd7b37c\" data-element_type=\"widget\" data-widget_type=\"heading.default\">\n\t\t\t\t<div class=\"elementor-widget-container\">\n\t\t\t\t\t<h3 class=\"elementor-heading-title elementor-size-default\">Chi siamo<\/h3>\t\t\t\t<\/div>\n\t\t\t\t<\/div>\n\t\t\t\t\t<\/div>\n\t\t<\/div>\n\t\t\t\t\t<\/div>\n\t\t<\/section>\n\t\t\t\t\t<\/div>\n\t\t<\/div>\n\t\t\t\t\t<\/div>\n\t\t<\/section>\n\t\t\t\t<section class=\"elementor-section elementor-top-section elementor-element elementor-element-280ad45b elementor-section-full_width elementor-section-height-min-height inner-page-hero-section elementor-section-items-stretch elementor-section-content-middle elementor-section-height-default\" data-id=\"280ad45b\" data-element_type=\"section\" data-settings=\"{&quot;background_background&quot;:&quot;slideshow&quot;,&quot;background_slideshow_gallery&quot;:[{&quot;id&quot;:6910,&quot;url&quot;:&quot;https:\\\/\\\/mahle-smartbike.com\\\/wp-content\\\/uploads\\\/2022\\\/04\\\/MAHLE_SmartBike_Sistems_Lab.jpg&quot;}],&quot;background_slideshow_loop&quot;:&quot;yes&quot;,&quot;background_slideshow_slide_duration&quot;:5000,&quot;background_slideshow_slide_transition&quot;:&quot;fade&quot;,&quot;background_slideshow_transition_duration&quot;:500}\">\n\t\t\t\t\t\t\t<div class=\"elementor-background-overlay\"><\/div>\n\t\t\t\t\t\t\t<div class=\"elementor-container elementor-column-gap-default\">\n\t\t\t\t\t<div class=\"elementor-column elementor-col-100 elementor-top-column elementor-element elementor-element-e03a3be\" data-id=\"e03a3be\" data-element_type=\"column\">\n\t\t\t<div class=\"elementor-widget-wrap elementor-element-populated\">\n\t\t\t\t\t\t<section class=\"elementor-section elementor-inner-section elementor-element elementor-element-5569b867 elementor-section-content-middle elementor-section-boxed elementor-section-height-default elementor-section-height-default\" data-id=\"5569b867\" data-element_type=\"section\">\n\t\t\t\t\t\t<div class=\"elementor-container elementor-column-gap-default\">\n\t\t\t\t\t<div class=\"elementor-column elementor-col-50 elementor-inner-column elementor-element elementor-element-7041fabf\" data-id=\"7041fabf\" data-element_type=\"column\">\n\t\t\t<div class=\"elementor-widget-wrap elementor-element-populated\">\n\t\t\t\t\t\t<div class=\"elementor-element elementor-element-25b07706 elementor-invisible elementor-widget elementor-widget-heading\" data-id=\"25b07706\" data-element_type=\"widget\" data-settings=\"{&quot;_animation&quot;:&quot;fadeInUp&quot;}\" data-widget_type=\"heading.default\">\n\t\t\t\t<div class=\"elementor-widget-container\">\n\t\t\t\t\t<h1 class=\"elementor-heading-title elementor-size-default\">Diamo forma alla mobilit\u00e0 futura<\/h1>\t\t\t\t<\/div>\n\t\t\t\t<\/div>\n\t\t\t\t\t<\/div>\n\t\t<\/div>\n\t\t\t\t<div class=\"elementor-column elementor-col-50 elementor-inner-column elementor-element elementor-element-15b94093\" data-id=\"15b94093\" data-element_type=\"column\">\n\t\t\t<div class=\"elementor-widget-wrap\">\n\t\t\t\t\t\t\t<\/div>\n\t\t<\/div>\n\t\t\t\t\t<\/div>\n\t\t<\/section>\n\t\t\t\t\t<\/div>\n\t\t<\/div>\n\t\t\t\t\t<\/div>\n\t\t<\/section>\n\t\t\t\t<section class=\"elementor-section elementor-top-section elementor-element elementor-element-3b514acf elementor-section-boxed elementor-section-height-default elementor-section-height-default\" data-id=\"3b514acf\" data-element_type=\"section\" id=\"smartbike\">\n\t\t\t\t\t\t<div class=\"elementor-container elementor-column-gap-default\">\n\t\t\t\t\t<div class=\"elementor-column elementor-col-100 elementor-top-column elementor-element elementor-element-571583b8\" data-id=\"571583b8\" data-element_type=\"column\">\n\t\t\t<div class=\"elementor-widget-wrap elementor-element-populated\">\n\t\t\t\t\t\t<section class=\"elementor-section elementor-inner-section elementor-element elementor-element-62cb3f24 elementor-section-content-middle elementor-reverse-mobile_extra elementor-reverse-mobile elementor-section-boxed elementor-section-height-default elementor-section-height-default\" data-id=\"62cb3f24\" data-element_type=\"section\">\n\t\t\t\t\t\t<div class=\"elementor-container elementor-column-gap-default\">\n\t\t\t\t\t<div class=\"elementor-column elementor-col-50 elementor-inner-column elementor-element elementor-element-546c609e\" data-id=\"546c609e\" data-element_type=\"column\">\n\t\t\t<div class=\"elementor-widget-wrap elementor-element-populated\">\n\t\t\t\t\t\t<div class=\"elementor-element elementor-element-1b5eac4e elementor-invisible elementor-widget elementor-widget-heading\" data-id=\"1b5eac4e\" data-element_type=\"widget\" data-settings=\"{&quot;_animation&quot;:&quot;fadeInUp&quot;}\" data-widget_type=\"heading.default\">\n\t\t\t\t<div class=\"elementor-widget-container\">\n\t\t\t\t\t<h4 class=\"elementor-heading-title elementor-size-default\">MAHLE SmartBike Sistemi<\/h4>\t\t\t\t<\/div>\n\t\t\t\t<\/div>\n\t\t\t\t<div class=\"elementor-element elementor-element-78741fb0 elementor-invisible elementor-widget elementor-widget-text-editor\" data-id=\"78741fb0\" data-element_type=\"widget\" data-settings=\"{&quot;_animation&quot;:&quot;fadeInUp&quot;}\" data-widget_type=\"text-editor.default\">\n\t\t\t\t<div class=\"elementor-widget-container\">\n\t\t\t\t\t\t\t\t\t<p>MAHLE SmartBike Sistemi realizza componenti e Sistemi per alcune delle eBike pi\u00f9 innovative al mondo. Con sede a Palencia, Spagna, la divisione bici di Mahle progetta soluzioni hardware e software per produttori di eBike, rivenditori e ciclisti. Le soluzioni innovative di MAHLE SmartBike Sistema sono guidate da un dialogo continuo tra i marchi di biciclette, i rivenditori e i ciclisti.  <\/p>\t\t\t\t\t\t\t\t<\/div>\n\t\t\t\t<\/div>\n\t\t\t\t\t<\/div>\n\t\t<\/div>\n\t\t\t\t<div class=\"elementor-column elementor-col-50 elementor-inner-column elementor-element elementor-element-5ee21fac\" data-id=\"5ee21fac\" data-element_type=\"column\">\n\t\t\t<div class=\"elementor-widget-wrap elementor-element-populated\">\n\t\t\t\t\t\t<div class=\"elementor-element elementor-element-2db6c0c8 elementor-invisible elementor-widget elementor-widget-image\" data-id=\"2db6c0c8\" data-element_type=\"widget\" data-settings=\"{&quot;_animation&quot;:&quot;fadeInUp&quot;}\" data-widget_type=\"image.default\">\n\t\t\t\t<div class=\"elementor-widget-container\">\n\t\t\t\t\t\t\t\t\t\t\t\t\t\t\t<img fetchpriority=\"high\" decoding=\"async\" width=\"1200\" height=\"665\" src=\"https:\/\/mahle-smartbike.com\/wp-content\/uploads\/2022\/04\/MAHLE_SmartBike_Systems_about_us.jpg\" class=\"attachment-full size-full wp-image-6908\" alt=\"\" srcset=\"https:\/\/mahle-smartbike.com\/wp-content\/uploads\/2022\/04\/MAHLE_SmartBike_Systems_about_us.jpg 1200w, https:\/\/mahle-smartbike.com\/wp-content\/uploads\/2022\/04\/MAHLE_SmartBike_Systems_about_us-300x166.jpg 300w, https:\/\/mahle-smartbike.com\/wp-content\/uploads\/2022\/04\/MAHLE_SmartBike_Systems_about_us-1024x567.jpg 1024w, https:\/\/mahle-smartbike.com\/wp-content\/uploads\/2022\/04\/MAHLE_SmartBike_Systems_about_us-768x426.jpg 768w\" sizes=\"(max-width: 1200px) 100vw, 1200px\" \/>\t\t\t\t\t\t\t\t\t\t\t\t\t\t\t<\/div>\n\t\t\t\t<\/div>\n\t\t\t\t\t<\/div>\n\t\t<\/div>\n\t\t\t\t\t<\/div>\n\t\t<\/section>\n\t\t\t\t\t<\/div>\n\t\t<\/div>\n\t\t\t\t\t<\/div>\n\t\t<\/section>\n\t\t\t\t<section class=\"elementor-section elementor-top-section elementor-element elementor-element-3bfdb22d elementor-section-boxed elementor-section-height-default elementor-section-height-default\" data-id=\"3bfdb22d\" data-element_type=\"section\" id=\"mahlegroup\">\n\t\t\t\t\t\t<div class=\"elementor-container elementor-column-gap-default\">\n\t\t\t\t\t<div class=\"elementor-column elementor-col-100 elementor-top-column elementor-element elementor-element-6d3d474\" data-id=\"6d3d474\" data-element_type=\"column\">\n\t\t\t<div class=\"elementor-widget-wrap elementor-element-populated\">\n\t\t\t\t\t\t<section class=\"elementor-section elementor-inner-section elementor-element elementor-element-20faf7e6 elementor-section-content-middle elementor-section-boxed elementor-section-height-default elementor-section-height-default\" data-id=\"20faf7e6\" data-element_type=\"section\">\n\t\t\t\t\t\t<div class=\"elementor-container elementor-column-gap-default\">\n\t\t\t\t\t<div class=\"elementor-column elementor-col-50 elementor-inner-column elementor-element elementor-element-72c6bb6d\" data-id=\"72c6bb6d\" data-element_type=\"column\">\n\t\t\t<div class=\"elementor-widget-wrap elementor-element-populated\">\n\t\t\t\t\t\t<div class=\"elementor-element elementor-element-399f5b7b elementor-invisible elementor-widget elementor-widget-image\" data-id=\"399f5b7b\" data-element_type=\"widget\" data-settings=\"{&quot;_animation&quot;:&quot;fadeInUp&quot;}\" data-widget_type=\"image.default\">\n\t\t\t\t<div class=\"elementor-widget-container\">\n\t\t\t\t\t\t\t\t\t\t\t\t\t\t\t<img decoding=\"async\" width=\"1400\" height=\"848\" src=\"https:\/\/mahle-smartbike.com\/wp-content\/uploads\/2022\/04\/about-mahle.jpg\" class=\"attachment-full size-full wp-image-5882\" alt=\"\" srcset=\"https:\/\/mahle-smartbike.com\/wp-content\/uploads\/2022\/04\/about-mahle.jpg 1400w, https:\/\/mahle-smartbike.com\/wp-content\/uploads\/2022\/04\/about-mahle-300x182.jpg 300w, https:\/\/mahle-smartbike.com\/wp-content\/uploads\/2022\/04\/about-mahle-1024x620.jpg 1024w, https:\/\/mahle-smartbike.com\/wp-content\/uploads\/2022\/04\/about-mahle-768x465.jpg 768w\" sizes=\"(max-width: 1400px) 100vw, 1400px\" \/>\t\t\t\t\t\t\t\t\t\t\t\t\t\t\t<\/div>\n\t\t\t\t<\/div>\n\t\t\t\t\t<\/div>\n\t\t<\/div>\n\t\t\t\t<div class=\"elementor-column elementor-col-50 elementor-inner-column elementor-element elementor-element-20408e92\" data-id=\"20408e92\" data-element_type=\"column\">\n\t\t\t<div class=\"elementor-widget-wrap elementor-element-populated\">\n\t\t\t\t\t\t<div class=\"elementor-element elementor-element-5835a8fc elementor-invisible elementor-widget elementor-widget-heading\" data-id=\"5835a8fc\" data-element_type=\"widget\" data-settings=\"{&quot;_animation&quot;:&quot;fadeInUp&quot;}\" data-widget_type=\"heading.default\">\n\t\t\t\t<div class=\"elementor-widget-container\">\n\t\t\t\t\t<h4 class=\"elementor-heading-title elementor-size-default\">Gruppo MAHLE<\/h4>\t\t\t\t<\/div>\n\t\t\t\t<\/div>\n\t\t\t\t<div class=\"elementor-element elementor-element-6236f1b3 elementor-invisible elementor-widget elementor-widget-text-editor\" data-id=\"6236f1b3\" data-element_type=\"widget\" data-settings=\"{&quot;_animation&quot;:&quot;fadeInUp&quot;}\" data-widget_type=\"text-editor.default\">\n\t\t\t\t<div class=\"elementor-widget-container\">\n\t\t\t\t\t\t\t\t\t<p>MAHLE \u00e8 un partner di sviluppo e fornitore internazionale leader per l&#8217;industria automobilistica, nonch\u00e9 un pioniere e promotore tecnologico per la mobilit\u00e0 del futuro.<\/p><p>Il Gruppo MAHLE si impegna a rendere il trasporto pi\u00f9 efficiente, pi\u00f9 ecologico e pi\u00f9 confortevole. MAHLE ottimizza continuamente il motore a combustione, promuove l&#8217;uso di carburanti alternativi e pone le basi per l&#8217;ampia accettazione e l&#8217;introduzione a livello mondiale dell&#8217;e-mobility. <\/p><p>Basato su un&#8217;ampia competenza di Sistemi, composta da Sistemi Motore e Componenti, Filtrazione e Gestione Termica, il portfolio prodotti del gruppo affronta tutte le questioni cruciali relative alla tecnologia del gruppo propulsore e dell&#8217;aria condizionata. Grazie alla sua esperienza in componenti e Sistemi elettrici ed elettronici, MAHLE pu\u00f2 anche offrire soluzioni di Sistema integrate per l&#8217;e-mobility. <\/p><p>I prodotti MAHLE sono montati in almeno un veicolo su due in tutto il mondo. Per decenni, i componenti e i Sistemi MAHLE sono stati utilizzati anche sui circuiti di gara di tutto il mondo e fuori strada \u2014 in applicazioni stazionarie, per macchinari mobili, trasporto ferroviario, nonch\u00e9 applicazioni marine. <\/p>\t\t\t\t\t\t\t\t<\/div>\n\t\t\t\t<\/div>\n\t\t\t\t\t<\/div>\n\t\t<\/div>\n\t\t\t\t\t<\/div>\n\t\t<\/section>\n\t\t\t\t\t<\/div>\n\t\t<\/div>\n\t\t\t\t\t<\/div>\n\t\t<\/section>\n\t\t\t\t<\/div>\n\t\t","protected":false},"excerpt":{"rendered":"<p>Chi siamo Diamo forma alla mobilit\u00e0 futura MAHLE SmartBike Sistemi MAHLE SmartBike Sistemi realizza componenti e Sistemi per alcune delle eBike pi\u00f9 innovative al mondo. Con sede a Palencia, Spagna, la divisione bici di Mahle progetta soluzioni hardware e software per produttori di eBike, rivenditori e ciclisti. Le soluzioni innovative di MAHLE SmartBike Sistema sono [&hellip;]<\/p>\n","protected":false},"author":3,"featured_media":0,"parent":0,"menu_order":0,"comment_status":"closed","ping_status":"closed","template":"","meta":{"_acf_changed":false,"_monsterinsights_skip_tracking":false,"_monsterinsights_sitenote_active":false,"_monsterinsights_sitenote_note":"","_monsterinsights_sitenote_category":0,"footnotes":""},"class_list":["post-29066","page","type-page","status-publish","hentry"],"acf":[],"yoast_head":"<!-- This site is optimized with the Yoast SEO plugin v27.5 - https:\/\/yoast.com\/product\/yoast-seo-wordpress\/ -->\n<title>Chi siamo<\/title>\n<meta name=\"robots\" content=\"index, follow, max-snippet:-1, max-image-preview:large, max-video-preview:-1\" \/>\n<link rel=\"canonical\" href=\"https:\/\/mahle-smartbike.com\/it\/chi-siamo\/\" \/>\n<meta property=\"og:locale\" content=\"it_IT\" \/>\n<meta property=\"og:type\" content=\"article\" \/>\n<meta property=\"og:title\" content=\"Chi siamo\" \/>\n<meta property=\"og:description\" content=\"Chi siamo Diamo forma alla mobilit\u00e0 futura MAHLE SmartBike Sistemi MAHLE SmartBike Sistemi realizza componenti e Sistemi per alcune delle eBike pi\u00f9 innovative al mondo. Con sede a Palencia, Spagna, la divisione bici di Mahle progetta soluzioni hardware e software per produttori di eBike, rivenditori e ciclisti. Le soluzioni innovative di MAHLE SmartBike Sistema sono [&hellip;]\" \/>\n<meta property=\"og:url\" content=\"https:\/\/mahle-smartbike.com\/it\/chi-siamo\/\" \/>\n<meta property=\"og:site_name\" content=\"MAHLE SmartBike Systems\" \/>\n<meta property=\"article:publisher\" content=\"https:\/\/www.facebook.com\/mahlesmartbikesystems\/\" \/>\n<meta property=\"article:modified_time\" content=\"2025-08-25T14:18:25+00:00\" \/>\n<meta property=\"og:image\" content=\"https:\/\/mahle-smartbike.com\/wp-content\/uploads\/2022\/04\/MAHLE_SmartBike_Systems_about_us.jpg\" \/>\n\t<meta property=\"og:image:width\" content=\"1200\" \/>\n\t<meta property=\"og:image:height\" content=\"665\" \/>\n\t<meta property=\"og:image:type\" content=\"image\/jpeg\" \/>\n<meta name=\"twitter:card\" content=\"summary_large_image\" \/>\n<meta name=\"twitter:label1\" content=\"Tempo di lettura stimato\" \/>\n\t<meta name=\"twitter:data1\" content=\"2 minuti\" \/>\n<script type=\"application\/ld+json\" class=\"yoast-schema-graph\">{\"@context\":\"https:\\\/\\\/schema.org\",\"@graph\":[{\"@type\":\"WebPage\",\"@id\":\"https:\\\/\\\/mahle-smartbike.com\\\/it\\\/chi-siamo\\\/\",\"url\":\"https:\\\/\\\/mahle-smartbike.com\\\/it\\\/chi-siamo\\\/\",\"name\":\"Chi siamo\",\"isPartOf\":{\"@id\":\"https:\\\/\\\/mahle-smartbike.com\\\/#website\"},\"primaryImageOfPage\":{\"@id\":\"https:\\\/\\\/mahle-smartbike.com\\\/it\\\/chi-siamo\\\/#primaryimage\"},\"image\":{\"@id\":\"https:\\\/\\\/mahle-smartbike.com\\\/it\\\/chi-siamo\\\/#primaryimage\"},\"thumbnailUrl\":\"https:\\\/\\\/mahle-smartbike.com\\\/wp-content\\\/uploads\\\/2022\\\/04\\\/MAHLE_SmartBike_Systems_about_us.jpg\",\"datePublished\":\"2022-04-18T02:26:39+00:00\",\"dateModified\":\"2025-08-25T14:18:25+00:00\",\"inLanguage\":\"it-IT\",\"potentialAction\":[{\"@type\":\"ReadAction\",\"target\":[\"https:\\\/\\\/mahle-smartbike.com\\\/it\\\/chi-siamo\\\/\"]}]},{\"@type\":\"ImageObject\",\"inLanguage\":\"it-IT\",\"@id\":\"https:\\\/\\\/mahle-smartbike.com\\\/it\\\/chi-siamo\\\/#primaryimage\",\"url\":\"https:\\\/\\\/mahle-smartbike.com\\\/wp-content\\\/uploads\\\/2022\\\/04\\\/MAHLE_SmartBike_Systems_about_us.jpg\",\"contentUrl\":\"https:\\\/\\\/mahle-smartbike.com\\\/wp-content\\\/uploads\\\/2022\\\/04\\\/MAHLE_SmartBike_Systems_about_us.jpg\"},{\"@type\":\"WebSite\",\"@id\":\"https:\\\/\\\/mahle-smartbike.com\\\/#website\",\"url\":\"https:\\\/\\\/mahle-smartbike.com\\\/\",\"name\":\"MAHLE SmartBike Systems\",\"description\":\"The lightest ebike systems on the market\",\"publisher\":{\"@id\":\"https:\\\/\\\/mahle-smartbike.com\\\/#organization\"},\"potentialAction\":[{\"@type\":\"SearchAction\",\"target\":{\"@type\":\"EntryPoint\",\"urlTemplate\":\"https:\\\/\\\/mahle-smartbike.com\\\/?s={search_term_string}\"},\"query-input\":{\"@type\":\"PropertyValueSpecification\",\"valueRequired\":true,\"valueName\":\"search_term_string\"}}],\"inLanguage\":\"it-IT\"},{\"@type\":\"Organization\",\"@id\":\"https:\\\/\\\/mahle-smartbike.com\\\/#organization\",\"name\":\"MAHLE SmartBike Systems\",\"url\":\"https:\\\/\\\/mahle-smartbike.com\\\/\",\"logo\":{\"@type\":\"ImageObject\",\"inLanguage\":\"it-IT\",\"@id\":\"https:\\\/\\\/mahle-smartbike.com\\\/#\\\/schema\\\/logo\\\/image\\\/\",\"url\":\"https:\\\/\\\/mahle-smartbike.com\\\/wp-content\\\/uploads\\\/2024\\\/05\\\/MAHLE-SmartBike-Systems-Logo-1-1.jpg\",\"contentUrl\":\"https:\\\/\\\/mahle-smartbike.com\\\/wp-content\\\/uploads\\\/2024\\\/05\\\/MAHLE-SmartBike-Systems-Logo-1-1.jpg\",\"width\":1920,\"height\":1920,\"caption\":\"MAHLE SmartBike Systems\"},\"image\":{\"@id\":\"https:\\\/\\\/mahle-smartbike.com\\\/#\\\/schema\\\/logo\\\/image\\\/\"},\"sameAs\":[\"https:\\\/\\\/www.facebook.com\\\/mahlesmartbikesystems\\\/\",\"https:\\\/\\\/www.instagram.com\\\/mahle_smartbikesystems\\\/\",\"https:\\\/\\\/www.linkedin.com\\\/company\\\/mahlesmartbikesystems\\\/\",\"https:\\\/\\\/www.youtube.com\\\/channel\\\/UCgfNyF-Wtgq0WTlzsV8bDmQ\",\"https:\\\/\\\/www.strava.com\\\/clubs\\\/mahle\",\"https:\\\/\\\/www.tiktok.com\\\/@mahlesmartbikesystems\"]}]}<\/script>\n<!-- \/ Yoast SEO plugin. -->","yoast_head_json":{"title":"Chi siamo","robots":{"index":"index","follow":"follow","max-snippet":"max-snippet:-1","max-image-preview":"max-image-preview:large","max-video-preview":"max-video-preview:-1"},"canonical":"https:\/\/mahle-smartbike.com\/it\/chi-siamo\/","og_locale":"it_IT","og_type":"article","og_title":"Chi siamo","og_description":"Chi siamo Diamo forma alla mobilit\u00e0 futura MAHLE SmartBike Sistemi MAHLE SmartBike Sistemi realizza componenti e Sistemi per alcune delle eBike pi\u00f9 innovative al mondo. Con sede a Palencia, Spagna, la divisione bici di Mahle progetta soluzioni hardware e software per produttori di eBike, rivenditori e ciclisti. Le soluzioni innovative di MAHLE SmartBike Sistema sono [&hellip;]","og_url":"https:\/\/mahle-smartbike.com\/it\/chi-siamo\/","og_site_name":"MAHLE SmartBike Systems","article_publisher":"https:\/\/www.facebook.com\/mahlesmartbikesystems\/","article_modified_time":"2025-08-25T14:18:25+00:00","og_image":[{"width":1200,"height":665,"url":"https:\/\/mahle-smartbike.com\/wp-content\/uploads\/2022\/04\/MAHLE_SmartBike_Systems_about_us.jpg","type":"image\/jpeg"}],"twitter_card":"summary_large_image","twitter_misc":{"Tempo di lettura stimato":"2 minuti"},"schema":{"@context":"https:\/\/schema.org","@graph":[{"@type":"WebPage","@id":"https:\/\/mahle-smartbike.com\/it\/chi-siamo\/","url":"https:\/\/mahle-smartbike.com\/it\/chi-siamo\/","name":"Chi siamo","isPartOf":{"@id":"https:\/\/mahle-smartbike.com\/#website"},"primaryImageOfPage":{"@id":"https:\/\/mahle-smartbike.com\/it\/chi-siamo\/#primaryimage"},"image":{"@id":"https:\/\/mahle-smartbike.com\/it\/chi-siamo\/#primaryimage"},"thumbnailUrl":"https:\/\/mahle-smartbike.com\/wp-content\/uploads\/2022\/04\/MAHLE_SmartBike_Systems_about_us.jpg","datePublished":"2022-04-18T02:26:39+00:00","dateModified":"2025-08-25T14:18:25+00:00","inLanguage":"it-IT","potentialAction":[{"@type":"ReadAction","target":["https:\/\/mahle-smartbike.com\/it\/chi-siamo\/"]}]},{"@type":"ImageObject","inLanguage":"it-IT","@id":"https:\/\/mahle-smartbike.com\/it\/chi-siamo\/#primaryimage","url":"https:\/\/mahle-smartbike.com\/wp-content\/uploads\/2022\/04\/MAHLE_SmartBike_Systems_about_us.jpg","contentUrl":"https:\/\/mahle-smartbike.com\/wp-content\/uploads\/2022\/04\/MAHLE_SmartBike_Systems_about_us.jpg"},{"@type":"WebSite","@id":"https:\/\/mahle-smartbike.com\/#website","url":"https:\/\/mahle-smartbike.com\/","name":"MAHLE SmartBike Systems","description":"The lightest ebike systems on the market","publisher":{"@id":"https:\/\/mahle-smartbike.com\/#organization"},"potentialAction":[{"@type":"SearchAction","target":{"@type":"EntryPoint","urlTemplate":"https:\/\/mahle-smartbike.com\/?s={search_term_string}"},"query-input":{"@type":"PropertyValueSpecification","valueRequired":true,"valueName":"search_term_string"}}],"inLanguage":"it-IT"},{"@type":"Organization","@id":"https:\/\/mahle-smartbike.com\/#organization","name":"MAHLE SmartBike Systems","url":"https:\/\/mahle-smartbike.com\/","logo":{"@type":"ImageObject","inLanguage":"it-IT","@id":"https:\/\/mahle-smartbike.com\/#\/schema\/logo\/image\/","url":"https:\/\/mahle-smartbike.com\/wp-content\/uploads\/2024\/05\/MAHLE-SmartBike-Systems-Logo-1-1.jpg","contentUrl":"https:\/\/mahle-smartbike.com\/wp-content\/uploads\/2024\/05\/MAHLE-SmartBike-Systems-Logo-1-1.jpg","width":1920,"height":1920,"caption":"MAHLE SmartBike Systems"},"image":{"@id":"https:\/\/mahle-smartbike.com\/#\/schema\/logo\/image\/"},"sameAs":["https:\/\/www.facebook.com\/mahlesmartbikesystems\/","https:\/\/www.instagram.com\/mahle_smartbikesystems\/","https:\/\/www.linkedin.com\/company\/mahlesmartbikesystems\/","https:\/\/www.youtube.com\/channel\/UCgfNyF-Wtgq0WTlzsV8bDmQ","https:\/\/www.strava.com\/clubs\/mahle","https:\/\/www.tiktok.com\/@mahlesmartbikesystems"]}]}},"_links":{"self":[{"href":"https:\/\/mahle-smartbike.com\/it\/wp-json\/wp\/v2\/pages\/29066","targetHints":{"allow":["GET"]}}],"collection":[{"href":"https:\/\/mahle-smartbike.com\/it\/wp-json\/wp\/v2\/pages"}],"about":[{"href":"https:\/\/mahle-smartbike.com\/it\/wp-json\/wp\/v2\/types\/page"}],"author":[{"embeddable":true,"href":"https:\/\/mahle-smartbike.com\/it\/wp-json\/wp\/v2\/users\/3"}],"replies":[{"embeddable":true,"href":"https:\/\/mahle-smartbike.com\/it\/wp-json\/wp\/v2\/comments?post=29066"}],"version-history":[{"count":2,"href":"https:\/\/mahle-smartbike.com\/it\/wp-json\/wp\/v2\/pages\/29066\/revisions"}],"predecessor-version":[{"id":63990,"href":"https:\/\/mahle-smartbike.com\/it\/wp-json\/wp\/v2\/pages\/29066\/revisions\/63990"}],"wp:attachment":[{"href":"https:\/\/mahle-smartbike.com\/it\/wp-json\/wp\/v2\/media?parent=29066"}],"curies":[{"name":"wp","href":"https:\/\/api.w.org\/{rel}","templated":true}]}}